{"id":211441,"date":"2025-07-10T23:16:54","date_gmt":"2025-07-10T22:16:54","guid":{"rendered":"https:\/\/tiendapadel5.com\/?post_type=product&#038;p=211441"},"modified":"2026-03-10T13:32:43","modified_gmt":"2026-03-10T12:32:43","slug":"falda-endless-chill-black","status":"publish","type":"product","link":"https:\/\/tiendapadel5.com\/fr\/falda-endless-chill-black\/","title":{"rendered":"Falda Endless Chill Black"},"content":{"rendered":"<h2>Falda Endless Chill Black<\/h2>\n<p><strong>Caracter\u00edsticas:<\/strong><\/p>\n<p><strong>Composici\u00f3n: <\/strong>80% Poliamida 20% Elastano<\/p>\n","protected":false},"excerpt":{"rendered":"<p>La Falda Endless Chill Black, est\u00e1 dise\u00f1ada con una cintura alta que te garantiza total comodidad, permiti\u00e9ndote rendir al m\u00e1ximo en la pista. Su corte fluido estiliza tu silueta y facilita tus movimientos con gran libertad. Incluye un short interior, ligeramente m\u00e1s largo, con detalles exclusivos de Endless que lo hacen muy c\u00f3modo y original. Fabricada con poliamida europea 6.6 de excelente calidad y con la certificaci\u00f3n oficial de Lycra\u00ae, se ajusta a la perfecci\u00f3n a todos tus movimientos. Gracias a su tecnolog\u00eda multifilamentos, es capaz de absorber el sudor y eliminarlo r\u00e1pidamente, manteni\u00e9ndote seca y c\u00f3moda durante todo el juego. Adem\u00e1s, ofrece protecci\u00f3n contra los rayos solares con un factor de protecci\u00f3n UPF 50 en las zonas cubiertas por el tejido.<\/p>\n","protected":false},"featured_media":211450,"comment_status":"open","ping_status":"closed","template":"","meta":{"_joinchat":[]},"pwb-brand":[11105],"product_brand":[],"product_cat":[21,96,11108,47],"product_tag":[203,11110,11103,506],"class_list":{"0":"post-211441","1":"product","2":"type-product","3":"status-publish","4":"has-post-thumbnail","6":"pwb-brand-endless","7":"product_cat-ropa-padel","8":"product_cat-faldas","9":"product_cat-ropa-de-padel-endless","10":"product_cat-mujer","11":"product_tag-black","12":"product_tag-chill","13":"product_tag-endless","14":"product_tag-falda","15":"pa_talla-l","16":"pa_talla-m","17":"pa_talla-s","19":"first","20":"outofstock","21":"sale","22":"taxable","23":"shipping-taxable","24":"purchasable","25":"product-type-variable"},"brands":[{"id":11105,"name":"Endless","slug":"endless"}],"_links":{"self":[{"href":"https:\/\/tiendapadel5.com\/fr\/wp-json\/wp\/v2\/product\/211441","targetHints":{"allow":["GET"]}}],"collection":[{"href":"https:\/\/tiendapadel5.com\/fr\/wp-json\/wp\/v2\/product"}],"about":[{"href":"https:\/\/tiendapadel5.com\/fr\/wp-json\/wp\/v2\/types\/product"}],"replies":[{"embeddable":true,"href":"https:\/\/tiendapadel5.com\/fr\/wp-json\/wp\/v2\/comments?post=211441"}],"version-history":[{"count":0,"href":"https:\/\/tiendapadel5.com\/fr\/wp-json\/wp\/v2\/product\/211441\/revisions"}],"wp:featuredmedia":[{"embeddable":true,"href":"https:\/\/tiendapadel5.com\/fr\/wp-json\/wp\/v2\/media\/211450"}],"wp:attachment":[{"href":"https:\/\/tiendapadel5.com\/fr\/wp-json\/wp\/v2\/media?parent=211441"}],"wp:term":[{"taxonomy":"pwb-brand","embeddable":true,"href":"https:\/\/tiendapadel5.com\/fr\/wp-json\/wp\/v2\/pwb-brand?post=211441"},{"taxonomy":"product_brand","embeddable":true,"href":"https:\/\/tiendapadel5.com\/fr\/wp-json\/wp\/v2\/product_brand?post=211441"},{"taxonomy":"product_cat","embeddable":true,"href":"https:\/\/tiendapadel5.com\/fr\/wp-json\/wp\/v2\/product_cat?post=211441"},{"taxonomy":"product_tag","embeddable":true,"href":"https:\/\/tiendapadel5.com\/fr\/wp-json\/wp\/v2\/product_tag?post=211441"}],"curies":[{"name":"wp","href":"https:\/\/api.w.org\/{rel}","templated":true}]}}