{"id":211200,"date":"2025-07-09T23:59:13","date_gmt":"2025-07-09T22:59:13","guid":{"rendered":"https:\/\/tiendapadel5.com\/?post_type=product&#038;p=211200"},"modified":"2025-07-10T00:58:33","modified_gmt":"2025-07-09T23:58:33","slug":"camiseta-endless-zephyr-white","status":"publish","type":"product","link":"https:\/\/tiendapadel5.com\/fr\/camiseta-endless-zephyr-white\/","title":{"rendered":"Camiseta Endless Zephyr White"},"content":{"rendered":"<h2>Camiseta Endless Zephyr White<\/h2>\n<p><strong>Caracter\u00edsticas:<\/strong><\/p>\n<p>\u2022Espalda nadadora con panel el\u00e1stico micro-perforado que favorece la transpiraci\u00f3n y la evaporaci\u00f3n del sudor.<br \/>\n\u2022Pieza con doble tejido en el pecho que te aporta m\u00e1s comodidad y seguridad en tu juego.<br \/>\n\u2022Ajuste entallado para mantener la concentraci\u00f3n y disfrutar de una mayor libertad de movimientos.<br \/>\n\u2022Acabado con costuras planas ergon\u00f3micas para evitar inc\u00f3modas rozaduras.<br \/>\n\u2022Tacto extra-suave.<br \/>\n\u2022Se mantiene igual lavado tras lavado. Nunca pierde su color.<\/p>\n<p><strong>Composici\u00f3n:<\/strong>\u00a080% Poliamida \u2013 20% LycraSport\u00ae<\/p>\n","protected":false},"excerpt":{"rendered":"<p>La Camiseta Endless Zephyr White, fabricada con un tejido ultra-elastico de alta calidad que adapta todos tus movimientos en la pista, gracias a su tecnologia de multifilamentos que absorbe el sudor y lo saca rapidamente de la prenda para mantenerte seco y comodo mientras estas en tus partidos o entrenamientos.<\/p>\n","protected":false},"featured_media":211208,"comment_status":"open","ping_status":"closed","template":"","meta":{"_joinchat":[]},"pwb-brand":[11105],"product_brand":[],"product_cat":[21,5903,47],"product_tag":[83,11103,519,911],"class_list":{"0":"post-211200","1":"product","2":"type-product","3":"status-publish","4":"has-post-thumbnail","6":"pwb-brand-endless","7":"product_cat-ropa-padel","8":"product_cat-camisetass","9":"product_cat-mujer","10":"product_tag-camiseta","11":"product_tag-endless","12":"product_tag-white","13":"product_tag-zephyr","14":"pa_talla-m","15":"pa_talla-s","17":"first","18":"instock","19":"sale","20":"taxable","21":"shipping-taxable","22":"purchasable","23":"product-type-variable"},"brands":[{"id":11105,"name":"Endless","slug":"endless"}],"_links":{"self":[{"href":"https:\/\/tiendapadel5.com\/fr\/wp-json\/wp\/v2\/product\/211200","targetHints":{"allow":["GET"]}}],"collection":[{"href":"https:\/\/tiendapadel5.com\/fr\/wp-json\/wp\/v2\/product"}],"about":[{"href":"https:\/\/tiendapadel5.com\/fr\/wp-json\/wp\/v2\/types\/product"}],"replies":[{"embeddable":true,"href":"https:\/\/tiendapadel5.com\/fr\/wp-json\/wp\/v2\/comments?post=211200"}],"version-history":[{"count":0,"href":"https:\/\/tiendapadel5.com\/fr\/wp-json\/wp\/v2\/product\/211200\/revisions"}],"wp:featuredmedia":[{"embeddable":true,"href":"https:\/\/tiendapadel5.com\/fr\/wp-json\/wp\/v2\/media\/211208"}],"wp:attachment":[{"href":"https:\/\/tiendapadel5.com\/fr\/wp-json\/wp\/v2\/media?parent=211200"}],"wp:term":[{"taxonomy":"pwb-brand","embeddable":true,"href":"https:\/\/tiendapadel5.com\/fr\/wp-json\/wp\/v2\/pwb-brand?post=211200"},{"taxonomy":"product_brand","embeddable":true,"href":"https:\/\/tiendapadel5.com\/fr\/wp-json\/wp\/v2\/product_brand?post=211200"},{"taxonomy":"product_cat","embeddable":true,"href":"https:\/\/tiendapadel5.com\/fr\/wp-json\/wp\/v2\/product_cat?post=211200"},{"taxonomy":"product_tag","embeddable":true,"href":"https:\/\/tiendapadel5.com\/fr\/wp-json\/wp\/v2\/product_tag?post=211200"}],"curies":[{"name":"wp","href":"https:\/\/api.w.org\/{rel}","templated":true}]}}