{"id":207758,"date":"2025-06-10T11:23:14","date_gmt":"2025-06-10T10:23:14","guid":{"rendered":"https:\/\/tiendapadel5.com\/?post_type=product&#038;p=207758"},"modified":"2025-10-28T11:17:44","modified_gmt":"2025-10-28T10:17:44","slug":"tobillera-ankle-support-negro-izquierda","status":"publish","type":"product","link":"https:\/\/tiendapadel5.com\/fr\/tobillera-ankle-support-negro-izquierda\/","title":{"rendered":"Tobillera Ankle Support Negro Izquierda"},"content":{"rendered":"<h2>Tobillera Ankle Support Negro<\/h2>\n<p><strong>Caracter\u00edsticas:<\/strong><\/p>\n<ul>\n<li><strong>Estabilizaci\u00f3n del tobillo:<\/strong>\u00a0Las aplicaciones biomec\u00e1nicas mejoran la estabilidad durante los movimientos r\u00e1pidos, como saltos y cambios de direcci\u00f3n bruscos, reduciendo el riesgo de esguinces.<\/li>\n<li><strong>Efecto de vendaje:<\/strong>\u00a0La estructura envolvente de la tobillera ofrece un soporte similar al vendaje tradicional, pero con mayor comodidad y facilidad de uso.<\/li>\n<li><strong>Soporte y comodidad:<\/strong>\u00a0Las aplicaciones de silicona se adaptan perfectamente al tobillo, garantizando un confort \u00f3ptimo y reduciendo el tiempo necesario para pon\u00e9rsela en comparaci\u00f3n con los m\u00e9todos tradicionales de vendaje.<\/li>\n<li><strong>Recuperaci\u00f3n acelerada:<\/strong>\u00a0Las biocer\u00e1micas en el tejido estimulan la microcirculaci\u00f3n, favoreciendo una r\u00e1pida regeneraci\u00f3n celular, reduciendo la hinchaz\u00f3n y las inflamaciones, y acelerando la recuperaci\u00f3n post-actividad.<\/li>\n<\/ul>\n","protected":false},"excerpt":{"rendered":"<p>La Tobillera Ankle Support Negro, es el primer dise\u00f1o de tobillera biomecanica para obtener la maxima estabilidad y la maxima protecci\u00f3n deportiva.<\/p>\n","protected":false},"featured_media":207767,"comment_status":"open","ping_status":"closed","template":"","meta":{"_joinchat":[]},"pwb-brand":[10603],"product_brand":[],"product_cat":[23,10619,10604],"product_tag":[11028,10618,669,10617,11027],"class_list":{"0":"post-207758","1":"product","2":"type-product","3":"status-publish","4":"has-post-thumbnail","6":"pwb-brand-floky","7":"product_cat-accesorios-de-padel","8":"product_cat-complementos-floky","9":"product_cat-prevencion-lesiones","10":"product_tag-ankle","11":"product_tag-izquierda","12":"product_tag-negro","13":"product_tag-support","14":"product_tag-tobillera","15":"pa_talla-l-xl","16":"pa_talla-m-l","17":"pa_talla-xs-s","19":"first","20":"instock","21":"sale","22":"taxable","23":"shipping-taxable","24":"purchasable","25":"product-type-variable"},"brands":[{"id":10603,"name":"Floky","slug":"floky"}],"_links":{"self":[{"href":"https:\/\/tiendapadel5.com\/fr\/wp-json\/wp\/v2\/product\/207758","targetHints":{"allow":["GET"]}}],"collection":[{"href":"https:\/\/tiendapadel5.com\/fr\/wp-json\/wp\/v2\/product"}],"about":[{"href":"https:\/\/tiendapadel5.com\/fr\/wp-json\/wp\/v2\/types\/product"}],"replies":[{"embeddable":true,"href":"https:\/\/tiendapadel5.com\/fr\/wp-json\/wp\/v2\/comments?post=207758"}],"version-history":[{"count":0,"href":"https:\/\/tiendapadel5.com\/fr\/wp-json\/wp\/v2\/product\/207758\/revisions"}],"wp:featuredmedia":[{"embeddable":true,"href":"https:\/\/tiendapadel5.com\/fr\/wp-json\/wp\/v2\/media\/207767"}],"wp:attachment":[{"href":"https:\/\/tiendapadel5.com\/fr\/wp-json\/wp\/v2\/media?parent=207758"}],"wp:term":[{"taxonomy":"pwb-brand","embeddable":true,"href":"https:\/\/tiendapadel5.com\/fr\/wp-json\/wp\/v2\/pwb-brand?post=207758"},{"taxonomy":"product_brand","embeddable":true,"href":"https:\/\/tiendapadel5.com\/fr\/wp-json\/wp\/v2\/product_brand?post=207758"},{"taxonomy":"product_cat","embeddable":true,"href":"https:\/\/tiendapadel5.com\/fr\/wp-json\/wp\/v2\/product_cat?post=207758"},{"taxonomy":"product_tag","embeddable":true,"href":"https:\/\/tiendapadel5.com\/fr\/wp-json\/wp\/v2\/product_tag?post=207758"}],"curies":[{"name":"wp","href":"https:\/\/api.w.org\/{rel}","templated":true}]}}