{"id":196453,"date":"2025-03-08T10:32:08","date_gmt":"2025-03-08T09:32:08","guid":{"rendered":"https:\/\/tiendapadel5.com\/?post_type=product&#038;p=196453"},"modified":"2025-12-23T15:27:22","modified_gmt":"2025-12-23T14:27:22","slug":"zapatillas-wilson-rush-pro-ace-jr-2025-white-white-mauveglow","status":"publish","type":"product","link":"https:\/\/tiendapadel5.com\/fr\/zapatillas-wilson-rush-pro-ace-jr-2025-white-white-mauveglow\/","title":{"rendered":"Zapatillas Wilson Rush Pro Ace JR 2025 White\/White\/Mauveglow"},"content":{"rendered":"<h2>Zapatillas Wilson Rush Pro Ace JR 2025 White\/White\/Mauveglow<\/h2>\n<p><strong>Caracter\u00edsticas:<\/strong><\/p>\n<p><strong>Color:<\/strong> White\/White\/ Mauveglow<\/p>\n","protected":false},"excerpt":{"rendered":"<p>Las Zapatillas Wilson Rush Pro Ace JR 2025 White\/White\/Mauveglow, este calzado esta dise\u00f1ado para que los jugadores mas peque\u00f1os de la casa obtengan la mayor comodidad en la pista, ademas de tener un excelente agarre y sujecci\u00f3n de pie.<\/p>\n","protected":false},"featured_media":196482,"comment_status":"open","ping_status":"closed","template":"","meta":{"_joinchat":[]},"pwb-brand":[37],"product_brand":[],"product_cat":[22,53,444],"product_tag":[9781,10574,884,10735,176,672,519,222,300],"class_list":{"0":"post-196453","1":"product","2":"type-product","3":"status-publish","4":"has-post-thumbnail","6":"pwb-brand-wilson","7":"product_cat-zapatillas-de-padel","8":"product_cat-para-mujer","9":"product_cat-zapatillas-wilson","10":"product_tag-9781","11":"product_tag-ace","12":"product_tag-jr","13":"product_tag-mauveglow","14":"product_tag-pro","15":"product_tag-rush","16":"product_tag-white","17":"product_tag-wilson","18":"product_tag-zapatillas","19":"pa_talla-275","20":"pa_talla-36-2-3","21":"pa_talla-37-1-3","22":"pa_talla-277","23":"pa_talla-38-2-3","24":"pa_talla-39-1-3","25":"pa_talla-279","27":"first","28":"instock","29":"sale","30":"taxable","31":"shipping-taxable","32":"purchasable","33":"product-type-variable","34":"has-default-attributes"},"brands":[{"id":37,"name":"Wilson","slug":"wilson"}],"_links":{"self":[{"href":"https:\/\/tiendapadel5.com\/fr\/wp-json\/wp\/v2\/product\/196453","targetHints":{"allow":["GET"]}}],"collection":[{"href":"https:\/\/tiendapadel5.com\/fr\/wp-json\/wp\/v2\/product"}],"about":[{"href":"https:\/\/tiendapadel5.com\/fr\/wp-json\/wp\/v2\/types\/product"}],"replies":[{"embeddable":true,"href":"https:\/\/tiendapadel5.com\/fr\/wp-json\/wp\/v2\/comments?post=196453"}],"version-history":[{"count":0,"href":"https:\/\/tiendapadel5.com\/fr\/wp-json\/wp\/v2\/product\/196453\/revisions"}],"wp:featuredmedia":[{"embeddable":true,"href":"https:\/\/tiendapadel5.com\/fr\/wp-json\/wp\/v2\/media\/196482"}],"wp:attachment":[{"href":"https:\/\/tiendapadel5.com\/fr\/wp-json\/wp\/v2\/media?parent=196453"}],"wp:term":[{"taxonomy":"pwb-brand","embeddable":true,"href":"https:\/\/tiendapadel5.com\/fr\/wp-json\/wp\/v2\/pwb-brand?post=196453"},{"taxonomy":"product_brand","embeddable":true,"href":"https:\/\/tiendapadel5.com\/fr\/wp-json\/wp\/v2\/product_brand?post=196453"},{"taxonomy":"product_cat","embeddable":true,"href":"https:\/\/tiendapadel5.com\/fr\/wp-json\/wp\/v2\/product_cat?post=196453"},{"taxonomy":"product_tag","embeddable":true,"href":"https:\/\/tiendapadel5.com\/fr\/wp-json\/wp\/v2\/product_tag?post=196453"}],"curies":[{"name":"wp","href":"https:\/\/api.w.org\/{rel}","templated":true}]}}