{"id":195930,"date":"2025-03-03T01:30:21","date_gmt":"2025-03-03T00:30:21","guid":{"rendered":"https:\/\/tiendapadel5.com\/nox-ml-10-pro-cup-silver-by-miguel-lamperti-2025\/"},"modified":"2025-03-03T01:30:21","modified_gmt":"2025-03-03T00:30:21","slug":"nox-ml-10-pro-cup-silver-by-miguel-lamperti-2025","status":"publish","type":"product","link":"https:\/\/tiendapadel5.com\/fr\/nox-ml-10-pro-cup-silver-by-miguel-lamperti-2025\/","title":{"rendered":"Nox ML 10 Pro Cup Silver By Miguel Lamperti 2025"},"content":{"rendered":"<h2>Nox ML 10 Pro Cup Silver By Miguel Lamperti 2025<\/h2>\n<p><strong>Caract\u00e9ristiques :<\/strong><\/p>\n<ul>\n<li><strong>Forme : <\/strong>Ronde<\/li>\n<li><strong>\u00c9paisseur : <\/strong>38 mm<\/li>\n<li><strong>Poids : <\/strong>360-375 grammes<\/li>\n<li><strong>Noyau : <\/strong>HR3<\/li>\n<li><strong>Cadre : <\/strong>carbone<\/li>\n<li><strong>Face : <\/strong>Fibre de verre argent<\/li>\n<li><strong>Contr\u00f4le : <\/strong>95\/100<\/li>\n<li><strong>Puissance : <\/strong>85\/10<\/li>\n<\/ul>\n","protected":false},"excerpt":{"rendered":"<p>La raquette Nox ML 10 Pro Cup Silver By Miguel Lamperti 2025 est con\u00e7ue pour tous les types de joueurs \u00e0 la recherche d&rsquo;une raquette l\u00e9g\u00e8re, confortable, solide, puissante et durable.<\/p>\n","protected":false},"featured_media":195543,"comment_status":"open","ping_status":"closed","template":"","meta":{"_joinchat":[]},"pwb-brand":[34],"product_brand":[],"product_cat":[19,9783,412],"product_tag":[9781,175,139,1094,220,130,1146,176,177],"class_list":{"0":"post-195930","1":"product","2":"type-product","3":"status-publish","4":"has-post-thumbnail","6":"pwb-brand-nox","7":"product_cat-palas-padel","8":"product_cat-9783","9":"product_cat-nox","10":"product_tag-9781","11":"product_tag-silver","12":"product_tag-lamperti","13":"product_tag-miguel","14":"product_tag-ml10","15":"product_tag-nox","16":"product_tag-by","17":"product_tag-pro","18":"product_tag-cup","19":"pa_forma-redonda","20":"pa_marco-fibra-de-vidrio","21":"pa_nivel-de-juego-intermedio","22":"pa_tipo-de-juego-control","24":"first","25":"outofstock","26":"sale","27":"taxable","28":"shipping-taxable","29":"purchasable","30":"product-type-simple"},"brands":[{"id":34,"name":"Nox","slug":"nox"}],"_links":{"self":[{"href":"https:\/\/tiendapadel5.com\/fr\/wp-json\/wp\/v2\/product\/195930","targetHints":{"allow":["GET"]}}],"collection":[{"href":"https:\/\/tiendapadel5.com\/fr\/wp-json\/wp\/v2\/product"}],"about":[{"href":"https:\/\/tiendapadel5.com\/fr\/wp-json\/wp\/v2\/types\/product"}],"replies":[{"embeddable":true,"href":"https:\/\/tiendapadel5.com\/fr\/wp-json\/wp\/v2\/comments?post=195930"}],"version-history":[{"count":0,"href":"https:\/\/tiendapadel5.com\/fr\/wp-json\/wp\/v2\/product\/195930\/revisions"}],"wp:featuredmedia":[{"embeddable":true,"href":"https:\/\/tiendapadel5.com\/fr\/wp-json\/wp\/v2\/media\/195543"}],"wp:attachment":[{"href":"https:\/\/tiendapadel5.com\/fr\/wp-json\/wp\/v2\/media?parent=195930"}],"wp:term":[{"taxonomy":"pwb-brand","embeddable":true,"href":"https:\/\/tiendapadel5.com\/fr\/wp-json\/wp\/v2\/pwb-brand?post=195930"},{"taxonomy":"product_brand","embeddable":true,"href":"https:\/\/tiendapadel5.com\/fr\/wp-json\/wp\/v2\/product_brand?post=195930"},{"taxonomy":"product_cat","embeddable":true,"href":"https:\/\/tiendapadel5.com\/fr\/wp-json\/wp\/v2\/product_cat?post=195930"},{"taxonomy":"product_tag","embeddable":true,"href":"https:\/\/tiendapadel5.com\/fr\/wp-json\/wp\/v2\/product_tag?post=195930"}],"curies":[{"name":"wp","href":"https:\/\/api.w.org\/{rel}","templated":true}]}}