{"id":195890,"date":"2025-03-02T17:28:34","date_gmt":"2025-03-02T16:28:34","guid":{"rendered":"https:\/\/tiendapadel5.com\/nox-future-attack-12k-alum-2025\/"},"modified":"2025-03-02T17:28:34","modified_gmt":"2025-03-02T16:28:34","slug":"nox-future-attack-12k-alum-2025","status":"publish","type":"product","link":"https:\/\/tiendapadel5.com\/fr\/nox-future-attack-12k-alum-2025\/","title":{"rendered":"Nox Future Attack 12k Alum 2025"},"content":{"rendered":"<h2>Nox Future Attack 12k Alum 2025<\/h2>\n<p><strong>Caract\u00e9ristiques :<\/strong><\/p>\n<ul>\n<li><strong>POIDS<\/strong>: 360 &#8211; 375G<\/li>\n<li><strong>LARGEUR<\/strong>: 38MM<\/li>\n<li><strong>CADRE<\/strong>: Carbone<\/li>\n<li><strong>CORE<\/strong>: EV50<\/li>\n<li><strong>FACE<\/strong>: Carbone Alum 12K<\/li>\n<li><strong>SURFACE<\/strong>: Motif exclusif SPIN 3D et motif de sable rugueux<\/li>\n<li><strong>FORME<\/strong>: Diamant<\/li>\n<li><strong>PUISSANCE<\/strong>: 95\/100<\/li>\n<li><strong>CONTR\u00d4LE<\/strong>: 95\/100<\/li>\n<\/ul>\n","protected":false},"excerpt":{"rendered":"<p>Le Nox Future Attack 12k Alum 2025 est con\u00e7u pour les joueurs avanc\u00e9s qui recherchent une performance d&rsquo;\u00e9lite, puissante et compl\u00e8te sur tous vos coups.<\/p>\n","protected":false},"featured_media":195275,"comment_status":"open","ping_status":"closed","template":"","meta":{"_joinchat":[]},"pwb-brand":[34],"product_brand":[],"product_cat":[19,9783,412],"product_tag":[212,9781,9897,202,7010,130],"class_list":{"0":"post-195890","1":"product","2":"type-product","3":"status-publish","4":"has-post-thumbnail","6":"pwb-brand-nox","7":"product_cat-palas-padel","8":"product_cat-9783","9":"product_cat-nox","10":"product_tag-12k","11":"product_tag-9781","12":"product_tag-alum","13":"product_tag-attack","14":"product_tag-future","15":"product_tag-nox","16":"pa_forma-diamante","17":"pa_marco-fibra-de-carbono","18":"pa_nivel-de-juego-avanzado-profesional","19":"pa_tipo-de-juego-potencia","21":"first","22":"instock","23":"sale","24":"taxable","25":"shipping-taxable","26":"purchasable","27":"product-type-simple"},"brands":[{"id":34,"name":"Nox","slug":"nox"}],"_links":{"self":[{"href":"https:\/\/tiendapadel5.com\/fr\/wp-json\/wp\/v2\/product\/195890","targetHints":{"allow":["GET"]}}],"collection":[{"href":"https:\/\/tiendapadel5.com\/fr\/wp-json\/wp\/v2\/product"}],"about":[{"href":"https:\/\/tiendapadel5.com\/fr\/wp-json\/wp\/v2\/types\/product"}],"replies":[{"embeddable":true,"href":"https:\/\/tiendapadel5.com\/fr\/wp-json\/wp\/v2\/comments?post=195890"}],"version-history":[{"count":0,"href":"https:\/\/tiendapadel5.com\/fr\/wp-json\/wp\/v2\/product\/195890\/revisions"}],"wp:featuredmedia":[{"embeddable":true,"href":"https:\/\/tiendapadel5.com\/fr\/wp-json\/wp\/v2\/media\/195275"}],"wp:attachment":[{"href":"https:\/\/tiendapadel5.com\/fr\/wp-json\/wp\/v2\/media?parent=195890"}],"wp:term":[{"taxonomy":"pwb-brand","embeddable":true,"href":"https:\/\/tiendapadel5.com\/fr\/wp-json\/wp\/v2\/pwb-brand?post=195890"},{"taxonomy":"product_brand","embeddable":true,"href":"https:\/\/tiendapadel5.com\/fr\/wp-json\/wp\/v2\/product_brand?post=195890"},{"taxonomy":"product_cat","embeddable":true,"href":"https:\/\/tiendapadel5.com\/fr\/wp-json\/wp\/v2\/product_cat?post=195890"},{"taxonomy":"product_tag","embeddable":true,"href":"https:\/\/tiendapadel5.com\/fr\/wp-json\/wp\/v2\/product_tag?post=195890"}],"curies":[{"name":"wp","href":"https:\/\/api.w.org\/{rel}","templated":true}]}}