{"id":195866,"date":"2025-03-02T22:25:07","date_gmt":"2025-03-02T21:25:07","guid":{"rendered":"https:\/\/tiendapadel5.com\/nox-future-control-12k-alum-2025\/"},"modified":"2025-03-02T22:25:07","modified_gmt":"2025-03-02T21:25:07","slug":"nox-future-control-12k-alum-2025","status":"publish","type":"product","link":"https:\/\/tiendapadel5.com\/fr\/nox-future-control-12k-alum-2025\/","title":{"rendered":"Nox Future Control 12k Alum 2025"},"content":{"rendered":"<h2>Nox Future Control 12k Alum 2025<\/h2>\n<p><strong>Caract\u00e9ristiques :<\/strong><\/p>\n<ul>\n<li><strong>POIDS<\/strong>: 360 &#8211; 375G<\/li>\n<li><strong>LARGEUR<\/strong>: 38MM<\/li>\n<li><strong>CADRE<\/strong>: Carbone<\/li>\n<li><strong>CORE<\/strong>: EV50<\/li>\n<li><strong>FACE<\/strong>: Carbone Alum 12K<\/li>\n<li><strong>SURFACE<\/strong>: Motif exclusif SPIN 3D et<br \/>\nMotif de sable rugueux<\/li>\n<li><strong>FORME<\/strong>: Ronde<\/li>\n<li><strong>POUVOIR<\/strong>: 90\/100<\/li>\n<li><strong>CONTR\u00d4LE<\/strong>: 100\/100<\/li>\n<\/ul>\n","protected":false},"excerpt":{"rendered":"<p>La raquette Nox Future Control 12k Alum 2025, con\u00e7ue pour les joueurs avanc\u00e9s qui veulent construire chaque point avec patience et strat\u00e9gie. Gr\u00e2ce \u00e0 son incroyable combinaison de pr\u00e9cision, d&rsquo;intelligence et de contr\u00f4le. <\/p>\n","protected":false},"featured_media":195350,"comment_status":"open","ping_status":"closed","template":"","meta":{"_joinchat":[]},"pwb-brand":[34],"product_brand":[],"product_cat":[19,9783,412],"product_tag":[212,9781,9897,146,7010,130],"class_list":{"0":"post-195866","1":"product","2":"type-product","3":"status-publish","4":"has-post-thumbnail","6":"pwb-brand-nox","7":"product_cat-palas-padel","8":"product_cat-9783","9":"product_cat-nox","10":"product_tag-12k","11":"product_tag-9781","12":"product_tag-alum","13":"product_tag-control","14":"product_tag-future","15":"product_tag-nox","16":"pa_forma-redonda","17":"pa_marco-fibra-de-carbono","18":"pa_nivel-de-juego-avanzado-profesional","19":"pa_tipo-de-juego-control","21":"first","22":"instock","23":"sale","24":"taxable","25":"shipping-taxable","26":"purchasable","27":"product-type-simple"},"brands":[{"id":34,"name":"Nox","slug":"nox"}],"_links":{"self":[{"href":"https:\/\/tiendapadel5.com\/fr\/wp-json\/wp\/v2\/product\/195866","targetHints":{"allow":["GET"]}}],"collection":[{"href":"https:\/\/tiendapadel5.com\/fr\/wp-json\/wp\/v2\/product"}],"about":[{"href":"https:\/\/tiendapadel5.com\/fr\/wp-json\/wp\/v2\/types\/product"}],"replies":[{"embeddable":true,"href":"https:\/\/tiendapadel5.com\/fr\/wp-json\/wp\/v2\/comments?post=195866"}],"version-history":[{"count":0,"href":"https:\/\/tiendapadel5.com\/fr\/wp-json\/wp\/v2\/product\/195866\/revisions"}],"wp:featuredmedia":[{"embeddable":true,"href":"https:\/\/tiendapadel5.com\/fr\/wp-json\/wp\/v2\/media\/195350"}],"wp:attachment":[{"href":"https:\/\/tiendapadel5.com\/fr\/wp-json\/wp\/v2\/media?parent=195866"}],"wp:term":[{"taxonomy":"pwb-brand","embeddable":true,"href":"https:\/\/tiendapadel5.com\/fr\/wp-json\/wp\/v2\/pwb-brand?post=195866"},{"taxonomy":"product_brand","embeddable":true,"href":"https:\/\/tiendapadel5.com\/fr\/wp-json\/wp\/v2\/product_brand?post=195866"},{"taxonomy":"product_cat","embeddable":true,"href":"https:\/\/tiendapadel5.com\/fr\/wp-json\/wp\/v2\/product_cat?post=195866"},{"taxonomy":"product_tag","embeddable":true,"href":"https:\/\/tiendapadel5.com\/fr\/wp-json\/wp\/v2\/product_tag?post=195866"}],"curies":[{"name":"wp","href":"https:\/\/api.w.org\/{rel}","templated":true}]}}