{"id":195779,"date":"2025-02-14T17:38:12","date_gmt":"2025-02-14T16:38:12","guid":{"rendered":"https:\/\/tiendapadel5.com\/set-platinum-wolf-power\/"},"modified":"2025-02-14T17:38:12","modified_gmt":"2025-02-14T16:38:12","slug":"set-platinum-wolf-power","status":"publish","type":"product","link":"https:\/\/tiendapadel5.com\/fr\/set-platinum-wolf-power\/","title":{"rendered":"Set Platinum Wolf Power"},"content":{"rendered":"<h2>Set Platinum Wolf Power<\/h2>\n<p><strong>Caract\u00e9ristiques :<\/strong><\/p>\n<ul>\n<li><strong>2 couches de carbone<\/strong>: Carbon 15 Silver et 3K, garantissant une plus grande durabilit\u00e9 et performance.<\/li>\n<li><strong>Raquette \u00e0 forte puissance<\/strong>: Con\u00e7ue pour les joueurs agressifs \u00e0 la recherche de coups d\u00e9cisifs.<\/li>\n<li><strong>Finition mate et 3D<\/strong>: offre un style sophistiqu\u00e9 et un meilleur contact avec la balle.<\/li>\n<li><strong>Hybride<\/strong>: \u00e9quilibre parfait entre puissance et contr\u00f4le.<\/li>\n<li><strong>Poids<\/strong>: 360-370 grammes, id\u00e9al pour une manipulation agile et pr\u00e9cise.<\/li>\n<\/ul>\n","protected":false},"excerpt":{"rendered":"<p>La raquette Set Platinum Wolf Power est destin\u00e9e aux joueurs avanc\u00e9s qui recherchent un maximum de puissance dans tous leurs coups. Cette raquette a \u00e9t\u00e9 choisie par le joueur de padel de premier plan Sanyo Gutierrez. <\/p>\n","protected":false},"featured_media":192852,"comment_status":"open","ping_status":"closed","template":"","meta":{"_joinchat":[]},"pwb-brand":[],"product_brand":[],"product_cat":[10591,19,9783],"product_tag":[10586,953,10587,189],"class_list":{"0":"post-195779","1":"product","2":"type-product","3":"status-publish","4":"has-post-thumbnail","6":"product_cat-set","7":"product_cat-palas-padel","8":"product_cat-9783","9":"product_tag-set","10":"product_tag-wolf","11":"product_tag-platinum","12":"product_tag-power","13":"pa_forma-diamante","14":"pa_marco-fibra-de-carbono","15":"pa_nivel-de-juego-avanzado-profesional","16":"pa_tipo-de-juego-potencia","18":"first","19":"instock","20":"sale","21":"taxable","22":"shipping-taxable","23":"purchasable","24":"product-type-simple"},"brands":[],"_links":{"self":[{"href":"https:\/\/tiendapadel5.com\/fr\/wp-json\/wp\/v2\/product\/195779","targetHints":{"allow":["GET"]}}],"collection":[{"href":"https:\/\/tiendapadel5.com\/fr\/wp-json\/wp\/v2\/product"}],"about":[{"href":"https:\/\/tiendapadel5.com\/fr\/wp-json\/wp\/v2\/types\/product"}],"replies":[{"embeddable":true,"href":"https:\/\/tiendapadel5.com\/fr\/wp-json\/wp\/v2\/comments?post=195779"}],"version-history":[{"count":0,"href":"https:\/\/tiendapadel5.com\/fr\/wp-json\/wp\/v2\/product\/195779\/revisions"}],"wp:featuredmedia":[{"embeddable":true,"href":"https:\/\/tiendapadel5.com\/fr\/wp-json\/wp\/v2\/media\/192852"}],"wp:attachment":[{"href":"https:\/\/tiendapadel5.com\/fr\/wp-json\/wp\/v2\/media?parent=195779"}],"wp:term":[{"taxonomy":"pwb-brand","embeddable":true,"href":"https:\/\/tiendapadel5.com\/fr\/wp-json\/wp\/v2\/pwb-brand?post=195779"},{"taxonomy":"product_brand","embeddable":true,"href":"https:\/\/tiendapadel5.com\/fr\/wp-json\/wp\/v2\/product_brand?post=195779"},{"taxonomy":"product_cat","embeddable":true,"href":"https:\/\/tiendapadel5.com\/fr\/wp-json\/wp\/v2\/product_cat?post=195779"},{"taxonomy":"product_tag","embeddable":true,"href":"https:\/\/tiendapadel5.com\/fr\/wp-json\/wp\/v2\/product_tag?post=195779"}],"curies":[{"name":"wp","href":"https:\/\/api.w.org\/{rel}","templated":true}]}}