{"id":188918,"date":"2024-12-12T12:29:11","date_gmt":"2024-12-12T11:29:11","guid":{"rendered":"https:\/\/tiendapadel5.com\/vibor-a-yarara-1k-limited-edition-2024\/"},"modified":"2024-12-12T12:29:11","modified_gmt":"2024-12-12T11:29:11","slug":"vibor-a-yarara-1k-limited-edition-2024","status":"publish","type":"product","link":"https:\/\/tiendapadel5.com\/fr\/vibor-a-yarara-1k-limited-edition-2024\/","title":{"rendered":"Vibor-a Yarara 1K Limited Edition 2024"},"content":{"rendered":"<h2>Vibor-a Yarara 1K Limited Edition 2024<\/h2>\n<p><strong>Caract\u00e9ristiques :<\/strong><\/p>\n<p><strong>Forme :<\/strong> Goutte d&rsquo;eau<\/p>\n<p><strong>Face :<\/strong> Carbone 1K Plus<\/p>\n<p><strong>Cadre :<\/strong> carbone<\/p>\n<p><strong>Niveau de jeu :<\/strong> Avanc\u00e9<\/p>\n<p><strong>Noyau :<\/strong> EVA noir<\/p>\n<p><strong>Type de jeu :<\/strong> Contr\u00f4le<\/p>\n<p><strong>Poids :<\/strong> 360 &#8211; 375 grammes <strong>Profil :<\/strong> 38mm<\/p>\n<p><strong>Surface :<\/strong> lisse<\/p>\n","protected":false},"excerpt":{"rendered":"<p>Vibor-a Yarara 1K Limited Edition 2024La , con\u00e7ue pour les joueurs \u00e0 la recherche d&rsquo;une raquette en forme de goutte d&rsquo;eau avec un \u00e9quilibre moyen et une zone de frappe tr\u00e8s large.<\/p>\n","protected":false},"featured_media":180021,"comment_status":"open","ping_status":"closed","template":"","meta":{"_joinchat":[]},"pwb-brand":[36],"product_brand":[],"product_cat":[5747,2703,2775],"product_tag":[10562,5788,2777,2856,2776,2779],"class_list":{"0":"post-188918","1":"product","2":"type-product","3":"status-publish","4":"has-post-thumbnail","6":"pwb-brand-vibor-a","7":"product_cat-balles-de-padel-2024","8":"product_cat-raquettes-de-padel","9":"product_cat-vibor-a-fr","10":"product_tag-1k-fr","11":"product_tag-2024-fr","12":"product_tag-edition-fr","13":"product_tag-limite","14":"product_tag-vibor-a-fr","15":"product_tag-yarara-fr","16":"pa_forma-lagrima","17":"pa_marco-fibra-de-carbono","18":"pa_nivel-de-juego-avanzado-profesional","19":"pa_tipo-de-juego-polivalente","21":"first","22":"instock","23":"sale","24":"taxable","25":"shipping-taxable","26":"purchasable","27":"product-type-simple"},"brands":[{"id":36,"name":"V\u00edbor-a","slug":"vibor-a"}],"_links":{"self":[{"href":"https:\/\/tiendapadel5.com\/fr\/wp-json\/wp\/v2\/product\/188918","targetHints":{"allow":["GET"]}}],"collection":[{"href":"https:\/\/tiendapadel5.com\/fr\/wp-json\/wp\/v2\/product"}],"about":[{"href":"https:\/\/tiendapadel5.com\/fr\/wp-json\/wp\/v2\/types\/product"}],"replies":[{"embeddable":true,"href":"https:\/\/tiendapadel5.com\/fr\/wp-json\/wp\/v2\/comments?post=188918"}],"version-history":[{"count":0,"href":"https:\/\/tiendapadel5.com\/fr\/wp-json\/wp\/v2\/product\/188918\/revisions"}],"wp:featuredmedia":[{"embeddable":true,"href":"https:\/\/tiendapadel5.com\/fr\/wp-json\/wp\/v2\/media\/180021"}],"wp:attachment":[{"href":"https:\/\/tiendapadel5.com\/fr\/wp-json\/wp\/v2\/media?parent=188918"}],"wp:term":[{"taxonomy":"pwb-brand","embeddable":true,"href":"https:\/\/tiendapadel5.com\/fr\/wp-json\/wp\/v2\/pwb-brand?post=188918"},{"taxonomy":"product_brand","embeddable":true,"href":"https:\/\/tiendapadel5.com\/fr\/wp-json\/wp\/v2\/product_brand?post=188918"},{"taxonomy":"product_cat","embeddable":true,"href":"https:\/\/tiendapadel5.com\/fr\/wp-json\/wp\/v2\/product_cat?post=188918"},{"taxonomy":"product_tag","embeddable":true,"href":"https:\/\/tiendapadel5.com\/fr\/wp-json\/wp\/v2\/product_tag?post=188918"}],"curies":[{"name":"wp","href":"https:\/\/api.w.org\/{rel}","templated":true}]}}