{"id":188826,"date":"2024-12-20T18:32:21","date_gmt":"2024-12-20T17:32:21","guid":{"rendered":"https:\/\/tiendapadel5.com\/adidas-cross-it-3-4-2025\/"},"modified":"2026-03-04T03:35:07","modified_gmt":"2026-03-04T02:35:07","slug":"adidas-cross-it-3-4-2025","status":"publish","type":"product","link":"https:\/\/tiendapadel5.com\/fr\/adidas-cross-it-3-4-2025\/","title":{"rendered":"Adidas Cross It 3.4 2025"},"content":{"rendered":"<h2>Adidas Cross It 3.4 2025<\/h2>\n<p><strong>Caract\u00e9ristiques :<\/strong><\/p>\n<p><strong><label class=\"label\">Niveau :<\/label><\/strong> PRO<\/p>\n<p><i class=\"fa fa-check\"><\/i> <strong> <label class=\"label\">Type de jeu :<\/label> <\/strong>Attaque<\/p>\n<p><i class=\"fa fa-check\"><\/i> <strong> <label class=\"label\">Forme :<\/label><\/strong> Diamant surdimensionn\u00e9<\/p>\n<p><i class=\"fa fa-check\"><\/i> <strong> <label class=\"label\">\u00c9quilibre :<\/label> <\/strong>Head Lourd<\/p>\n<p><i class=\"fa fa-check\"><\/i> <strong> <label class=\"label\">Poids :<\/label><\/strong> 360-375gr<\/p>\n<p><i class=\"fa fa-check\"><\/i> <strong> <label class=\"label\">Longueur :<\/label> <\/strong>455 mm<\/p>\n<p><i class=\"fa fa-check\"><\/i> <strong> <label class=\"label\">\u00c9paisseur :<\/label><\/strong> 38 mm<\/p>\n<p><i class=\"fa fa-check\"><\/i> <strong> <label class=\"label\">Protecteur :<\/label><\/strong> Ruban protecteur 3M<\/p>\n<p><i class=\"fa fa-check\"><\/i> <strong> <label class=\"label\">Caoutchouc :<\/label><\/strong> Haute m\u00e9moire<\/p>\n<p><i class=\"fa fa-check\"><\/i> <strong> <label class=\"label\">Fibre :<\/label> <\/strong>Carbone alumin\u00e9 15k<\/p>\n<p><i class=\"fa fa-check\"><\/i> <strong> <label class=\"label\">Durabilit\u00e9 :<\/label><\/strong> Renforcement structurel<\/p>\n<p><i class=\"fa fa-check\"><\/i> <strong> <label class=\"label\">Effets :<\/label><\/strong> Moisissure de la lame tournante<\/p>\n<p><i class=\"fa fa-check\"><\/i> <strong> <label class=\"label\">Effets 2 :<\/label><\/strong> Courbe des trous intelligents<\/p>\n<p><i class=\"fa fa-check\"><\/i> <strong> <label class=\"label\">Mod\u00e8le :<\/label><\/strong> Cross It<\/p>\n<p><i class=\"fa fa-check\"><\/i> <strong> <label class=\"label\">Collection :<\/label> <\/strong>2025<\/p>\n<p><i class=\"fa fa-check\"><\/i> <strong> <label class=\"label\">L&rsquo;endroit id\u00e9al :<\/label><\/strong> Haut de la page<\/p>\n<p><i class=\"fa fa-check\"><\/i> <strong> <label class=\"label\">Puissance 1 :<\/label> <\/strong>D\u00e9bit d&rsquo;air dynamique<\/p>\n<p><i class=\"fa fa-check\"><\/i> <strong> <label class=\"label\">Puissance 2 :<\/label><\/strong> EGP (Extra Power Grip)<\/p>\n<p><i class=\"fa fa-check\"><\/i> <strong> <label class=\"label\">Durabilit\u00e9 2 :<\/label><\/strong> 11 Treize<\/p>\n","protected":false},"excerpt":{"rendered":"<p>Adidas Cross It 3.4 2025La , est une raquette qui augmente la puissance de chaque coup, gr\u00e2ce \u00e0 son \u00e9quilibre et \u00e0 sa dynamique.<\/p>\n","protected":false},"featured_media":181939,"comment_status":"open","ping_status":"closed","template":"","meta":{"_joinchat":[]},"pwb-brand":[28],"product_brand":[],"product_cat":[19,9783,406],"product_tag":[9781,10271,143,6015,6016],"class_list":{"0":"post-188826","1":"product","2":"type-product","3":"status-publish","4":"has-post-thumbnail","6":"pwb-brand-adidas-padel","7":"product_cat-palas-padel","8":"product_cat-9783","9":"product_cat-adidas","10":"product_tag-9781","11":"product_tag-3-4","12":"product_tag-adidas","13":"product_tag-cross","14":"product_tag-it","15":"pa_forma-diamante","16":"pa_marco-fibra-de-carbono","17":"pa_nivel-de-juego-avanzado-profesional","18":"pa_tipo-de-juego-potencia","20":"first","21":"instock","22":"sale","23":"taxable","24":"shipping-taxable","25":"purchasable","26":"product-type-simple"},"brands":[{"id":28,"name":"Adidas Padel","slug":"adidas-padel"}],"_links":{"self":[{"href":"https:\/\/tiendapadel5.com\/fr\/wp-json\/wp\/v2\/product\/188826","targetHints":{"allow":["GET"]}}],"collection":[{"href":"https:\/\/tiendapadel5.com\/fr\/wp-json\/wp\/v2\/product"}],"about":[{"href":"https:\/\/tiendapadel5.com\/fr\/wp-json\/wp\/v2\/types\/product"}],"replies":[{"embeddable":true,"href":"https:\/\/tiendapadel5.com\/fr\/wp-json\/wp\/v2\/comments?post=188826"}],"version-history":[{"count":0,"href":"https:\/\/tiendapadel5.com\/fr\/wp-json\/wp\/v2\/product\/188826\/revisions"}],"wp:featuredmedia":[{"embeddable":true,"href":"https:\/\/tiendapadel5.com\/fr\/wp-json\/wp\/v2\/media\/181939"}],"wp:attachment":[{"href":"https:\/\/tiendapadel5.com\/fr\/wp-json\/wp\/v2\/media?parent=188826"}],"wp:term":[{"taxonomy":"pwb-brand","embeddable":true,"href":"https:\/\/tiendapadel5.com\/fr\/wp-json\/wp\/v2\/pwb-brand?post=188826"},{"taxonomy":"product_brand","embeddable":true,"href":"https:\/\/tiendapadel5.com\/fr\/wp-json\/wp\/v2\/product_brand?post=188826"},{"taxonomy":"product_cat","embeddable":true,"href":"https:\/\/tiendapadel5.com\/fr\/wp-json\/wp\/v2\/product_cat?post=188826"},{"taxonomy":"product_tag","embeddable":true,"href":"https:\/\/tiendapadel5.com\/fr\/wp-json\/wp\/v2\/product_tag?post=188826"}],"curies":[{"name":"wp","href":"https:\/\/api.w.org\/{rel}","templated":true}]}}