{"id":188750,"date":"2024-12-17T19:37:32","date_gmt":"2024-12-17T18:37:32","guid":{"rendered":"https:\/\/tiendapadel5.com\/bullpadel-ionic-control-2025\/"},"modified":"2025-04-03T13:55:51","modified_gmt":"2025-04-03T12:55:51","slug":"bullpadel-ionic-control-2025","status":"publish","type":"product","link":"https:\/\/tiendapadel5.com\/fr\/bullpadel-ionic-control-2025\/","title":{"rendered":"Bullpadel Ionic Control 2025"},"content":{"rendered":"<h2>Bullpadel Ionic Control 2025<\/h2>\n<p><strong>Caract\u00e9ristiques :<\/strong><\/p>\n<p><strong>Poids approximatif :<\/strong> 365-375 GRS.<br \/>\n<strong>Profil :<\/strong> 38 MM<br \/>\n<strong>\u00c9quilibre :<\/strong> faible<br \/>\n<strong>Forme : <\/strong>Ronde<br \/>\n<strong>Noyau externe :<\/strong> Glaphite<br \/>\n<strong>Noyau interne :<\/strong> Multieva<br \/>\n<strong>Protecteur :<\/strong> Non<br \/>\n<strong>Joueur :<\/strong> Avanc\u00e9<br \/>\n<strong>Puissance\/Contr\u00f4le :<\/strong> 80\/90 <strong>Technologies :<\/strong> Multieva \/ Glaphite \/ Ionic \/ XForce \/ Carbon Tube \/ 3D Grain<\/p>\n","protected":false},"excerpt":{"rendered":"<p>Bullpadel Ionic Control 2025 Il s&rsquo;agit d&rsquo;une raquette destin\u00e9e aux joueurs avanc\u00e9s qui recherchent une raquette tr\u00e8s maniable, avec une forme ronde et un faible \u00e9quilibre pour am\u00e9liorer leur contr\u00f4le sur le court.<\/p>\n","protected":false},"featured_media":181129,"comment_status":"open","ping_status":"closed","template":"","meta":{"_joinchat":[]},"pwb-brand":[31],"product_brand":[],"product_cat":[19,9783,409],"product_tag":[9781,319,146,1325],"class_list":{"0":"post-188750","1":"product","2":"type-product","3":"status-publish","4":"has-post-thumbnail","6":"pwb-brand-bullpadel","7":"product_cat-palas-padel","8":"product_cat-9783","9":"product_cat-bullpadel","10":"product_tag-9781","11":"product_tag-bullpadel","12":"product_tag-control","13":"product_tag-ionic","14":"pa_forma-redonda","15":"pa_marco-fibra-de-carbono","16":"pa_nivel-de-juego-avanzado-profesional","17":"pa_tipo-de-juego-control","19":"first","20":"instock","21":"sale","22":"taxable","23":"shipping-taxable","24":"product-type-simple"},"brands":[{"id":31,"name":"Bullpadel","slug":"bullpadel"}],"_links":{"self":[{"href":"https:\/\/tiendapadel5.com\/fr\/wp-json\/wp\/v2\/product\/188750","targetHints":{"allow":["GET"]}}],"collection":[{"href":"https:\/\/tiendapadel5.com\/fr\/wp-json\/wp\/v2\/product"}],"about":[{"href":"https:\/\/tiendapadel5.com\/fr\/wp-json\/wp\/v2\/types\/product"}],"replies":[{"embeddable":true,"href":"https:\/\/tiendapadel5.com\/fr\/wp-json\/wp\/v2\/comments?post=188750"}],"version-history":[{"count":0,"href":"https:\/\/tiendapadel5.com\/fr\/wp-json\/wp\/v2\/product\/188750\/revisions"}],"wp:featuredmedia":[{"embeddable":true,"href":"https:\/\/tiendapadel5.com\/fr\/wp-json\/wp\/v2\/media\/181129"}],"wp:attachment":[{"href":"https:\/\/tiendapadel5.com\/fr\/wp-json\/wp\/v2\/media?parent=188750"}],"wp:term":[{"taxonomy":"pwb-brand","embeddable":true,"href":"https:\/\/tiendapadel5.com\/fr\/wp-json\/wp\/v2\/pwb-brand?post=188750"},{"taxonomy":"product_brand","embeddable":true,"href":"https:\/\/tiendapadel5.com\/fr\/wp-json\/wp\/v2\/product_brand?post=188750"},{"taxonomy":"product_cat","embeddable":true,"href":"https:\/\/tiendapadel5.com\/fr\/wp-json\/wp\/v2\/product_cat?post=188750"},{"taxonomy":"product_tag","embeddable":true,"href":"https:\/\/tiendapadel5.com\/fr\/wp-json\/wp\/v2\/product_tag?post=188750"}],"curies":[{"name":"wp","href":"https:\/\/api.w.org\/{rel}","templated":true}]}}