{"id":188562,"date":"2024-11-15T11:26:35","date_gmt":"2024-11-15T10:26:35","guid":{"rendered":"https:\/\/tiendapadel5.com\/starvie-titania-soft-edicion-padeloin\/"},"modified":"2026-03-28T21:55:46","modified_gmt":"2026-03-28T20:55:46","slug":"starvie-titania-soft-edicion-padeloin","status":"publish","type":"product","link":"https:\/\/tiendapadel5.com\/fr\/starvie-titania-soft-edicion-padeloin\/","title":{"rendered":"Starvie Titania Soft Edici\u00f3n Padeloin"},"content":{"rendered":"<h2>Starvie Titania Soft Edici\u00f3n Padeloin<\/h2>\n<p><strong>Caract\u00e9ristiques :<\/strong><\/p>\n<p><strong>Niveau :<\/strong> Interm\u00e9diaire<\/p>\n<p><strong>Type de jeu :<\/strong> polyvalent<\/p>\n<p><strong>Contr\u00f4le :<\/strong> 85% <strong>Puissance :<\/strong> 87,5% <strong>Puissance :<\/strong> 87,5% <strong>Contr\u00f4le :<\/strong> 85<\/p>\n<p><strong>Rendement des billes :<\/strong> 100 %.<\/p>\n","protected":false},"excerpt":{"rendered":"<p>Starvie Titania Soft Edici\u00f3n PadeloinLa raquette est parfaite pour ceux qui veulent continuer \u00e0 perfectionner leur jeu gr\u00e2ce \u00e0 une excellente sortie de balle et un bon \u00e9quilibre entre contr\u00f4le et puissance.<\/p>\n","protected":false},"featured_media":174110,"comment_status":"open","ping_status":"closed","template":"","meta":{"_joinchat":[]},"pwb-brand":[35],"product_brand":[],"product_cat":[19,413],"product_tag":[914,9657,10247,167,173],"class_list":{"0":"post-188562","1":"product","2":"type-product","3":"status-publish","4":"has-post-thumbnail","6":"pwb-brand-starvie","7":"product_cat-palas-padel","8":"product_cat-starvie","9":"product_tag-soft","10":"product_tag-edicion","11":"product_tag-padeloin","12":"product_tag-starvie","13":"product_tag-titania","14":"pa_forma-redonda","15":"pa_marco-fibra-de-carbono","16":"pa_nivel-de-juego-intermedio","17":"pa_tipo-de-juego-control","19":"first","20":"instock","21":"sale","22":"taxable","23":"shipping-taxable","24":"purchasable","25":"product-type-simple"},"brands":[{"id":35,"name":"Starvie","slug":"starvie"}],"_links":{"self":[{"href":"https:\/\/tiendapadel5.com\/fr\/wp-json\/wp\/v2\/product\/188562","targetHints":{"allow":["GET"]}}],"collection":[{"href":"https:\/\/tiendapadel5.com\/fr\/wp-json\/wp\/v2\/product"}],"about":[{"href":"https:\/\/tiendapadel5.com\/fr\/wp-json\/wp\/v2\/types\/product"}],"replies":[{"embeddable":true,"href":"https:\/\/tiendapadel5.com\/fr\/wp-json\/wp\/v2\/comments?post=188562"}],"version-history":[{"count":0,"href":"https:\/\/tiendapadel5.com\/fr\/wp-json\/wp\/v2\/product\/188562\/revisions"}],"wp:featuredmedia":[{"embeddable":true,"href":"https:\/\/tiendapadel5.com\/fr\/wp-json\/wp\/v2\/media\/174110"}],"wp:attachment":[{"href":"https:\/\/tiendapadel5.com\/fr\/wp-json\/wp\/v2\/media?parent=188562"}],"wp:term":[{"taxonomy":"pwb-brand","embeddable":true,"href":"https:\/\/tiendapadel5.com\/fr\/wp-json\/wp\/v2\/pwb-brand?post=188562"},{"taxonomy":"product_brand","embeddable":true,"href":"https:\/\/tiendapadel5.com\/fr\/wp-json\/wp\/v2\/product_brand?post=188562"},{"taxonomy":"product_cat","embeddable":true,"href":"https:\/\/tiendapadel5.com\/fr\/wp-json\/wp\/v2\/product_cat?post=188562"},{"taxonomy":"product_tag","embeddable":true,"href":"https:\/\/tiendapadel5.com\/fr\/wp-json\/wp\/v2\/product_tag?post=188562"}],"curies":[{"name":"wp","href":"https:\/\/api.w.org\/{rel}","templated":true}]}}