{"id":188554,"date":"2024-06-21T10:25:54","date_gmt":"2024-06-21T09:25:54","guid":{"rendered":"https:\/\/tiendapadel5.com\/starvie-kenta-pro-edicion-limitada\/"},"modified":"2024-06-21T10:25:54","modified_gmt":"2024-06-21T09:25:54","slug":"starvie-kenta-pro-edicion-limitada","status":"publish","type":"product","link":"https:\/\/tiendapadel5.com\/fr\/starvie-kenta-pro-edicion-limitada\/","title":{"rendered":"Starvie Kenta Pro Edicion Limitada"},"content":{"rendered":"<h2>Starvie Kenta Pro Edicion Limitada<\/h2>\n<p><strong>Caract\u00e9ristiques :<\/strong><\/p>\n<div class=\"item\">\n<p class=\"title\"><b>Niveau : <\/b>avanc\u00e9<\/p>\n<\/div>\n<div class=\"item\">\n<p class=\"title\"><b>Type de jeu : <\/b>Attaque et contr\u00f4le<\/p>\n<\/div>\n<div class=\"item\">\n<p class=\"title\"><b>Contr\u00f4le :<\/b> 100%<\/p>\n<\/div>\n<div class=\"item\">\n<p class=\"title\"><b>Puissance : <\/b>98,5 %.<\/p>\n<\/div>\n<div class=\"item\">\n<p class=\"title\"><b>Rendement de la balle : <\/b>95%<\/p>\n<\/div>\n","protected":false},"excerpt":{"rendered":"<p>Starvie Kenta Pro Edicion LimitadaIl est dot\u00e9 d&rsquo;un nouveau moulage arrondi qui vous apportera contr\u00f4le, stabilit\u00e9 et maniabilit\u00e9. Tout cela sans sacrifier la puissance.<\/p>\n","protected":false},"featured_media":147777,"comment_status":"open","ping_status":"closed","template":"","meta":{"_joinchat":[]},"pwb-brand":[],"product_brand":[],"product_cat":[5724,19,413],"product_tag":[9657,5725,9658,176,167],"class_list":{"0":"post-188554","1":"product","2":"type-product","3":"status-publish","4":"has-post-thumbnail","6":"product_cat-5724","7":"product_cat-palas-padel","8":"product_cat-starvie","9":"product_tag-edicion","10":"product_tag-kenta","11":"product_tag-limitada","12":"product_tag-pro","13":"product_tag-starvie","14":"pa_forma-redonda","15":"pa_marco-fibra-de-carbono","16":"pa_nivel-de-juego-avanzado-profesional","17":"pa_tipo-de-juego-polivalente","19":"first","20":"instock","21":"sale","22":"taxable","23":"shipping-taxable","24":"purchasable","25":"product-type-simple"},"brands":[],"_links":{"self":[{"href":"https:\/\/tiendapadel5.com\/fr\/wp-json\/wp\/v2\/product\/188554","targetHints":{"allow":["GET"]}}],"collection":[{"href":"https:\/\/tiendapadel5.com\/fr\/wp-json\/wp\/v2\/product"}],"about":[{"href":"https:\/\/tiendapadel5.com\/fr\/wp-json\/wp\/v2\/types\/product"}],"replies":[{"embeddable":true,"href":"https:\/\/tiendapadel5.com\/fr\/wp-json\/wp\/v2\/comments?post=188554"}],"version-history":[{"count":0,"href":"https:\/\/tiendapadel5.com\/fr\/wp-json\/wp\/v2\/product\/188554\/revisions"}],"wp:featuredmedia":[{"embeddable":true,"href":"https:\/\/tiendapadel5.com\/fr\/wp-json\/wp\/v2\/media\/147777"}],"wp:attachment":[{"href":"https:\/\/tiendapadel5.com\/fr\/wp-json\/wp\/v2\/media?parent=188554"}],"wp:term":[{"taxonomy":"pwb-brand","embeddable":true,"href":"https:\/\/tiendapadel5.com\/fr\/wp-json\/wp\/v2\/pwb-brand?post=188554"},{"taxonomy":"product_brand","embeddable":true,"href":"https:\/\/tiendapadel5.com\/fr\/wp-json\/wp\/v2\/product_brand?post=188554"},{"taxonomy":"product_cat","embeddable":true,"href":"https:\/\/tiendapadel5.com\/fr\/wp-json\/wp\/v2\/product_cat?post=188554"},{"taxonomy":"product_tag","embeddable":true,"href":"https:\/\/tiendapadel5.com\/fr\/wp-json\/wp\/v2\/product_tag?post=188554"}],"curies":[{"name":"wp","href":"https:\/\/api.w.org\/{rel}","templated":true}]}}