{"id":184456,"date":"2024-12-26T11:19:16","date_gmt":"2024-12-26T10:19:16","guid":{"rendered":"https:\/\/tiendapadel5.com\/?post_type=product&#038;p=184456"},"modified":"2026-04-29T10:06:32","modified_gmt":"2026-04-29T08:06:32","slug":"paletero-nox-pro-series-marron-camel","status":"publish","type":"product","link":"https:\/\/tiendapadel5.com\/fr\/paletero-nox-pro-series-marron-camel\/","title":{"rendered":"Paletero Nox Pro Series Marr\u00f3n Camel"},"content":{"rendered":"<h2>Paletero Nox Pro Series Marr\u00f3n Camel<\/h2>\n<p><strong>Caracter\u00edsticas:<\/strong><\/p>\n<ul>\n<li>Capacidad para hasta 2 palas.<\/li>\n<li>Cuenta con compartimento t\u00e9rmico (tecnolog\u00eda TermoTech de Nox) para proteger tus palas del calor.<\/li>\n<li>Compartimento principal con doble cremallera para f\u00e1cil\u00a0acceso al interior.<\/li>\n<li>Compartimento independiente para zapatillas con apertura de aeraci\u00f3n.<\/li>\n<li>Compartimento superior de f\u00e1cil acceso para m\u00f3vil, llaves, cartera\u2026<\/li>\n<li>Compartimentos laterales. Uno de ellos con bolsillo distribuidor para accesorios, tarjeta del club\u2026<\/li>\n<li>Bolsa para la ropa sucia.<\/li>\n<li>Puede usarse como bolsa de p\u00e1del y como mochila.<\/li>\n<li>Textiles ergon\u00f3micos para optimizar el agarre y la circulaci\u00f3n del aire.<\/li>\n<\/ul>\n<h4><strong>Medidas:<\/strong> 610 x 300 x 270 mm<\/h4>\n<h4><strong>Capacidad:<\/strong> 45 litros<\/h4>\n","protected":false},"excerpt":{"rendered":"<p>El Paletero Nox Pro Series Marr\u00f3n Camel, realizado con materiales de alta calidad para sacar una mayor resistencia y durabilidad. Dise\u00f1ado en un marron camel que le aporta un plus de elegancia a parte de darle un toque de sofisticaci\u00f3n y estilo.<\/p>\n","protected":false},"featured_media":184482,"comment_status":"open","ping_status":"closed","template":"","meta":{"_joinchat":[]},"pwb-brand":[34],"product_brand":[],"product_cat":[20,1357],"product_tag":[4962,4961,130,257,176,1092],"class_list":{"0":"post-184456","1":"product","2":"type-product","3":"status-publish","4":"has-post-thumbnail","6":"pwb-brand-nox","7":"product_cat-paleteros-de-padel","8":"product_cat-mochilas-nox","9":"product_tag-camel","10":"product_tag-marron","11":"product_tag-nox","12":"product_tag-paletero","13":"product_tag-pro","14":"product_tag-series","16":"first","17":"instock","18":"sale","19":"taxable","20":"shipping-taxable","21":"purchasable","22":"product-type-simple"},"brands":[{"id":34,"name":"Nox","slug":"nox"}],"_links":{"self":[{"href":"https:\/\/tiendapadel5.com\/fr\/wp-json\/wp\/v2\/product\/184456","targetHints":{"allow":["GET"]}}],"collection":[{"href":"https:\/\/tiendapadel5.com\/fr\/wp-json\/wp\/v2\/product"}],"about":[{"href":"https:\/\/tiendapadel5.com\/fr\/wp-json\/wp\/v2\/types\/product"}],"replies":[{"embeddable":true,"href":"https:\/\/tiendapadel5.com\/fr\/wp-json\/wp\/v2\/comments?post=184456"}],"version-history":[{"count":1,"href":"https:\/\/tiendapadel5.com\/fr\/wp-json\/wp\/v2\/product\/184456\/revisions"}],"predecessor-version":[{"id":246203,"href":"https:\/\/tiendapadel5.com\/fr\/wp-json\/wp\/v2\/product\/184456\/revisions\/246203"}],"wp:featuredmedia":[{"embeddable":true,"href":"https:\/\/tiendapadel5.com\/fr\/wp-json\/wp\/v2\/media\/184482"}],"wp:attachment":[{"href":"https:\/\/tiendapadel5.com\/fr\/wp-json\/wp\/v2\/media?parent=184456"}],"wp:term":[{"taxonomy":"pwb-brand","embeddable":true,"href":"https:\/\/tiendapadel5.com\/fr\/wp-json\/wp\/v2\/pwb-brand?post=184456"},{"taxonomy":"product_brand","embeddable":true,"href":"https:\/\/tiendapadel5.com\/fr\/wp-json\/wp\/v2\/product_brand?post=184456"},{"taxonomy":"product_cat","embeddable":true,"href":"https:\/\/tiendapadel5.com\/fr\/wp-json\/wp\/v2\/product_cat?post=184456"},{"taxonomy":"product_tag","embeddable":true,"href":"https:\/\/tiendapadel5.com\/fr\/wp-json\/wp\/v2\/product_tag?post=184456"}],"curies":[{"name":"wp","href":"https:\/\/api.w.org\/{rel}","templated":true}]}}