{"id":179076,"date":"2024-11-28T11:39:18","date_gmt":"2024-11-28T10:39:18","guid":{"rendered":"https:\/\/tiendapadel5.com\/starvie-exodus-noir-2025\/"},"modified":"2024-12-23T17:33:26","modified_gmt":"2024-12-23T16:33:26","slug":"starvie-exodus-noir-2025","status":"publish","type":"product","link":"https:\/\/tiendapadel5.com\/fr\/starvie-exodus-noir-2025\/","title":{"rendered":"Starvie Exodus Noir 2025"},"content":{"rendered":"<h2>Starvie Exodus Noir 2025<\/h2>\n<p><strong>Caract\u00e9ristiques :<\/strong><\/p>\n<div class=\"item\">\n<div class=\"item\">\n<p class=\"title\"><b>Niveau : <\/b>Interm\u00e9diaire<\/p>\n<\/div>\n<div class=\"item\">\n<p class=\"title\"><b>Type de jeu : <\/b>Confort<\/p>\n<\/div>\n<div class=\"item\">\n<p class=\"title\"><b>Contr\u00f4le : <\/b>90% <b>Contr\u00f4le : <\/b>90% <b>Contr\u00f4le <\/b>: 90% <b>Contr\u00f4le <\/b>: 90% <b>Contr\u00f4le <\/b>: 90% <b>Contr\u00f4le <\/b>: 90% <b>Contr\u00f4le <\/b>: 90% <b>Contr\u00f4le <\/b>: 90% <b>Contr\u00f4le <\/b>: 90%<\/p>\n<\/div>\n<div class=\"item\">\n<p class=\"title\"><b>Puissance : <\/b>85% <b>Puissance : <\/b>85<\/p>\n<\/div>\n<div class=\"item\">\n<p class=\"title\"><b>Rendement des billes : <\/b>99%.<\/p>\n<\/div>\n<\/div>\n","protected":false},"excerpt":{"rendered":"<p>La Starvie Exodus Black 2025 est con\u00e7ue pour les joueurs interm\u00e9diaires qui recherchent un toucher doux et une excellente sortie de balle gr\u00e2ce \u00e0 son caoutchouc ultra souple.<\/p>\n","protected":false},"featured_media":176558,"comment_status":"open","ping_status":"closed","template":"","meta":{"_joinchat":[]},"pwb-brand":[35],"product_brand":[],"product_cat":[2248,9786,2281],"product_tag":[9935,10312,2267,2240],"class_list":{"0":"post-179076","1":"product","2":"type-product","3":"status-publish","4":"has-post-thumbnail","6":"pwb-brand-starvie","7":"product_cat-raquetes-de-padel","8":"product_cat-2025-pt-pt","9":"product_cat-starvie-pt-pt","10":"product_tag-2025-pt-pt","11":"product_tag-exodo","12":"product_tag-preto-pt-pt","13":"product_tag-estrela","14":"pa_forma-ronda","15":"pa_marco-fibra-de-carbono-pt-pt","16":"pa_nivel-de-juego-intermediario","17":"pa_tipo-de-juego-controlo","19":"first","20":"instock","21":"sale","22":"taxable","23":"shipping-taxable","24":"purchasable","25":"product-type-simple"},"brands":[{"id":35,"name":"Starvie","slug":"starvie"}],"_links":{"self":[{"href":"https:\/\/tiendapadel5.com\/fr\/wp-json\/wp\/v2\/product\/179076","targetHints":{"allow":["GET"]}}],"collection":[{"href":"https:\/\/tiendapadel5.com\/fr\/wp-json\/wp\/v2\/product"}],"about":[{"href":"https:\/\/tiendapadel5.com\/fr\/wp-json\/wp\/v2\/types\/product"}],"replies":[{"embeddable":true,"href":"https:\/\/tiendapadel5.com\/fr\/wp-json\/wp\/v2\/comments?post=179076"}],"version-history":[{"count":0,"href":"https:\/\/tiendapadel5.com\/fr\/wp-json\/wp\/v2\/product\/179076\/revisions"}],"wp:featuredmedia":[{"embeddable":true,"href":"https:\/\/tiendapadel5.com\/fr\/wp-json\/wp\/v2\/media\/176558"}],"wp:attachment":[{"href":"https:\/\/tiendapadel5.com\/fr\/wp-json\/wp\/v2\/media?parent=179076"}],"wp:term":[{"taxonomy":"pwb-brand","embeddable":true,"href":"https:\/\/tiendapadel5.com\/fr\/wp-json\/wp\/v2\/pwb-brand?post=179076"},{"taxonomy":"product_brand","embeddable":true,"href":"https:\/\/tiendapadel5.com\/fr\/wp-json\/wp\/v2\/product_brand?post=179076"},{"taxonomy":"product_cat","embeddable":true,"href":"https:\/\/tiendapadel5.com\/fr\/wp-json\/wp\/v2\/product_cat?post=179076"},{"taxonomy":"product_tag","embeddable":true,"href":"https:\/\/tiendapadel5.com\/fr\/wp-json\/wp\/v2\/product_tag?post=179076"}],"curies":[{"name":"wp","href":"https:\/\/api.w.org\/{rel}","templated":true}]}}