{"id":170173,"date":"2024-10-17T16:20:46","date_gmt":"2024-10-17T15:20:46","guid":{"rendered":"https:\/\/tiendapadel5.com\/starvie-vesta-2021\/"},"modified":"2024-10-17T16:20:46","modified_gmt":"2024-10-17T15:20:46","slug":"starvie-vesta-2021","status":"publish","type":"product","link":"https:\/\/tiendapadel5.com\/fr\/starvie-vesta-2021\/","title":{"rendered":"Starvie Vesta 2021"},"content":{"rendered":"<h2>Starvie Vesta 2021 Shovel Carater\u00edsticas:<\/h2>\n<div class=\"description-attributes\"><strong><span class=\"description-attributes-label\">Cores:<\/span><\/strong> <span class=\"description-attributes-value\">Preto, Roxo, Rosa<\/span><\/div>\n<div class=\"description-attributes\"><strong><span class=\"description-attributes-label\">Equil\u00edbrio:<\/span><\/strong> <span class=\"description-attributes-value\">M\u00e9dio<\/span><\/div>\n<div class=\"description-attributes\"><strong><br \/>\n  <span class=\"description-attributes-label\">N\u00facleo:<\/span><br \/>\n<\/strong> <span class=\"description-attributes-value\">Eva macio<\/span><\/div>\n<div class=\"description-attributes\"><strong><br \/>\n  <span class=\"description-attributes-label\">Face:<\/span><br \/>\n<\/strong> <span class=\"description-attributes-value\">Fibra de vidro<\/span><\/div>\n<div class=\"description-attributes\"><strong><span class=\"description-attributes-label\">N\u00edvel de jogo:<\/span> <\/strong><span class=\"description-attributes-value\">Avan\u00e7ado \/ Competi\u00e7\u00e3o<\/span><\/div>\n<div class=\"description-attributes\"><strong><span class=\"description-attributes-label\">Acabamento:<\/span><\/strong> <span class=\"description-attributes-value\">Mate<\/span><\/div>\n<div class=\"description-attributes\"><strong><span class=\"description-attributes-label\">Forma:<\/span><\/strong> <span class=\"description-attributes-value\">Redondo<\/span><\/div>\n<div class=\"description-attributes\"><strong><span class=\"description-attributes-label\">Superf\u00edcie:<\/span><\/strong> <span class=\"description-attributes-value\">Liso<\/span><\/div>\n<div class=\"description-attributes\"><\/div>\n<p>&nbsp;<\/p>\n","protected":false},"excerpt":{"rendered":"<p>A Starvie Vesta 2021 destina-se a jogadores interm\u00e9dios que queiram dar um salto de qualidade, gra\u00e7as \u00e0 sua grande versatilidade e maneabilidade.<\/p>\n","protected":false},"featured_media":169550,"comment_status":"open","ping_status":"closed","template":"","meta":{"_joinchat":[]},"pwb-brand":[35],"product_brand":[],"product_cat":[2248,2281],"product_tag":[9219,2240,2587],"class_list":{"0":"post-170173","1":"product","2":"type-product","3":"status-publish","4":"has-post-thumbnail","6":"pwb-brand-starvie","7":"product_cat-raquetes-de-padel","8":"product_cat-starvie-pt-pt","9":"product_tag-2021-pt-pt","10":"product_tag-estrela","11":"product_tag-vesta-pt-pt","12":"pa_forma-ronda","13":"pa_marco-fibra-de-vidro","14":"pa_nivel-de-juego-intermediario","15":"pa_tipo-de-juego-polivalente-pt-pt","17":"first","18":"instock","19":"sale","20":"taxable","21":"shipping-taxable","22":"purchasable","23":"product-type-simple"},"brands":[{"id":35,"name":"Starvie","slug":"starvie"}],"_links":{"self":[{"href":"https:\/\/tiendapadel5.com\/fr\/wp-json\/wp\/v2\/product\/170173","targetHints":{"allow":["GET"]}}],"collection":[{"href":"https:\/\/tiendapadel5.com\/fr\/wp-json\/wp\/v2\/product"}],"about":[{"href":"https:\/\/tiendapadel5.com\/fr\/wp-json\/wp\/v2\/types\/product"}],"replies":[{"embeddable":true,"href":"https:\/\/tiendapadel5.com\/fr\/wp-json\/wp\/v2\/comments?post=170173"}],"version-history":[{"count":0,"href":"https:\/\/tiendapadel5.com\/fr\/wp-json\/wp\/v2\/product\/170173\/revisions"}],"wp:featuredmedia":[{"embeddable":true,"href":"https:\/\/tiendapadel5.com\/fr\/wp-json\/wp\/v2\/media\/169550"}],"wp:attachment":[{"href":"https:\/\/tiendapadel5.com\/fr\/wp-json\/wp\/v2\/media?parent=170173"}],"wp:term":[{"taxonomy":"pwb-brand","embeddable":true,"href":"https:\/\/tiendapadel5.com\/fr\/wp-json\/wp\/v2\/pwb-brand?post=170173"},{"taxonomy":"product_brand","embeddable":true,"href":"https:\/\/tiendapadel5.com\/fr\/wp-json\/wp\/v2\/product_brand?post=170173"},{"taxonomy":"product_cat","embeddable":true,"href":"https:\/\/tiendapadel5.com\/fr\/wp-json\/wp\/v2\/product_cat?post=170173"},{"taxonomy":"product_tag","embeddable":true,"href":"https:\/\/tiendapadel5.com\/fr\/wp-json\/wp\/v2\/product_tag?post=170173"}],"curies":[{"name":"wp","href":"https:\/\/api.w.org\/{rel}","templated":true}]}}