{"id":169697,"date":"2024-10-18T11:46:39","date_gmt":"2024-10-18T10:46:39","guid":{"rendered":"https:\/\/tiendapadel5.com\/?post_type=product&#038;p=169697"},"modified":"2026-04-22T17:22:32","modified_gmt":"2026-04-22T15:22:32","slug":"cajon-de-pelotas-head-pro","status":"publish","type":"product","link":"https:\/\/tiendapadel5.com\/fr\/cajon-de-pelotas-head-pro\/","title":{"rendered":"Caj\u00f3n de Pelotas Head Pro +"},"content":{"rendered":"<h2>Caj\u00f3n de Pelotas Head Pro + Caracter\u00edsticas:<\/h2>\n<p>Esta compuesto por 24 botes de pelotas head pro + y cada bote de pelotas compuesto por 3 pelotas de head pro +<\/p>\n","protected":false},"excerpt":{"rendered":"<p>El Caj\u00f3n de Pelotas Head Pro +, va dirigido a jugadores que juegan mucho, a clubes de padel y a entrenadores, dada la cantidad de pelotas que tiene el caj\u00f3n.<\/p>\n","protected":false},"featured_media":169700,"comment_status":"open","ping_status":"closed","template":"","meta":{"_joinchat":[]},"pwb-brand":[33],"product_brand":[],"product_cat":[1293,1358],"product_tag":[479,83,1139,160,480,176],"class_list":{"0":"post-169697","1":"product","2":"type-product","3":"status-publish","4":"has-post-thumbnail","6":"pwb-brand-head","7":"product_cat-cajones-pelotas-de-padel","8":"product_cat-pelotas-head","9":"product_tag-cajon","10":"product_tag-camiseta","11":"product_tag-de","12":"product_tag-head","13":"product_tag-pelotas","14":"product_tag-pro","16":"first","17":"instock","18":"sale","19":"taxable","20":"shipping-taxable","21":"purchasable","22":"product-type-simple"},"brands":[{"id":33,"name":"Head","slug":"head"}],"_links":{"self":[{"href":"https:\/\/tiendapadel5.com\/fr\/wp-json\/wp\/v2\/product\/169697","targetHints":{"allow":["GET"]}}],"collection":[{"href":"https:\/\/tiendapadel5.com\/fr\/wp-json\/wp\/v2\/product"}],"about":[{"href":"https:\/\/tiendapadel5.com\/fr\/wp-json\/wp\/v2\/types\/product"}],"replies":[{"embeddable":true,"href":"https:\/\/tiendapadel5.com\/fr\/wp-json\/wp\/v2\/comments?post=169697"}],"version-history":[{"count":0,"href":"https:\/\/tiendapadel5.com\/fr\/wp-json\/wp\/v2\/product\/169697\/revisions"}],"wp:featuredmedia":[{"embeddable":true,"href":"https:\/\/tiendapadel5.com\/fr\/wp-json\/wp\/v2\/media\/169700"}],"wp:attachment":[{"href":"https:\/\/tiendapadel5.com\/fr\/wp-json\/wp\/v2\/media?parent=169697"}],"wp:term":[{"taxonomy":"pwb-brand","embeddable":true,"href":"https:\/\/tiendapadel5.com\/fr\/wp-json\/wp\/v2\/pwb-brand?post=169697"},{"taxonomy":"product_brand","embeddable":true,"href":"https:\/\/tiendapadel5.com\/fr\/wp-json\/wp\/v2\/product_brand?post=169697"},{"taxonomy":"product_cat","embeddable":true,"href":"https:\/\/tiendapadel5.com\/fr\/wp-json\/wp\/v2\/product_cat?post=169697"},{"taxonomy":"product_tag","embeddable":true,"href":"https:\/\/tiendapadel5.com\/fr\/wp-json\/wp\/v2\/product_tag?post=169697"}],"curies":[{"name":"wp","href":"https:\/\/api.w.org\/{rel}","templated":true}]}}