{"id":166725,"date":"2024-10-06T10:09:22","date_gmt":"2024-10-06T09:09:22","guid":{"rendered":"https:\/\/tiendapadel5.com\/nox-ml10-quantum-3k\/"},"modified":"2026-05-12T08:35:24","modified_gmt":"2026-05-12T06:35:24","slug":"nox-ml10-quantum-3k","status":"publish","type":"product","link":"https:\/\/tiendapadel5.com\/fr\/nox-ml10-quantum-3k\/","title":{"rendered":"Nox ML10 Quantum 3K By Miguel Lamperti 2025"},"content":{"rendered":"<h2>Nox ML10 Quantum 3K By Miguel Lamperti 2025 Caract\u00e9ristiques :<\/h2>\n<ul>\n<li><strong>POIDS : <\/strong>360 &#8211; 375g<\/li>\n<li><strong>LARGEUR : <\/strong>38 mm<\/li>\n<li><strong>CADRE : <\/strong>100% carbone<\/li>\n<li><strong>CORE : <\/strong>HR3 Colour Eva<\/li>\n<li><strong>VISAGE : <\/strong>Carbone 3K<\/li>\n<li><strong>SURFACE : <\/strong>Motif exclusif SPIN 3D et motif de sable rugueux<\/li>\n<li><strong>FORME : <\/strong>Ronde<\/li>\n<li><strong>POUVOIR : <\/strong>90\/100<\/li>\n<li><strong>CONTR\u00d4LE : <\/strong>100\/100<\/li>\n<\/ul>\n","protected":false},"excerpt":{"rendered":"<p>La Nox ML10 Quantum 3K By Miguel Lamperti 2025, utilis\u00e9e par le joueur Miguel Lamperti, conserve son rev\u00eatement iconique HR3, ce nouveau design am\u00e9liore la maniabilit\u00e9 et redistribue le poids pour rendre la raquette plus rapide. Fabriqu\u00e9e comme ses pr\u00e9d\u00e9cesseurs avec du carbone 3K et son caoutchouc classique Eva HR3. <\/p>\n","protected":false},"featured_media":166468,"comment_status":"open","ping_status":"closed","template":"","meta":{"_joinchat":[]},"pwb-brand":[],"product_brand":[],"product_cat":[2703,9787,2729],"product_tag":[9951,5805,2852,2864,2804,2734,2898,9968],"class_list":{"0":"post-166725","1":"product","2":"type-product","3":"status-publish","4":"has-post-thumbnail","6":"product_cat-raquettes-de-padel","7":"product_cat-2025-fr","8":"product_cat-nox-fr","9":"product_tag-2025-fr","10":"product_tag-3k-fr","11":"product_tag-lamperti-fr","12":"product_tag-miguel-fr","13":"product_tag-ml10-fr","14":"product_tag-nox-fr","15":"product_tag-par","16":"product_tag-quantique","17":"pa_forma-hybride","18":"pa_marco-fibre-de-carbone","19":"pa_nivel-de-juego-professionnel-avance","20":"pa_tipo-de-juego-controle","22":"first","23":"instock","24":"sale","25":"taxable","26":"shipping-taxable","27":"purchasable","28":"product-type-simple"},"brands":[],"_links":{"self":[{"href":"https:\/\/tiendapadel5.com\/fr\/wp-json\/wp\/v2\/product\/166725","targetHints":{"allow":["GET"]}}],"collection":[{"href":"https:\/\/tiendapadel5.com\/fr\/wp-json\/wp\/v2\/product"}],"about":[{"href":"https:\/\/tiendapadel5.com\/fr\/wp-json\/wp\/v2\/types\/product"}],"replies":[{"embeddable":true,"href":"https:\/\/tiendapadel5.com\/fr\/wp-json\/wp\/v2\/comments?post=166725"}],"version-history":[{"count":1,"href":"https:\/\/tiendapadel5.com\/fr\/wp-json\/wp\/v2\/product\/166725\/revisions"}],"predecessor-version":[{"id":262727,"href":"https:\/\/tiendapadel5.com\/fr\/wp-json\/wp\/v2\/product\/166725\/revisions\/262727"}],"wp:featuredmedia":[{"embeddable":true,"href":"https:\/\/tiendapadel5.com\/fr\/wp-json\/wp\/v2\/media\/166468"}],"wp:attachment":[{"href":"https:\/\/tiendapadel5.com\/fr\/wp-json\/wp\/v2\/media?parent=166725"}],"wp:term":[{"taxonomy":"pwb-brand","embeddable":true,"href":"https:\/\/tiendapadel5.com\/fr\/wp-json\/wp\/v2\/pwb-brand?post=166725"},{"taxonomy":"product_brand","embeddable":true,"href":"https:\/\/tiendapadel5.com\/fr\/wp-json\/wp\/v2\/product_brand?post=166725"},{"taxonomy":"product_cat","embeddable":true,"href":"https:\/\/tiendapadel5.com\/fr\/wp-json\/wp\/v2\/product_cat?post=166725"},{"taxonomy":"product_tag","embeddable":true,"href":"https:\/\/tiendapadel5.com\/fr\/wp-json\/wp\/v2\/product_tag?post=166725"}],"curies":[{"name":"wp","href":"https:\/\/api.w.org\/{rel}","templated":true}]}}