{"id":162831,"date":"2024-09-20T08:28:15","date_gmt":"2024-09-20T07:28:15","guid":{"rendered":"https:\/\/tiendapadel5.com\/?post_type=product&#038;p=162831"},"modified":"2026-04-29T20:17:28","modified_gmt":"2026-04-29T18:17:28","slug":"cajon-de-pelotas-head-pro-s-24-botes","status":"publish","type":"product","link":"https:\/\/tiendapadel5.com\/fr\/cajon-de-pelotas-head-pro-s-24-botes\/","title":{"rendered":"Caj\u00f3n de pelotas Head Pro S+ (24 Botes)"},"content":{"rendered":"<h2>Caracter\u00edsticas Caj\u00f3n de pelotas Head Pro S+ (24 Botes)<\/h2>\n<p>Control y durabilidad excepcional.<\/p>\n<p>Ideal para competici\u00f3n.<\/p>\n<p>Embalaje sostenible.<\/p>\n<p>&nbsp;<\/p>\n","protected":false},"excerpt":{"rendered":"<p>El Caj\u00f3n de pelotas Head Pro S+ (24 Botes) contiene 24 botes de 3 pelotas cada uno. Perfectas para el uso intensivo de padel.<\/p>\n","protected":false},"featured_media":162842,"comment_status":"open","ping_status":"closed","template":"","meta":{"_joinchat":[]},"pwb-brand":[33],"product_brand":[],"product_cat":[4290,4294],"product_tag":[5755,8495,8849,1913,11615,9062,1905,9329],"class_list":{"0":"post-162831","1":"product","2":"type-product","3":"status-publish","4":"has-post-thumbnail","6":"pwb-brand-head","7":"product_cat-padel-ball-boxes","8":"product_cat-head-padel-ball-boxes","9":"product_tag-24-en","10":"product_tag-boats","11":"product_tag-drawer","12":"product_tag-head-en","13":"product_tag-padel","14":"product_tag-balls-en","15":"product_tag-pro-en","16":"product_tag-s-en","18":"first","19":"instock","20":"sale","21":"taxable","22":"shipping-taxable","23":"purchasable","24":"product-type-simple"},"brands":[{"id":33,"name":"Head","slug":"head"}],"_links":{"self":[{"href":"https:\/\/tiendapadel5.com\/fr\/wp-json\/wp\/v2\/product\/162831","targetHints":{"allow":["GET"]}}],"collection":[{"href":"https:\/\/tiendapadel5.com\/fr\/wp-json\/wp\/v2\/product"}],"about":[{"href":"https:\/\/tiendapadel5.com\/fr\/wp-json\/wp\/v2\/types\/product"}],"replies":[{"embeddable":true,"href":"https:\/\/tiendapadel5.com\/fr\/wp-json\/wp\/v2\/comments?post=162831"}],"version-history":[{"count":0,"href":"https:\/\/tiendapadel5.com\/fr\/wp-json\/wp\/v2\/product\/162831\/revisions"}],"wp:featuredmedia":[{"embeddable":true,"href":"https:\/\/tiendapadel5.com\/fr\/wp-json\/wp\/v2\/media\/162842"}],"wp:attachment":[{"href":"https:\/\/tiendapadel5.com\/fr\/wp-json\/wp\/v2\/media?parent=162831"}],"wp:term":[{"taxonomy":"pwb-brand","embeddable":true,"href":"https:\/\/tiendapadel5.com\/fr\/wp-json\/wp\/v2\/pwb-brand?post=162831"},{"taxonomy":"product_brand","embeddable":true,"href":"https:\/\/tiendapadel5.com\/fr\/wp-json\/wp\/v2\/product_brand?post=162831"},{"taxonomy":"product_cat","embeddable":true,"href":"https:\/\/tiendapadel5.com\/fr\/wp-json\/wp\/v2\/product_cat?post=162831"},{"taxonomy":"product_tag","embeddable":true,"href":"https:\/\/tiendapadel5.com\/fr\/wp-json\/wp\/v2\/product_tag?post=162831"}],"curies":[{"name":"wp","href":"https:\/\/api.w.org\/{rel}","templated":true}]}}