{"id":147402,"date":"2024-06-19T11:49:00","date_gmt":"2024-06-19T09:49:00","guid":{"rendered":"https:\/\/tiendapadel5.com\/couronne-noire-patron\/"},"modified":"2024-06-24T12:33:39","modified_gmt":"2024-06-24T11:33:39","slug":"couronne-noire-patron","status":"publish","type":"product","link":"https:\/\/tiendapadel5.com\/fr\/couronne-noire-patron\/","title":{"rendered":"Black Crown Patron"},"content":{"rendered":"<h2>Black Crown Patron Caract\u00e9ristiques :<\/h2>\n<ul>\n<li><strong>Poids :<\/strong> 355 \u00e0 370 grammes.<\/li>\n<li><strong>Cadre :<\/strong> 38 mm. Profil constant.<\/li>\n<li>Forme hybride<\/li>\n<li>Cadre tubulaire en carbone<\/li>\n<li><strong>Noyau interne :<\/strong> 12k Carbone<\/li>\n<li><strong>Caoutchouc :<\/strong> PSM Eva<\/li>\n<li><strong>Puissance :<\/strong> 45% Puissance : 45% Puissance : 45% Puissance : 45% Puissance : 45% Puissance : 45% Puissance : 45% Puissance : 45<\/li>\n<li>Contr\u00f4le : 55% <strong>Contr\u00f4le :<\/strong> 55<\/li>\n<\/ul>\n","protected":false},"excerpt":{"rendered":"<p>Le Black Crown Patron, fabriqu\u00e9 avec une technologie innovante, des mat\u00e9riaux de haute qualit\u00e9 et un design \u00e9l\u00e9gant.<\/p>\n","protected":false},"featured_media":146487,"comment_status":"open","ping_status":"closed","template":"","meta":{"_joinchat":[]},"pwb-brand":[30],"product_brand":[],"product_cat":[5724,19,408],"product_tag":[204,203,9550],"class_list":{"0":"post-147402","1":"product","2":"type-product","3":"status-publish","4":"has-post-thumbnail","6":"pwb-brand-black-crown","7":"product_cat-5724","8":"product_cat-palas-padel","9":"product_cat-black-crown","10":"product_tag-crown","11":"product_tag-black","12":"product_tag-patron","13":"pa_forma-hibrida","14":"pa_marco-fibra-de-carbono","15":"pa_nivel-de-juego-avanzado-profesional","16":"pa_tipo-de-juego-polivalente","18":"first","19":"instock","20":"sale","21":"taxable","22":"shipping-taxable","23":"purchasable","24":"product-type-simple"},"brands":[{"id":30,"name":"Black Crown","slug":"black-crown"}],"_links":{"self":[{"href":"https:\/\/tiendapadel5.com\/fr\/wp-json\/wp\/v2\/product\/147402","targetHints":{"allow":["GET"]}}],"collection":[{"href":"https:\/\/tiendapadel5.com\/fr\/wp-json\/wp\/v2\/product"}],"about":[{"href":"https:\/\/tiendapadel5.com\/fr\/wp-json\/wp\/v2\/types\/product"}],"replies":[{"embeddable":true,"href":"https:\/\/tiendapadel5.com\/fr\/wp-json\/wp\/v2\/comments?post=147402"}],"version-history":[{"count":0,"href":"https:\/\/tiendapadel5.com\/fr\/wp-json\/wp\/v2\/product\/147402\/revisions"}],"wp:featuredmedia":[{"embeddable":true,"href":"https:\/\/tiendapadel5.com\/fr\/wp-json\/wp\/v2\/media\/146487"}],"wp:attachment":[{"href":"https:\/\/tiendapadel5.com\/fr\/wp-json\/wp\/v2\/media?parent=147402"}],"wp:term":[{"taxonomy":"pwb-brand","embeddable":true,"href":"https:\/\/tiendapadel5.com\/fr\/wp-json\/wp\/v2\/pwb-brand?post=147402"},{"taxonomy":"product_brand","embeddable":true,"href":"https:\/\/tiendapadel5.com\/fr\/wp-json\/wp\/v2\/product_brand?post=147402"},{"taxonomy":"product_cat","embeddable":true,"href":"https:\/\/tiendapadel5.com\/fr\/wp-json\/wp\/v2\/product_cat?post=147402"},{"taxonomy":"product_tag","embeddable":true,"href":"https:\/\/tiendapadel5.com\/fr\/wp-json\/wp\/v2\/product_tag?post=147402"}],"curies":[{"name":"wp","href":"https:\/\/api.w.org\/{rel}","templated":true}]}}