{"id":143266,"date":"2024-06-04T16:00:08","date_gmt":"2024-06-04T15:00:08","guid":{"rendered":"https:\/\/tiendapadel5.com\/huvudbult-bla-och-vit\/"},"modified":"2024-06-04T16:00:08","modified_gmt":"2024-06-04T15:00:08","slug":"huvudbult-bla-och-vit","status":"publish","type":"product","link":"https:\/\/tiendapadel5.com\/fr\/huvudbult-bla-och-vit\/","title":{"rendered":"Huvudbult bl\u00e5 och vit"},"content":{"rendered":"<h2>Huvudbult Bl\u00e5 och vit Funktioner:<\/h2>\n<p>FORM: Teardrop OS<\/p>\n<p>VIKT: 360 g \/ 12,7 oz<\/p>\n<p>Huvudenas storlek: 525 cm\u00b2 \/ 81 in\u00b2<\/p>\n<p><strong>BALANS: <\/strong>265 mm \/ 1,5 in HH<\/p>\n<p><strong>B\u00e5ge <\/strong>: 38 mm \/ 1,5 tum<\/p>\n","protected":false},"excerpt":{"rendered":"<p>Head Bolt Blue and White-racketen \u00e4r avsedd f\u00f6r tillf\u00e4lliga spelare som just har b\u00f6rjat t\u00e4vla.<\/p>\n","protected":false},"featured_media":0,"comment_status":"open","ping_status":"closed","template":"","meta":{"_joinchat":[]},"pwb-brand":[33],"product_brand":[],"product_cat":[26],"product_tag":[295,1831,160,568,941],"class_list":{"0":"post-143266","1":"product","2":"type-product","3":"status-publish","5":"pwb-brand-head","6":"product_cat-outlet-de-padel","7":"product_tag-azul","8":"product_tag-bolt","9":"product_tag-head","10":"product_tag-blanca","11":"product_tag-y","13":"first","14":"instock","15":"taxable","16":"shipping-taxable","17":"purchasable","18":"product-type-simple"},"brands":[{"id":33,"name":"Head","slug":"head"}],"_links":{"self":[{"href":"https:\/\/tiendapadel5.com\/fr\/wp-json\/wp\/v2\/product\/143266","targetHints":{"allow":["GET"]}}],"collection":[{"href":"https:\/\/tiendapadel5.com\/fr\/wp-json\/wp\/v2\/product"}],"about":[{"href":"https:\/\/tiendapadel5.com\/fr\/wp-json\/wp\/v2\/types\/product"}],"replies":[{"embeddable":true,"href":"https:\/\/tiendapadel5.com\/fr\/wp-json\/wp\/v2\/comments?post=143266"}],"version-history":[{"count":0,"href":"https:\/\/tiendapadel5.com\/fr\/wp-json\/wp\/v2\/product\/143266\/revisions"}],"wp:attachment":[{"href":"https:\/\/tiendapadel5.com\/fr\/wp-json\/wp\/v2\/media?parent=143266"}],"wp:term":[{"taxonomy":"pwb-brand","embeddable":true,"href":"https:\/\/tiendapadel5.com\/fr\/wp-json\/wp\/v2\/pwb-brand?post=143266"},{"taxonomy":"product_brand","embeddable":true,"href":"https:\/\/tiendapadel5.com\/fr\/wp-json\/wp\/v2\/product_brand?post=143266"},{"taxonomy":"product_cat","embeddable":true,"href":"https:\/\/tiendapadel5.com\/fr\/wp-json\/wp\/v2\/product_cat?post=143266"},{"taxonomy":"product_tag","embeddable":true,"href":"https:\/\/tiendapadel5.com\/fr\/wp-json\/wp\/v2\/product_tag?post=143266"}],"curies":[{"name":"wp","href":"https:\/\/api.w.org\/{rel}","templated":true}]}}