{"id":140744,"date":"2024-05-15T20:04:31","date_gmt":"2024-05-15T19:04:31","guid":{"rendered":"https:\/\/tiendapadel5.com\/starvie-pvc-protetor-vermelho-2021\/"},"modified":"2024-05-15T20:04:31","modified_gmt":"2024-05-15T19:04:31","slug":"starvie-pvc-protetor-vermelho-2021","status":"publish","type":"product","link":"https:\/\/tiendapadel5.com\/fr\/starvie-pvc-protetor-vermelho-2021\/","title":{"rendered":"Starvie PVC Protetor Vermelho 2021"},"content":{"rendered":"<h2>Starvie PVC Protetor Red 2021 Caracter\u00edsticas:<\/h2>\n<p class=\" detalle-atributos__tabla\">Cor: vermelho<\/p>\n<p>&nbsp;<\/p>\n","protected":false},"excerpt":{"rendered":"<p>O Starvie PVC Protetor Red 2021 \u00e9 utilizado para proteger a tua raquete de golpes e arranh\u00f5es, \u00e9 colocado na borda superior da raquete.<\/p>\n","protected":false},"featured_media":139487,"comment_status":"open","ping_status":"closed","template":"","meta":{"_joinchat":[]},"pwb-brand":[35],"product_brand":[],"product_cat":[2367,2617,4441],"product_tag":[9219,2240,9218,9220,2343],"class_list":{"0":"post-140744","1":"product","2":"type-product","3":"status-publish","4":"has-post-thumbnail","6":"pwb-brand-starvie","7":"product_cat-acessorios-padel","8":"product_cat-acessorios-padel-starvie","9":"product_cat-protectores-laminas-padel","10":"product_tag-2021-pt-pt","11":"product_tag-estrela","12":"product_tag-protetor","13":"product_tag-pvc-pt-pt","14":"product_tag-vermelho","16":"first","17":"instock","18":"taxable","19":"shipping-taxable","20":"purchasable","21":"product-type-simple"},"brands":[{"id":35,"name":"Starvie","slug":"starvie"}],"_links":{"self":[{"href":"https:\/\/tiendapadel5.com\/fr\/wp-json\/wp\/v2\/product\/140744","targetHints":{"allow":["GET"]}}],"collection":[{"href":"https:\/\/tiendapadel5.com\/fr\/wp-json\/wp\/v2\/product"}],"about":[{"href":"https:\/\/tiendapadel5.com\/fr\/wp-json\/wp\/v2\/types\/product"}],"replies":[{"embeddable":true,"href":"https:\/\/tiendapadel5.com\/fr\/wp-json\/wp\/v2\/comments?post=140744"}],"version-history":[{"count":0,"href":"https:\/\/tiendapadel5.com\/fr\/wp-json\/wp\/v2\/product\/140744\/revisions"}],"wp:featuredmedia":[{"embeddable":true,"href":"https:\/\/tiendapadel5.com\/fr\/wp-json\/wp\/v2\/media\/139487"}],"wp:attachment":[{"href":"https:\/\/tiendapadel5.com\/fr\/wp-json\/wp\/v2\/media?parent=140744"}],"wp:term":[{"taxonomy":"pwb-brand","embeddable":true,"href":"https:\/\/tiendapadel5.com\/fr\/wp-json\/wp\/v2\/pwb-brand?post=140744"},{"taxonomy":"product_brand","embeddable":true,"href":"https:\/\/tiendapadel5.com\/fr\/wp-json\/wp\/v2\/product_brand?post=140744"},{"taxonomy":"product_cat","embeddable":true,"href":"https:\/\/tiendapadel5.com\/fr\/wp-json\/wp\/v2\/product_cat?post=140744"},{"taxonomy":"product_tag","embeddable":true,"href":"https:\/\/tiendapadel5.com\/fr\/wp-json\/wp\/v2\/product_tag?post=140744"}],"curies":[{"name":"wp","href":"https:\/\/api.w.org\/{rel}","templated":true}]}}