{"id":137569,"date":"2024-02-22T17:40:22","date_gmt":"2024-02-22T16:40:22","guid":{"rendered":"https:\/\/tiendapadel5.com\/surpoignees-head-extreme-soft-rouge\/"},"modified":"2024-02-22T17:40:22","modified_gmt":"2024-02-22T16:40:22","slug":"surpoignees-head-extreme-soft-rouge","status":"publish","type":"product","link":"https:\/\/tiendapadel5.com\/fr\/surpoignees-head-extreme-soft-rouge\/","title":{"rendered":"Surpoign\u00e9es Head Extreme Soft Rouge"},"content":{"rendered":"<p>Paquet de 3 unit\u00e9s<\/p>\n<p>Couleur Rouge<\/p>\n","protected":false},"excerpt":{"rendered":"<p>Les surgrips Head Extreme Soft Red sont fabriqu\u00e9s en \u00e9lastom\u00e8re super collant avec des perforations extra-larges.<\/p>\n","protected":false},"featured_media":118440,"comment_status":"open","ping_status":"closed","template":"","meta":{"_joinchat":[]},"pwb-brand":[33],"product_brand":[],"product_cat":[23,422,4403],"product_tag":[914,5646,386,1375,2711],"class_list":{"0":"post-137569","1":"product","2":"type-product","3":"status-publish","4":"has-post-thumbnail","6":"pwb-brand-head","7":"product_cat-accesorios-de-padel","8":"product_cat-complementos-head","9":"product_cat-grips-overgrips","10":"product_tag-soft","11":"product_tag-extreme","12":"product_tag-rojo","13":"product_tag-overgrips","14":"product_tag-tete","16":"first","17":"instock","18":"sale","19":"taxable","20":"shipping-taxable","21":"purchasable","22":"product-type-simple"},"brands":[{"id":33,"name":"Head","slug":"head"}],"_links":{"self":[{"href":"https:\/\/tiendapadel5.com\/fr\/wp-json\/wp\/v2\/product\/137569","targetHints":{"allow":["GET"]}}],"collection":[{"href":"https:\/\/tiendapadel5.com\/fr\/wp-json\/wp\/v2\/product"}],"about":[{"href":"https:\/\/tiendapadel5.com\/fr\/wp-json\/wp\/v2\/types\/product"}],"replies":[{"embeddable":true,"href":"https:\/\/tiendapadel5.com\/fr\/wp-json\/wp\/v2\/comments?post=137569"}],"version-history":[{"count":0,"href":"https:\/\/tiendapadel5.com\/fr\/wp-json\/wp\/v2\/product\/137569\/revisions"}],"wp:featuredmedia":[{"embeddable":true,"href":"https:\/\/tiendapadel5.com\/fr\/wp-json\/wp\/v2\/media\/118440"}],"wp:attachment":[{"href":"https:\/\/tiendapadel5.com\/fr\/wp-json\/wp\/v2\/media?parent=137569"}],"wp:term":[{"taxonomy":"pwb-brand","embeddable":true,"href":"https:\/\/tiendapadel5.com\/fr\/wp-json\/wp\/v2\/pwb-brand?post=137569"},{"taxonomy":"product_brand","embeddable":true,"href":"https:\/\/tiendapadel5.com\/fr\/wp-json\/wp\/v2\/product_brand?post=137569"},{"taxonomy":"product_cat","embeddable":true,"href":"https:\/\/tiendapadel5.com\/fr\/wp-json\/wp\/v2\/product_cat?post=137569"},{"taxonomy":"product_tag","embeddable":true,"href":"https:\/\/tiendapadel5.com\/fr\/wp-json\/wp\/v2\/product_tag?post=137569"}],"curies":[{"name":"wp","href":"https:\/\/api.w.org\/{rel}","templated":true}]}}