{"id":135930,"date":"2024-04-30T17:30:30","date_gmt":"2024-04-30T16:30:30","guid":{"rendered":"https:\/\/tiendapadel5.com\/adidas-3s-knit-long-trousers-black\/"},"modified":"2024-04-30T17:30:30","modified_gmt":"2024-04-30T16:30:30","slug":"adidas-3s-knit-long-trousers-black","status":"publish","type":"product","link":"https:\/\/tiendapadel5.com\/fr\/adidas-3s-knit-long-trousers-black\/","title":{"rendered":"Adidas &#8211; 3s Knit Long Trousers Black"},"content":{"rendered":"<h2>Adidas 3s Knit Long Trousers Black Features :<\/h2>\n<table class=\"table table-striped table-product-dimensions table-light table-bordered- table-sm mt-3\">\n<tbody>\n<tr>\n<td class=\"font-weight-500\">1-<\/td>\n<td>Coupe classique<\/td>\n<\/tr>\n<tr>\n<td class=\"font-weight-500\">2-<\/td>\n<td>Taille mi-haute \u00e9lastiqu\u00e9e avec cordon de serrage<\/td>\n<\/tr>\n<tr>\n<td class=\"font-weight-500\">3-<\/td>\n<td>Double tricotage 100% polyester recycl\u00e9<\/td>\n<\/tr>\n<tr>\n<td class=\"font-weight-500\">4-<\/td>\n<td>Inserts en forme de triangle : tissu gaufr\u00e9 en polyester 100 % recycl\u00e9<\/td>\n<\/tr>\n<tr>\n<td class=\"font-weight-500\">5-<\/td>\n<td>AEROREADY<\/td>\n<\/tr>\n<tr>\n<td class=\"font-weight-500\">6-<\/td>\n<td>Poches zipp\u00e9es dans la couture lat\u00e9rale<\/td>\n<\/tr>\n<tr>\n<td class=\"font-weight-500\">Composition<\/td>\n<td>100% REC.PES<\/td>\n<\/tr>\n<tr>\n<td class=\"font-weight-500\">En forme<\/td>\n<td>R\u00c9GULIER<\/td>\n<\/tr>\n<tr>\n<td class=\"font-weight-500\">Collection<\/td>\n<td>Equipement<\/td>\n<\/tr>\n<\/tbody>\n<\/table>\n","protected":false},"excerpt":{"rendered":"<p>Le pantalon long Adidas 3s Knit Black vous permettra de vous d\u00e9placer en toute libert\u00e9. Il est compos\u00e9 d&rsquo;un tissu respirant et de fermetures \u00e9clair aux poignets inf\u00e9rieurs pour un plus grand confort.<\/p>\n","protected":false},"featured_media":135351,"comment_status":"open","ping_status":"closed","template":"","meta":{"_joinchat":[]},"pwb-brand":[28],"product_brand":[],"product_cat":[6130,6132,6134,5899,21,4948,46],"product_tag":[8618,143,548,669,401,657],"class_list":{"0":"post-135930","1":"product","2":"type-product","3":"status-publish","4":"has-post-thumbnail","6":"pwb-brand-adidas-padel","7":"product_cat-black-friday-padel","8":"product_cat-ropa","9":"product_cat-cyber-monday-padel","10":"product_cat-chandales","11":"product_cat-ropa-padel","12":"product_cat-ropa-adidas","13":"product_cat-hombre","14":"product_tag-3s","15":"product_tag-adidas","16":"product_tag-largo","17":"product_tag-negro","18":"product_tag-pantalon","19":"product_tag-knit","20":"pa_talla-l","21":"pa_talla-m","23":"first","24":"instock","25":"sale","26":"taxable","27":"shipping-taxable","28":"purchasable","29":"product-type-variable"},"brands":[{"id":28,"name":"Adidas Padel","slug":"adidas-padel"}],"_links":{"self":[{"href":"https:\/\/tiendapadel5.com\/fr\/wp-json\/wp\/v2\/product\/135930","targetHints":{"allow":["GET"]}}],"collection":[{"href":"https:\/\/tiendapadel5.com\/fr\/wp-json\/wp\/v2\/product"}],"about":[{"href":"https:\/\/tiendapadel5.com\/fr\/wp-json\/wp\/v2\/types\/product"}],"replies":[{"embeddable":true,"href":"https:\/\/tiendapadel5.com\/fr\/wp-json\/wp\/v2\/comments?post=135930"}],"version-history":[{"count":0,"href":"https:\/\/tiendapadel5.com\/fr\/wp-json\/wp\/v2\/product\/135930\/revisions"}],"wp:featuredmedia":[{"embeddable":true,"href":"https:\/\/tiendapadel5.com\/fr\/wp-json\/wp\/v2\/media\/135351"}],"wp:attachment":[{"href":"https:\/\/tiendapadel5.com\/fr\/wp-json\/wp\/v2\/media?parent=135930"}],"wp:term":[{"taxonomy":"pwb-brand","embeddable":true,"href":"https:\/\/tiendapadel5.com\/fr\/wp-json\/wp\/v2\/pwb-brand?post=135930"},{"taxonomy":"product_brand","embeddable":true,"href":"https:\/\/tiendapadel5.com\/fr\/wp-json\/wp\/v2\/product_brand?post=135930"},{"taxonomy":"product_cat","embeddable":true,"href":"https:\/\/tiendapadel5.com\/fr\/wp-json\/wp\/v2\/product_cat?post=135930"},{"taxonomy":"product_tag","embeddable":true,"href":"https:\/\/tiendapadel5.com\/fr\/wp-json\/wp\/v2\/product_tag?post=135930"}],"curies":[{"name":"wp","href":"https:\/\/api.w.org\/{rel}","templated":true}]}}