{"id":135783,"date":"2024-04-30T18:30:57","date_gmt":"2024-04-30T17:30:57","guid":{"rendered":"https:\/\/tiendapadel5.com\/adidas-club-t-shirt-bleu-fonce\/"},"modified":"2025-04-21T17:53:33","modified_gmt":"2025-04-21T16:53:33","slug":"adidas-club-t-shirt-bleu-fonce","status":"publish","type":"product","link":"https:\/\/tiendapadel5.com\/fr\/adidas-club-t-shirt-bleu-fonce\/","title":{"rendered":"Adidas Club &#8211; T-shirt bleu fonc\u00e9"},"content":{"rendered":"<h2>Adidas Club T-Shirt Bleu fonc\u00e9 Caract\u00e9ristiques :<\/h2>\n<table class=\"table table-striped table-product-dimensions table-light table-bordered- table-sm mt-3\">\n<tbody>\n<tr>\n<td class=\"font-weight-500\">1-<\/td>\n<td>Coupe classique<\/td>\n<\/tr>\n<tr>\n<td class=\"font-weight-500\">2-<\/td>\n<td>Col rond<\/td>\n<\/tr>\n<tr>\n<td class=\"font-weight-500\">3-<\/td>\n<td>100% polyester recycl\u00e9 interlock<\/td>\n<\/tr>\n<tr>\n<td class=\"font-weight-500\">4-<\/td>\n<td>Panneau arri\u00e8re et renforts : 100% polyester recycl\u00e9<\/td>\n<\/tr>\n<tr>\n<td class=\"font-weight-500\">5-<\/td>\n<td>AEROREADY<\/td>\n<\/tr>\n<tr>\n<td class=\"font-weight-500\">6-<\/td>\n<td>Renforts en maille sous les emmanchures<\/td>\n<\/tr>\n<tr>\n<td class=\"font-weight-500\">Composition<\/td>\n<td>100% REC.PES<\/td>\n<\/tr>\n<tr>\n<td class=\"font-weight-500\">En forme<\/td>\n<td>R\u00c9GULIER<\/td>\n<\/tr>\n<tr>\n<td class=\"font-weight-500\">Technologie<\/td>\n<td>AEROREADY<\/td>\n<\/tr>\n<tr>\n<td class=\"font-weight-500\">Collection<\/td>\n<td>Club<\/td>\n<\/tr>\n<\/tbody>\n<\/table>\n","protected":false},"excerpt":{"rendered":"<p>Le T-Shirt Club Adidas Bleu fonc\u00e9, con\u00e7u pour vous offrir une plus grande libert\u00e9 de mouvement.<\/p>\n","protected":false},"featured_media":135579,"comment_status":"open","ping_status":"closed","template":"","meta":{"_joinchat":[]},"pwb-brand":[28],"product_brand":[],"product_cat":[6130,6132,87,6134,21,4948,46],"product_tag":[143,295,393,5866,83],"class_list":{"0":"post-135783","1":"product","2":"type-product","3":"status-publish","4":"has-post-thumbnail","6":"pwb-brand-adidas-padel","7":"product_cat-black-friday-padel","8":"product_cat-ropa","9":"product_cat-camisetas","10":"product_cat-cyber-monday-padel","11":"product_cat-ropa-padel","12":"product_cat-ropa-adidas","13":"product_cat-hombre","14":"product_tag-adidas","15":"product_tag-azul","16":"product_tag-club","17":"product_tag-oscuro","18":"product_tag-camiseta","19":"pa_talla-l","20":"pa_talla-m","21":"pa_talla-s","22":"pa_talla-xl","24":"first","25":"instock","26":"sale","27":"taxable","28":"shipping-taxable","29":"purchasable","30":"product-type-variable"},"brands":[{"id":28,"name":"Adidas Padel","slug":"adidas-padel"}],"_links":{"self":[{"href":"https:\/\/tiendapadel5.com\/fr\/wp-json\/wp\/v2\/product\/135783","targetHints":{"allow":["GET"]}}],"collection":[{"href":"https:\/\/tiendapadel5.com\/fr\/wp-json\/wp\/v2\/product"}],"about":[{"href":"https:\/\/tiendapadel5.com\/fr\/wp-json\/wp\/v2\/types\/product"}],"replies":[{"embeddable":true,"href":"https:\/\/tiendapadel5.com\/fr\/wp-json\/wp\/v2\/comments?post=135783"}],"version-history":[{"count":0,"href":"https:\/\/tiendapadel5.com\/fr\/wp-json\/wp\/v2\/product\/135783\/revisions"}],"wp:featuredmedia":[{"embeddable":true,"href":"https:\/\/tiendapadel5.com\/fr\/wp-json\/wp\/v2\/media\/135579"}],"wp:attachment":[{"href":"https:\/\/tiendapadel5.com\/fr\/wp-json\/wp\/v2\/media?parent=135783"}],"wp:term":[{"taxonomy":"pwb-brand","embeddable":true,"href":"https:\/\/tiendapadel5.com\/fr\/wp-json\/wp\/v2\/pwb-brand?post=135783"},{"taxonomy":"product_brand","embeddable":true,"href":"https:\/\/tiendapadel5.com\/fr\/wp-json\/wp\/v2\/product_brand?post=135783"},{"taxonomy":"product_cat","embeddable":true,"href":"https:\/\/tiendapadel5.com\/fr\/wp-json\/wp\/v2\/product_cat?post=135783"},{"taxonomy":"product_tag","embeddable":true,"href":"https:\/\/tiendapadel5.com\/fr\/wp-json\/wp\/v2\/product_tag?post=135783"}],"curies":[{"name":"wp","href":"https:\/\/api.w.org\/{rel}","templated":true}]}}