{"id":10283,"date":"2021-09-07T09:22:10","date_gmt":"2021-09-07T08:22:10","guid":{"rendered":"https:\/\/tiendapadel5.com\/?post_type=product&#038;p=10283"},"modified":"2026-04-22T16:42:25","modified_gmt":"2026-04-22T14:42:25","slug":"munequeras-nox-azul-oscuro-logo-blanco","status":"publish","type":"product","link":"https:\/\/tiendapadel5.com\/fr\/munequeras-nox-azul-oscuro-logo-blanco\/","title":{"rendered":"Mu\u00f1equeras Nox Azul Oscuro Logo Blanco"},"content":{"rendered":"<h2>Mu\u00f1equeras Nox Azul Oscuro Logo Blanco<\/h2>\n<p><strong>Caracter\u00edsticas:<\/strong><\/p>\n<ul>\n<li>Pack 2 Mu\u00f1equeras<\/li>\n<li>Color: Azul oscuro con el logo en blanco<\/li>\n<\/ul>\n","protected":false},"excerpt":{"rendered":"<p>Las Mu\u00f1equeras Nox Azul Oscuro Logo Blanco, estan dise\u00f1adas para tener el confort de algod\u00f3n mezclado con fibras de Nylon y Poli\u00e9ster con la tecnolog\u00eda Balance Fresh de Nox para alejar el sudor. Mantiene la mu\u00f1eca caliente en cada golpeo.<\/p>\n","protected":false},"featured_media":10284,"comment_status":"open","ping_status":"closed","template":"","meta":{"_joinchat":[]},"pwb-brand":[34],"product_brand":[],"product_cat":[23,423,4412],"product_tag":[295,405,1220,674,130,5866],"class_list":{"0":"post-10283","1":"product","2":"type-product","3":"status-publish","4":"has-post-thumbnail","6":"pwb-brand-nox","7":"product_cat-accesorios-de-padel","8":"product_cat-complementos-nox","9":"product_cat-munequeras","10":"product_tag-azul","11":"product_tag-blanco","12":"product_tag-logo","13":"product_tag-munequeras","14":"product_tag-nox","15":"product_tag-oscuro","17":"first","18":"instock","19":"sale","20":"taxable","21":"shipping-taxable","22":"purchasable","23":"product-type-simple"},"brands":[{"id":34,"name":"Nox","slug":"nox"}],"_links":{"self":[{"href":"https:\/\/tiendapadel5.com\/fr\/wp-json\/wp\/v2\/product\/10283","targetHints":{"allow":["GET"]}}],"collection":[{"href":"https:\/\/tiendapadel5.com\/fr\/wp-json\/wp\/v2\/product"}],"about":[{"href":"https:\/\/tiendapadel5.com\/fr\/wp-json\/wp\/v2\/types\/product"}],"replies":[{"embeddable":true,"href":"https:\/\/tiendapadel5.com\/fr\/wp-json\/wp\/v2\/comments?post=10283"}],"version-history":[{"count":0,"href":"https:\/\/tiendapadel5.com\/fr\/wp-json\/wp\/v2\/product\/10283\/revisions"}],"wp:featuredmedia":[{"embeddable":true,"href":"https:\/\/tiendapadel5.com\/fr\/wp-json\/wp\/v2\/media\/10284"}],"wp:attachment":[{"href":"https:\/\/tiendapadel5.com\/fr\/wp-json\/wp\/v2\/media?parent=10283"}],"wp:term":[{"taxonomy":"pwb-brand","embeddable":true,"href":"https:\/\/tiendapadel5.com\/fr\/wp-json\/wp\/v2\/pwb-brand?post=10283"},{"taxonomy":"product_brand","embeddable":true,"href":"https:\/\/tiendapadel5.com\/fr\/wp-json\/wp\/v2\/product_brand?post=10283"},{"taxonomy":"product_cat","embeddable":true,"href":"https:\/\/tiendapadel5.com\/fr\/wp-json\/wp\/v2\/product_cat?post=10283"},{"taxonomy":"product_tag","embeddable":true,"href":"https:\/\/tiendapadel5.com\/fr\/wp-json\/wp\/v2\/product_tag?post=10283"}],"curies":[{"name":"wp","href":"https:\/\/api.w.org\/{rel}","templated":true}]}}