{"id":144503,"date":"2024-06-11T19:17:54","date_gmt":"2024-06-11T17:17:54","guid":{"rendered":"https:\/\/tiendapadel5.com\/grossiste-ux-builder\/"},"modified":"2025-10-24T09:50:20","modified_gmt":"2025-10-24T07:50:20","slug":"grossiste-padel","status":"publish","type":"page","link":"https:\/\/tiendapadel5.com\/fr\/grossiste-padel\/","title":{"rendered":"Grossiste UX Builder"},"content":{"rendered":"\n<h1 style=\"text-align: center;\">Padel Wholesaler | Acheter Padel en gros<\/h1>\n<div class=\"text-center\"><div class=\"is-divider divider clearfix\" style=\"max-width:300px;background-color:#dd0000;\"><\/div><\/div>\n\n<div class=\"row align-center\"  id=\"row-1434520058\">\n\n\n\t<div id=\"col-989617574\" class=\"col medium-4 small-12 large-4\"  >\n\t\t\t\t<div class=\"col-inner\"  >\n\t\t\t\n\t\t\t\n\n\t<div class=\"img has-hover x md-x lg-x y md-y lg-y\" id=\"image_230890870\">\n\t\t\t\t\t\t\t\t<div class=\"img-inner dark\" >\n\t\t\t<img fetchpriority=\"high\" decoding=\"async\" width=\"800\" height=\"800\" src=\"https:\/\/tiendapadel5.com\/wp-content\/uploads\/2024\/12\/WhatsApp-Image-2024-12-05-at-16.16.00-800x800.jpeg\" class=\"attachment-large size-large\" alt=\"mayorista de padel almac\u00e9n\" srcset=\"https:\/\/tiendapadel5.com\/wp-content\/uploads\/2024\/12\/WhatsApp-Image-2024-12-05-at-16.16.00-800x800.jpeg 800w, https:\/\/tiendapadel5.com\/wp-content\/uploads\/2024\/12\/WhatsApp-Image-2024-12-05-at-16.16.00-300x300.jpeg 300w, https:\/\/tiendapadel5.com\/wp-content\/uploads\/2024\/12\/WhatsApp-Image-2024-12-05-at-16.16.00-150x150.jpeg 150w, https:\/\/tiendapadel5.com\/wp-content\/uploads\/2024\/12\/WhatsApp-Image-2024-12-05-at-16.16.00-768x768.jpeg 768w, https:\/\/tiendapadel5.com\/wp-content\/uploads\/2024\/12\/WhatsApp-Image-2024-12-05-at-16.16.00-247x247.jpeg 247w, https:\/\/tiendapadel5.com\/wp-content\/uploads\/2024\/12\/WhatsApp-Image-2024-12-05-at-16.16.00-400x400.jpeg 400w, https:\/\/tiendapadel5.com\/wp-content\/uploads\/2024\/12\/WhatsApp-Image-2024-12-05-at-16.16.00-100x100.jpeg 100w, https:\/\/tiendapadel5.com\/wp-content\/uploads\/2024\/12\/WhatsApp-Image-2024-12-05-at-16.16.00.jpeg 1511w\" sizes=\"(max-width: 800px) 100vw, 800px\" \/>\t\t\t\t\t\t\n\t\t\t\t\t<\/div>\n\t\t\t\t\t\t\t\t\n<style>\n#image_230890870 {\n  width: 100%;\n}\n<\/style>\n\t<\/div>\n\t\n\n\n\t\t<\/div>\n\t\t\t\t\t<\/div>\n\n\t\n\n\t<div id=\"col-1678993062\" class=\"col medium-6 small-12 large-6\"  >\n\t\t\t\t<div class=\"col-inner\"  >\n\t\t\t\n\t\t\t\n\n<p>Padel5 est l&rsquo;un des <strong>premiers distributeurs de padel en Espagne<\/strong>. Nous avons commenc\u00e9 en 2012, nous avons d\u00e9j\u00e0 <strong>plus de 10 ans d&rsquo;exp\u00e9rience<\/strong> dans la distribution de produits dans diff\u00e9rents pays du monde.<\/p>\n<p>Gr\u00e2ce \u00e0 nos conditions, vous pouvez acc\u00e9der \u00e0 un grand nombre de <strong>raquettes de padel au meilleur prix et avec peu d&rsquo;investissement<\/strong>.<\/p>\n<p>Nous avons des <strong>franchises de padel<\/strong> dans le monde entier, nous sommes pr\u00e9sents sur le march\u00e9 depuis de nombreuses ann\u00e9es et nous continuons \u00e0 nous d\u00e9velopper. Nous proposons des prix comp\u00e9titifs et peu d&rsquo;exigences en mati\u00e8re de commande.<\/p>\n<p>Nous sommes le distributeur qu&rsquo;il vous faut pour vendre les <strong>meilleures raquettes de padel des plus grandes marques<\/strong> dans votre magasin.<\/p>\n\n\t\t<\/div>\n\t\t\t\t\t<\/div>\n\n\t\n\n<\/div>\n\t<div id=\"gap-843089180\" class=\"gap-element clearfix\" style=\"display:block; height:auto;\">\n\t\t\n<style>\n#gap-843089180 {\n  padding-top: 30px;\n}\n<\/style>\n\t<\/div>\n\t\n\n<h2 style=\"text-align: center;\">Vous souhaitez vendre du mat\u00e9riel de padel ?<\/h2>\n<div class=\"text-center\"><div class=\"is-divider divider clearfix\" style=\"max-width:300px;background-color:#dd0000;\"><\/div><\/div>\n\n<div class=\"row\"  id=\"row-970756716\">\n\n\n\t<div id=\"col-1299123957\" class=\"col medium-6 small-12 large-6\"  >\n\t\t\t\t<div class=\"col-inner text-center\"  >\n\t\t\t\n\t\t\t\n\n<a href=\"mailto:padel5@tiendapadel5.com\" target=\"_blank\" class=\"button primary is-outline expand\" rel=\"noopener\" >\n\t\t<span>\u00c9crivez-nous un courriel<\/span>\n\t<i class=\"icon-envelop\" aria-hidden=\"true\"><\/i><\/a>\n\n\n\n\t\t<\/div>\n\t\t\t\t\t<\/div>\n\n\t\n\n\t<div id=\"col-1613723739\" class=\"col medium-6 small-12 large-6\"  >\n\t\t\t\t<div class=\"col-inner text-center\"  >\n\t\t\t\n\t\t\t\n\n<a href=\"tel:+34610722717\" target=\"_blank\" class=\"button primary is-outline expand\" rel=\"noopener\" >\n\t\t<span>appelez-nous au<\/span>\n\t<i class=\"icon-phone\" aria-hidden=\"true\"><\/i><\/a>\n\n\n\n\t\t<\/div>\n\t\t\t\t\t<\/div>\n\n\t\n\n<\/div>\n<div class=\"row align-equal align-center\"  id=\"row-487432054\">\n\n\n\t<div id=\"col-1830149000\" class=\"col medium-3 small-12 large-3\"  >\n\t\t\t\t<div class=\"col-inner\"  >\n\t\t\t\n\t\t\t\n\n\t<div class=\"img has-hover x md-x lg-x y md-y lg-y\" id=\"image_1976891589\">\n\t\t\t\t\t\t\t\t<div class=\"img-inner dark\" >\n\t\t\t<img decoding=\"async\" width=\"800\" height=\"800\" src=\"https:\/\/tiendapadel5.com\/wp-content\/uploads\/2024\/12\/WhatsApp-Image-2024-12-05-at-16.17.34-800x800.jpeg\" class=\"attachment-large size-large\" alt=\"\" srcset=\"https:\/\/tiendapadel5.com\/wp-content\/uploads\/2024\/12\/WhatsApp-Image-2024-12-05-at-16.17.34-800x800.jpeg 800w, https:\/\/tiendapadel5.com\/wp-content\/uploads\/2024\/12\/WhatsApp-Image-2024-12-05-at-16.17.34-300x300.jpeg 300w, https:\/\/tiendapadel5.com\/wp-content\/uploads\/2024\/12\/WhatsApp-Image-2024-12-05-at-16.17.34-150x150.jpeg 150w, https:\/\/tiendapadel5.com\/wp-content\/uploads\/2024\/12\/WhatsApp-Image-2024-12-05-at-16.17.34-768x768.jpeg 768w, https:\/\/tiendapadel5.com\/wp-content\/uploads\/2024\/12\/WhatsApp-Image-2024-12-05-at-16.17.34-247x247.jpeg 247w, https:\/\/tiendapadel5.com\/wp-content\/uploads\/2024\/12\/WhatsApp-Image-2024-12-05-at-16.17.34-400x400.jpeg 400w, https:\/\/tiendapadel5.com\/wp-content\/uploads\/2024\/12\/WhatsApp-Image-2024-12-05-at-16.17.34-100x100.jpeg 100w, https:\/\/tiendapadel5.com\/wp-content\/uploads\/2024\/12\/WhatsApp-Image-2024-12-05-at-16.17.34.jpeg 1536w\" sizes=\"(max-width: 800px) 100vw, 800px\" \/>\t\t\t\t\t\t\n\t\t\t\t\t<\/div>\n\t\t\t\t\t\t\t\t\n<style>\n#image_1976891589 {\n  width: 100%;\n}\n<\/style>\n\t<\/div>\n\t\n\n\n\t\t<\/div>\n\t\t\t\t\t<\/div>\n\n\t\n\n\t<div id=\"col-1290695753\" class=\"col medium-3 small-12 large-3\"  >\n\t\t\t\t<div class=\"col-inner\"  >\n\t\t\t\n\t\t\t\n\n\t<div class=\"img has-hover x md-x lg-x y md-y lg-y\" id=\"image_967063043\">\n\t\t\t\t\t\t\t\t<div class=\"img-inner dark\" >\n\t\t\t<img decoding=\"async\" width=\"800\" height=\"800\" src=\"https:\/\/tiendapadel5.com\/wp-content\/uploads\/2024\/12\/WhatsApp-Image-2024-12-05-at-16.16.18-1-800x800.jpeg\" class=\"attachment-large size-large\" alt=\"almacen material padel al por mayor\" srcset=\"https:\/\/tiendapadel5.com\/wp-content\/uploads\/2024\/12\/WhatsApp-Image-2024-12-05-at-16.16.18-1-800x800.jpeg 800w, https:\/\/tiendapadel5.com\/wp-content\/uploads\/2024\/12\/WhatsApp-Image-2024-12-05-at-16.16.18-1-300x300.jpeg 300w, https:\/\/tiendapadel5.com\/wp-content\/uploads\/2024\/12\/WhatsApp-Image-2024-12-05-at-16.16.18-1-150x150.jpeg 150w, https:\/\/tiendapadel5.com\/wp-content\/uploads\/2024\/12\/WhatsApp-Image-2024-12-05-at-16.16.18-1-768x768.jpeg 768w, https:\/\/tiendapadel5.com\/wp-content\/uploads\/2024\/12\/WhatsApp-Image-2024-12-05-at-16.16.18-1-247x247.jpeg 247w, https:\/\/tiendapadel5.com\/wp-content\/uploads\/2024\/12\/WhatsApp-Image-2024-12-05-at-16.16.18-1-400x400.jpeg 400w, https:\/\/tiendapadel5.com\/wp-content\/uploads\/2024\/12\/WhatsApp-Image-2024-12-05-at-16.16.18-1-100x100.jpeg 100w, https:\/\/tiendapadel5.com\/wp-content\/uploads\/2024\/12\/WhatsApp-Image-2024-12-05-at-16.16.18-1.jpeg 1536w\" sizes=\"(max-width: 800px) 100vw, 800px\" \/>\t\t\t\t\t\t\n\t\t\t\t\t<\/div>\n\t\t\t\t\t\t\t\t\n<style>\n#image_967063043 {\n  width: 100%;\n}\n<\/style>\n\t<\/div>\n\t\n\n\n\t\t<\/div>\n\t\t\t\t\t<\/div>\n\n\t\n\n\t<div id=\"col-752256257\" class=\"col medium-3 small-12 large-3\"  >\n\t\t\t\t<div class=\"col-inner\"  >\n\t\t\t\n\t\t\t\n\n\t<div class=\"img has-hover x md-x lg-x y md-y lg-y\" id=\"image_1227167577\">\n\t\t\t\t\t\t\t\t<div class=\"img-inner dark\" >\n\t\t\t<img loading=\"lazy\" decoding=\"async\" width=\"800\" height=\"800\" src=\"https:\/\/tiendapadel5.com\/wp-content\/uploads\/2022\/12\/imagen-mayorista-padel-800x800.jpg\" class=\"attachment-large size-large\" alt=\"imagen mayorista de padel\" srcset=\"https:\/\/tiendapadel5.com\/wp-content\/uploads\/2022\/12\/imagen-mayorista-padel-800x800.jpg 800w, https:\/\/tiendapadel5.com\/wp-content\/uploads\/2022\/12\/imagen-mayorista-padel-300x300.jpg 300w, https:\/\/tiendapadel5.com\/wp-content\/uploads\/2022\/12\/imagen-mayorista-padel-150x150.jpg 150w, https:\/\/tiendapadel5.com\/wp-content\/uploads\/2022\/12\/imagen-mayorista-padel-768x768.jpg 768w, https:\/\/tiendapadel5.com\/wp-content\/uploads\/2022\/12\/imagen-mayorista-padel-900x900.jpg 900w, https:\/\/tiendapadel5.com\/wp-content\/uploads\/2022\/12\/imagen-mayorista-padel-247x247.jpg 247w, https:\/\/tiendapadel5.com\/wp-content\/uploads\/2022\/12\/imagen-mayorista-padel-400x400.jpg 400w, https:\/\/tiendapadel5.com\/wp-content\/uploads\/2022\/12\/imagen-mayorista-padel-100x100.jpg 100w, https:\/\/tiendapadel5.com\/wp-content\/uploads\/2022\/12\/imagen-mayorista-padel.jpg 1440w\" sizes=\"(max-width: 800px) 100vw, 800px\" \/>\t\t\t\t\t\t\n\t\t\t\t\t<\/div>\n\t\t\t\t\t\t\t\t\n<style>\n#image_1227167577 {\n  width: 100%;\n}\n<\/style>\n\t<\/div>\n\t\n\n\n\t\t<\/div>\n\t\t\t\t\t<\/div>\n\n\t\n\n\t<div id=\"col-1271732055\" class=\"col medium-3 small-12 large-3\"  >\n\t\t\t\t<div class=\"col-inner\"  >\n\t\t\t\n\t\t\t\n\n\t<div class=\"img has-hover x md-x lg-x y md-y lg-y\" id=\"image_786524296\">\n\t\t\t\t\t\t\t\t<div class=\"img-inner dark\" >\n\t\t\t<img loading=\"lazy\" decoding=\"async\" width=\"480\" height=\"480\" src=\"https:\/\/tiendapadel5.com\/wp-content\/uploads\/2024\/03\/IMG_8341.jpeg\" class=\"attachment-large size-large\" alt=\"almac\u00e9n de material de Padel\" srcset=\"https:\/\/tiendapadel5.com\/wp-content\/uploads\/2024\/03\/IMG_8341.jpeg 480w, https:\/\/tiendapadel5.com\/wp-content\/uploads\/2024\/03\/IMG_8341-300x300.jpeg 300w, https:\/\/tiendapadel5.com\/wp-content\/uploads\/2024\/03\/IMG_8341-150x150.jpeg 150w, https:\/\/tiendapadel5.com\/wp-content\/uploads\/2024\/03\/IMG_8341-247x247.jpeg 247w, https:\/\/tiendapadel5.com\/wp-content\/uploads\/2024\/03\/IMG_8341-400x400.jpeg 400w, https:\/\/tiendapadel5.com\/wp-content\/uploads\/2024\/03\/IMG_8341-100x100.jpeg 100w\" sizes=\"(max-width: 480px) 100vw, 480px\" \/>\t\t\t\t\t\t\n\t\t\t\t\t<\/div>\n\t\t\t\t\t\t\t\t\n<style>\n#image_786524296 {\n  width: 100%;\n}\n<\/style>\n\t<\/div>\n\t\n\n\n\t\t<\/div>\n\t\t\t\t\t<\/div>\n\n\t\n\n<\/div>\n\t<div id=\"gap-212058911\" class=\"gap-element clearfix\" style=\"display:block; height:auto;\">\n\t\t\n<style>\n#gap-212058911 {\n  padding-top: 30px;\n}\n<\/style>\n\t<\/div>\n\t\n\n<h2 style=\"text-align: center;\">Qualit\u00e9 et prix des mat\u00e9riaux en gros pour les pagaies<\/h2>\n<div class=\"text-center\"><div class=\"is-divider divider clearfix\" style=\"max-width:300px;background-color:#dd0000;\"><\/div><\/div>\n\n<p>Chez Padel5, nous avons <strong>le catalogue le plus complet de produits de padel<\/strong>. Nous sommes soutenus par la qualit\u00e9, la s\u00e9curit\u00e9 et la confiance que nous accordent des milliers de clients dans le monde entier.<\/p>\n<div>Nous nous assurons d&rsquo;avoir toujours les <strong>derniers et les meilleurs prix<\/strong> sur tous les types d&rsquo;\u00e9quipement de padel en gros : raquettes de padel, balles, supports de padel, chaussures, accessoires, et bien plus encore.<\/div>\n<div> <\/div>\n<div>Nous exp\u00e9dions aux quatre coins du monde. O\u00f9 que vous soyez, <strong>si vous voulez que votre magasin de padel vende la meilleure qualit\u00e9, contactez-nous !<\/strong><\/div>\n\t<div id=\"gap-1267241486\" class=\"gap-element clearfix\" style=\"display:block; height:auto;\">\n\t\t\n<style>\n#gap-1267241486 {\n  padding-top: 50px;\n}\n<\/style>\n\t<\/div>\n\t\n\n<h2 style=\"text-align: center;\">Contact<\/h2>\n<div class=\"row\"  id=\"row-1393916099\">\n\n\n\t<div id=\"col-8540088\" class=\"col medium-2 small-12 large-2\"  >\n\t\t\t\t<div class=\"col-inner text-center\"  >\n\t\t\t\n\t\t\t\n\n\n\t\t<\/div>\n\t\t\t\t\t<\/div>\n\n\t\n\n\t<div id=\"col-1667319679\" class=\"col medium-8 small-12 large-8\"  >\n\t\t\t\t<div class=\"col-inner text-center\"  >\n\t\t\t\n\t\t\t\n\n\t<div id=\"text-109585472\" class=\"text\">\n\t\t\n\n<div class=\"wpforms-container wpforms-container-full\" id=\"wpforms-171027\"><form id=\"wpforms-form-171027\" class=\"wpforms-validate wpforms-form wpforms-ajax-form\" data-formid=\"171027\" method=\"post\" enctype=\"multipart\/form-data\" action=\"\/fr\/wp-json\/wp\/v2\/pages\/144503\" data-token=\"249dc081f905e42d4d7386d6ba36acf0\" data-token-time=\"1777739440\"><noscript class=\"wpforms-error-noscript\">Veuillez activer JavaScript dans votre navigateur pour remplir ce formulaire.<\/noscript><div class=\"wpforms-field-container\"><div id=\"wpforms-171027-field_0-container\" class=\"wpforms-field wpforms-field-name\" data-field-id=\"0\"><label class=\"wpforms-field-label\" for=\"wpforms-171027-field_0\">Nombre completo <span class=\"wpforms-required-label\">*<\/span><\/label><input type=\"text\" id=\"wpforms-171027-field_0\" class=\"wpforms-field-large wpforms-field-required\" name=\"wpforms[fields][0]\" required><\/div><div id=\"wpforms-171027-field_9-container\" class=\"wpforms-field wpforms-field-text\" data-field-id=\"9\"><label class=\"wpforms-field-label\" for=\"wpforms-171027-field_9\">Tel\u00e9fono de contacto <span class=\"wpforms-required-label\">*<\/span><\/label><input type=\"text\" id=\"wpforms-171027-field_9\" class=\"wpforms-field-large wpforms-field-required wpforms-masked-input\" data-rule-inputmask-incomplete=\"1\" data-inputmask-mask=\"999-999-999\" name=\"wpforms[fields][9]\" required><\/div><div id=\"wpforms-171027-field_1-container\" class=\"wpforms-field wpforms-field-email\" data-field-id=\"1\"><label class=\"wpforms-field-label\" for=\"wpforms-171027-field_1\">Correo electr\u00f3nico <span class=\"wpforms-required-label\">*<\/span><\/label><input type=\"email\" id=\"wpforms-171027-field_1\" class=\"wpforms-field-large wpforms-field-required\" name=\"wpforms[fields][1]\" spellcheck=\"false\" required><\/div><div id=\"wpforms-171027-field_2-container\" class=\"wpforms-field wpforms-field-textarea\" data-field-id=\"2\"><label class=\"wpforms-field-label\" for=\"wpforms-171027-field_2\">Comentario o mensaje <span class=\"wpforms-required-label\">*<\/span><\/label><textarea id=\"wpforms-171027-field_2\" class=\"wpforms-field-medium wpforms-field-required\" name=\"wpforms[fields][2]\" required><\/textarea><\/div><div id=\"wpforms-171027-field_11-container\" class=\"wpforms-field wpforms-field-checkbox\" data-field-id=\"11\"><label class=\"wpforms-field-label wpforms-label-hide\">Protecci\u00f3n de datos <span class=\"wpforms-required-label\">*<\/span><\/label><ul id=\"wpforms-171027-field_11\" class=\"wpforms-field-required\"><li class=\"choice-1 depth-1\"><input type=\"checkbox\" id=\"wpforms-171027-field_11_1\" name=\"wpforms[fields][11][]\" value=\"Consiento el tratamiento de datos\" required ><label class=\"wpforms-field-label-inline\" for=\"wpforms-171027-field_11_1\">Consiento el tratamiento de datos<\/label><\/li><\/ul><div class=\"wpforms-field-description\">De conformidad con Reglamento General de Protecci\u00f3n de Datos (en adelante, RGPD), y de acuerdo a la Ley Org\u00e1nica 3\/2018, de 5 de diciembre, de Protecci\u00f3n de Datos Personales y garant\u00eda de los derechos digitales, Vd. da su consentimiento para el tratamiento de los datos personales aportados a trav\u00e9s de su petici\u00f3n. Estos ser\u00e1n incorporados al fichero correspondiente titularidad de PROZERIMAR SL, inscrito en el Registro de Actividades de Tratamiento. Sus datos ser\u00e1n utilizados en la gesti\u00f3n administrativa y comercial de su petici\u00f3n y de nuestra eventual relaci\u00f3n contractual y no ser\u00e1n cedidos a terceros, salvo obligaci\u00f3n legal. Le informamos que podr\u00e1 ejercer los derechos establecidos en RGPD: Derecho a solicitar el acceso a los datos personales relativos al interesado, a solicitar su rectificaci\u00f3n o supresi\u00f3n, a solicitar la limitaci\u00f3n de su tratamiento, a oponerse al tratamiento y a la portabilidad de los datos; a trav\u00e9s de carta certificada, adjuntando fotocopia de su DNI\/Pasaporte, en la siguiente direcci\u00f3n: CR BAILEN MOTRIL KM 15, 23620 MENGIBAR (JAEN). Puede consultar la informaci\u00f3n adicional y detallada sobre Protecci\u00f3n de Datos solicitando documento informativo detallado que se encuentra a su disposici\u00f3n.<\/div><\/div><\/div><!-- .wpforms-field-container --><div class=\"wpforms-recaptcha-container wpforms-is-recaptcha wpforms-is-recaptcha-type-v2\" ><div class=\"g-recaptcha\" data-sitekey=\"6Lcz9P4ZAAAAAGjCwFVbsUBkQCE4eWpDcFa5om6P\"><\/div><input type=\"text\" name=\"g-recaptcha-hidden\" class=\"wpforms-recaptcha-hidden\" style=\"position:absolute!important;clip:rect(0,0,0,0)!important;height:1px!important;width:1px!important;border:0!important;overflow:hidden!important;padding:0!important;margin:0!important;\" data-rule-recaptcha=\"1\"><\/div><div class=\"wpforms-submit-container\" ><input type=\"hidden\" name=\"wpforms[id]\" value=\"171027\"><input type=\"hidden\" name=\"page_title\" value=\"\"><input type=\"hidden\" name=\"page_url\" value=\"https:\/\/tiendapadel5.com\/fr\/wp-json\/wp\/v2\/pages\/144503\"><input type=\"hidden\" name=\"url_referer\" value=\"\"><button type=\"submit\" name=\"wpforms[submit]\" id=\"wpforms-submit-171027\" class=\"wpforms-submit\" data-alt-text=\"Enviando...\" data-submit-text=\"Enviar\" aria-live=\"assertive\" value=\"wpforms-submit\">Enviar<\/button><img loading=\"lazy\" decoding=\"async\" src=\"https:\/\/tiendapadel5.com\/wp-content\/plugins\/wpforms-lite\/assets\/images\/submit-spin.svg\" class=\"wpforms-submit-spinner\" style=\"display: none;\" width=\"26\" height=\"26\" alt=\"Chargement en cours\"><\/div><\/form><\/div>  <!-- .wpforms-container -->\n\t\t\n<style>\n#text-109585472 {\n  text-align: left;\n}\n<\/style>\n\t<\/div>\n\t\n\n\t\t<\/div>\n\t\t\t\t\t<\/div>\n\n\t\n\n\t<div id=\"col-1557227766\" class=\"col medium-2 small-12 large-2\"  >\n\t\t\t\t<div class=\"col-inner text-center\"  >\n\t\t\t\n\t\t\t\n\n\n\t\t<\/div>\n\t\t\t\t\t<\/div>\n\n\t\n\n<\/div>\n<div class=\"text-center\"><div class=\"is-divider divider clearfix\" style=\"max-width:300px;background-color:#dd0000;\"><\/div><\/div>\n\n<h2 style=\"text-align: center;\">Quelques-uns de nos franchis\u00e9s<\/h2>\n<div class=\"text-center\"><div class=\"is-divider divider clearfix\" style=\"max-width:300px;background-color:#dd0000;\"><\/div><\/div>\n\n<div class=\"row\"  id=\"row-1003761832\">\n\n\n\t<div id=\"col-628446912\" class=\"col medium-5 small-12 large-5\"  >\n\t\t\t\t<div class=\"col-inner\"  >\n\t\t\t\n\t\t\t\n\n\t<div class=\"img has-hover x md-x lg-x y md-y lg-y\" id=\"image_237926799\">\n\t\t\t\t\t\t\t\t<div class=\"img-inner dark\" >\n\t\t\t<img loading=\"lazy\" decoding=\"async\" width=\"352\" height=\"108\" src=\"https:\/\/tiendapadel5.com\/wp-content\/uploads\/2024\/05\/img-franquiciado-x3padelmalaga.png\" class=\"attachment-large size-large\" alt=\"x3padel es franquiciado de Padel5\" srcset=\"https:\/\/tiendapadel5.com\/wp-content\/uploads\/2024\/05\/img-franquiciado-x3padelmalaga.png 352w, https:\/\/tiendapadel5.com\/wp-content\/uploads\/2024\/05\/img-franquiciado-x3padelmalaga-300x92.png 300w\" sizes=\"(max-width: 352px) 100vw, 352px\" \/>\t\t\t\t\t\t\n\t\t\t\t\t<\/div>\n\t\t\t\t\t\t\t\t\n<style>\n#image_237926799 {\n  width: 100%;\n}\n<\/style>\n\t<\/div>\n\t\n\n\n\t\t<\/div>\n\t\t\t\t\t<\/div>\n\n\t\n\n\t<div id=\"col-266115395\" class=\"col medium-7 small-12 large-7\"  >\n\t\t\t\t<div class=\"col-inner\"  >\n\t\t\t\n\t\t\t\n\n<h3><span style=\"font-size: 130%;\">X3 Padel<\/span><\/h3>\n<p><span style=\"font-size: 130%;\">Web : x3padel.es<\/span><\/p>\n<p><span style=\"font-size: 130%;\">Adresse : Calle Miguel de Cervantes, 1<\/span><\/p>\n<p><span style=\"font-size: 130%;\">29730, Rinc\u00f3n de la Victoria (M\u00e1laga)<\/span><\/p>\n<p><span style=\"font-size: 130%;\">Espagne<\/span><\/p>\n\n\t\t<\/div>\n\t\t\t\t\t<\/div>\n\n\t\n\n<\/div>\n<div class=\"row\"  id=\"row-838684959\">\n\n\n\t<div id=\"col-1660481429\" class=\"col medium-5 small-12 large-5\"  >\n\t\t\t\t<div class=\"col-inner\"  >\n\t\t\t\n\t\t\t\n\n\t<div class=\"img has-hover x md-x lg-x y md-y lg-y\" id=\"image_1276004823\">\n\t\t\t\t\t\t\t\t<div class=\"img-inner dark\" >\n\t\t\t<img loading=\"lazy\" decoding=\"async\" width=\"800\" height=\"509\" src=\"https:\/\/tiendapadel5.com\/wp-content\/uploads\/2025\/10\/tienda-padel-italia-800x509.jpeg\" class=\"attachment-large size-large\" alt=\"tienda padel Italia\" srcset=\"https:\/\/tiendapadel5.com\/wp-content\/uploads\/2025\/10\/tienda-padel-italia-800x509.jpeg 800w, https:\/\/tiendapadel5.com\/wp-content\/uploads\/2025\/10\/tienda-padel-italia-400x254.jpeg 400w, https:\/\/tiendapadel5.com\/wp-content\/uploads\/2025\/10\/tienda-padel-italia-300x191.jpeg 300w, https:\/\/tiendapadel5.com\/wp-content\/uploads\/2025\/10\/tienda-padel-italia-768x488.jpeg 768w, https:\/\/tiendapadel5.com\/wp-content\/uploads\/2025\/10\/tienda-padel-italia-1536x976.jpeg 1536w, https:\/\/tiendapadel5.com\/wp-content\/uploads\/2025\/10\/tienda-padel-italia.jpeg 1600w\" sizes=\"(max-width: 800px) 100vw, 800px\" \/>\t\t\t\t\t\t\n\t\t\t\t\t<\/div>\n\t\t\t\t\t\t\t\t\n<style>\n#image_1276004823 {\n  width: 100%;\n}\n<\/style>\n\t<\/div>\n\t\n\n\n\t\t<\/div>\n\t\t\t\t\t<\/div>\n\n\t\n\n\t<div id=\"col-1505209825\" class=\"col medium-7 small-12 large-7\"  >\n\t\t\t\t<div class=\"col-inner\"  >\n\t\t\t\n\t\t\t\n\n\t<div id=\"gap-215366747\" class=\"gap-element clearfix\" style=\"display:block; height:auto;\">\n\t\t\n<style>\n#gap-215366747 {\n  padding-top: 30px;\n}\n<\/style>\n\t<\/div>\n\t\n\n<div class=\"elementor-column elementor-col-50 elementor-top-column elementor-element elementor-element-7af2822 exad-glass-effect-no exad-sticky-section-no\" data-id=\"7af2822\" data-element_type=\"column\">\n<div class=\"elementor-widget-wrap elementor-element-populated\">\n<div class=\"elementor-element elementor-element-a83d3eb exad-sticky-section-no exad-glass-effect-no elementor-widget elementor-widget-text-editor\" data-id=\"a83d3eb\" data-element_type=\"widget\" data-widget_type=\"text-editor.default\">\n<div class=\"elementor-widget-container\">\n<h3>A.S.D. BOLA PADEL CLUB<\/h3>\n<p><span style=\"font-size: 130%;\">Adresse : Viale Virgilio Lavori 9\/B<\/span><\/p>\n<p><span style=\"font-size: 130%;\">97019, Vittoria (Ragusa)<\/span><\/p>\n<p><span style=\"font-size: 130%;\">Italie<\/span><\/p>\n<\/div>\n<\/div>\n<\/div>\n<\/div>\n\n\t\t<\/div>\n\t\t\t\t\t<\/div>\n\n\t\n\n<\/div>\n<div class=\"row\"  id=\"row-1384146759\">\n\n\n\t<div id=\"col-1846693199\" class=\"col medium-5 small-12 large-5\"  >\n\t\t\t\t<div class=\"col-inner\"  >\n\t\t\t\n\t\t\t\n\n\t<div class=\"img has-hover x md-x lg-x y md-y lg-y\" id=\"image_440566581\">\n\t\t\t\t\t\t\t\t<div class=\"img-inner dark\" >\n\t\t\t<img loading=\"lazy\" decoding=\"async\" width=\"800\" height=\"558\" src=\"https:\/\/tiendapadel5.com\/wp-content\/uploads\/2025\/10\/tienda-padel-malaga-800x558.jpg\" class=\"attachment-large size-large\" alt=\"tienda padel malaga\" srcset=\"https:\/\/tiendapadel5.com\/wp-content\/uploads\/2025\/10\/tienda-padel-malaga-800x558.jpg 800w, https:\/\/tiendapadel5.com\/wp-content\/uploads\/2025\/10\/tienda-padel-malaga-400x279.jpg 400w, https:\/\/tiendapadel5.com\/wp-content\/uploads\/2025\/10\/tienda-padel-malaga-300x209.jpg 300w, https:\/\/tiendapadel5.com\/wp-content\/uploads\/2025\/10\/tienda-padel-malaga-768x535.jpg 768w, https:\/\/tiendapadel5.com\/wp-content\/uploads\/2025\/10\/tienda-padel-malaga-1536x1070.jpg 1536w, https:\/\/tiendapadel5.com\/wp-content\/uploads\/2025\/10\/tienda-padel-malaga.jpg 1663w\" sizes=\"(max-width: 800px) 100vw, 800px\" \/>\t\t\t\t\t\t\n\t\t\t\t\t<\/div>\n\t\t\t\t\t\t\t\t\n<style>\n#image_440566581 {\n  width: 100%;\n}\n<\/style>\n\t<\/div>\n\t\n\n\n\t\t<\/div>\n\t\t\t\t\t<\/div>\n\n\t\n\n\t<div id=\"col-793795633\" class=\"col medium-7 small-12 large-7\"  >\n\t\t\t\t<div class=\"col-inner\"  >\n\t\t\t\n\t\t\t\n\n\t<div id=\"gap-1614185885\" class=\"gap-element clearfix\" style=\"display:block; height:auto;\">\n\t\t\n<style>\n#gap-1614185885 {\n  padding-top: 30px;\n}\n<\/style>\n\t<\/div>\n\t\n\n<h3><span style=\"font-size: 130%;\">Boutique \u00e0 Malaga<\/span><\/h3>\n<p><span style=\"font-size: 130%;\">Adresse : Calle Pac\u00edfico 32<\/span><\/p>\n<p><span style=\"font-size: 130%;\">29004, Malaga<\/span><\/p>\n<p><span style=\"font-size: 130%;\">Espagne<\/span><\/p>\n\n\t\t<\/div>\n\t\t\t\t\t<\/div>\n\n\t\n\n<\/div>\n\n","protected":false},"excerpt":{"rendered":"","protected":false},"author":1045,"featured_media":0,"parent":0,"menu_order":0,"comment_status":"closed","ping_status":"closed","template":"","meta":{"_joinchat":[],"footnotes":""},"class_list":["post-144503","page","type-page","status-publish","hentry"],"_links":{"self":[{"href":"https:\/\/tiendapadel5.com\/fr\/wp-json\/wp\/v2\/pages\/144503","targetHints":{"allow":["GET"]}}],"collection":[{"href":"https:\/\/tiendapadel5.com\/fr\/wp-json\/wp\/v2\/pages"}],"about":[{"href":"https:\/\/tiendapadel5.com\/fr\/wp-json\/wp\/v2\/types\/page"}],"author":[{"embeddable":true,"href":"https:\/\/tiendapadel5.com\/fr\/wp-json\/wp\/v2\/users\/1045"}],"replies":[{"embeddable":true,"href":"https:\/\/tiendapadel5.com\/fr\/wp-json\/wp\/v2\/comments?post=144503"}],"version-history":[{"count":0,"href":"https:\/\/tiendapadel5.com\/fr\/wp-json\/wp\/v2\/pages\/144503\/revisions"}],"wp:attachment":[{"href":"https:\/\/tiendapadel5.com\/fr\/wp-json\/wp\/v2\/media?parent=144503"}],"curies":[{"name":"wp","href":"https:\/\/api.w.org\/{rel}","templated":true}]}}