{"id":97037,"date":"2023-11-11T11:29:40","date_gmt":"2023-11-11T10:29:40","guid":{"rendered":"https:\/\/tiendapadel5.com\/?post_type=product&#038;p=97037"},"modified":"2026-04-02T14:21:05","modified_gmt":"2026-04-02T12:21:05","slug":"pantalon-adidas-ent22-sw-azul","status":"publish","type":"product","link":"https:\/\/tiendapadel5.com\/en\/pantalon-adidas-ent22-sw-azul\/","title":{"rendered":"Pantal\u00f3n Adidas ENT22 SW Azul"},"content":{"rendered":"<h2>Caracter\u00edsticas Pantal\u00f3n Adidas ENT22 SW Azul<\/h2>\n<table class=\"table table-striped table-product-dimensions table-light table-bordered- table-sm mt-3\">\n<tbody>\n<tr>\n<td class=\"font-weight-500\">1-<\/td>\n<td>Corte cl\u00e1sico con cintura de talle medio<\/td>\n<\/tr>\n<tr>\n<td class=\"font-weight-500\">2-<\/td>\n<td>Cintura el\u00e1stica con cord\u00f3n<\/td>\n<\/tr>\n<tr>\n<td class=\"font-weight-500\">3-<\/td>\n<td>Felpa 70% algod\u00f3n \/ 30% poli\u00e9ster reciclado<\/td>\n<\/tr>\n<tr>\n<td class=\"font-weight-500\">5-<\/td>\n<td>Bolsillos en las costuras laterales<\/td>\n<\/tr>\n<tr>\n<td class=\"font-weight-500\">6-<\/td>\n<td>Pu\u00f1os de canal\u00e9<\/td>\n<\/tr>\n<tr>\n<td class=\"font-weight-500\">Composici\u00f3n<\/td>\n<td>70% Algod\u00f3n\/30% REC.PES<\/td>\n<\/tr>\n<tr>\n<td class=\"font-weight-500\">Fit<\/td>\n<td>REGULAR<\/td>\n<\/tr>\n<tr>\n<td class=\"font-weight-500\">Colecci\u00f3n<\/td>\n<td>Equipaciones<\/td>\n<\/tr>\n<\/tbody>\n<\/table>\n","protected":false},"excerpt":{"rendered":"<p>El Pantal\u00f3n Adidas ENT22 SW Azul, ofrece todo lo que necesitas para mejorar tu juego. El suave tejido de felpa de este pantal\u00f3n Adidas te ofrece la comodidad que necesitas.<\/p>\n","protected":false},"featured_media":97057,"comment_status":"open","ping_status":"closed","template":"","meta":{"_joinchat":[]},"pwb-brand":[28],"product_brand":[],"product_cat":[21,6130,6132,6134,4948,46],"product_tag":[143,295,1321,401,4498],"class_list":{"0":"post-97037","1":"product","2":"type-product","3":"status-publish","4":"has-post-thumbnail","6":"pwb-brand-adidas-padel","7":"product_cat-ropa-padel","8":"product_cat-black-friday-padel","9":"product_cat-ropa","10":"product_cat-cyber-monday-padel","11":"product_cat-ropa-adidas","12":"product_cat-hombre","13":"product_tag-adidas","14":"product_tag-azul","15":"product_tag-ent22","16":"product_tag-pantalon","17":"product_tag-sw","18":"pa_talla-l","19":"pa_talla-m","20":"pa_talla-s","21":"pa_talla-xl","23":"first","24":"instock","25":"sale","26":"taxable","27":"shipping-taxable","28":"purchasable","29":"product-type-variable"},"brands":[{"id":28,"name":"Adidas Padel","slug":"adidas-padel"}],"_links":{"self":[{"href":"https:\/\/tiendapadel5.com\/en\/wp-json\/wp\/v2\/product\/97037","targetHints":{"allow":["GET"]}}],"collection":[{"href":"https:\/\/tiendapadel5.com\/en\/wp-json\/wp\/v2\/product"}],"about":[{"href":"https:\/\/tiendapadel5.com\/en\/wp-json\/wp\/v2\/types\/product"}],"replies":[{"embeddable":true,"href":"https:\/\/tiendapadel5.com\/en\/wp-json\/wp\/v2\/comments?post=97037"}],"version-history":[{"count":1,"href":"https:\/\/tiendapadel5.com\/en\/wp-json\/wp\/v2\/product\/97037\/revisions"}],"predecessor-version":[{"id":255952,"href":"https:\/\/tiendapadel5.com\/en\/wp-json\/wp\/v2\/product\/97037\/revisions\/255952"}],"wp:featuredmedia":[{"embeddable":true,"href":"https:\/\/tiendapadel5.com\/en\/wp-json\/wp\/v2\/media\/97057"}],"wp:attachment":[{"href":"https:\/\/tiendapadel5.com\/en\/wp-json\/wp\/v2\/media?parent=97037"}],"wp:term":[{"taxonomy":"pwb-brand","embeddable":true,"href":"https:\/\/tiendapadel5.com\/en\/wp-json\/wp\/v2\/pwb-brand?post=97037"},{"taxonomy":"product_brand","embeddable":true,"href":"https:\/\/tiendapadel5.com\/en\/wp-json\/wp\/v2\/product_brand?post=97037"},{"taxonomy":"product_cat","embeddable":true,"href":"https:\/\/tiendapadel5.com\/en\/wp-json\/wp\/v2\/product_cat?post=97037"},{"taxonomy":"product_tag","embeddable":true,"href":"https:\/\/tiendapadel5.com\/en\/wp-json\/wp\/v2\/product_tag?post=97037"}],"curies":[{"name":"wp","href":"https:\/\/api.w.org\/{rel}","templated":true}]}}