{"id":85857,"date":"2023-09-14T17:23:16","date_gmt":"2023-09-14T16:23:16","guid":{"rendered":"https:\/\/tiendapadel5.com\/?post_type=product&#038;p=85857"},"modified":"2026-03-11T17:27:15","modified_gmt":"2026-03-11T16:27:15","slug":"sudadera-bullpadel-yambo-23i-azul-lavado","status":"publish","type":"product","link":"https:\/\/tiendapadel5.com\/en\/sudadera-bullpadel-yambo-23i-azul-lavado\/","title":{"rendered":"Sudadera Bullpadel Yambo 23I Azul lavado"},"content":{"rendered":"<h2>Caracter\u00edsticas Sudadera Bullpadel Yambo 23I Azul lavado<\/h2>\n<p>L\u00ednea Timeless.<\/p>\n<p>Fabricada en hilo reciclado con calidad Repreve y certificado GRS.<\/p>\n<p>Color: Azul lavado<\/p>\n<p>Composici\u00f3n: 88% poli\u00e9ster &#8211; 12% elast\u00e1n. Double face knit.<\/p>\n<p>Tejido t\u00e9cnico: Repreve<\/p>\n","protected":false},"excerpt":{"rendered":"<p>La Sudadera Bullpadel Yambo 23I Azul lavado, incorpora capucha, bolsillos de canguro y pu\u00f1os ajustables.<\/p>\n","protected":false},"featured_media":254509,"comment_status":"open","ping_status":"closed","template":"","meta":{"_joinchat":[]},"pwb-brand":[31],"product_brand":[],"product_cat":[9871,9890,9853,2203,2207,2214,4932,5959],"product_tag":[3873,6856,1881,1130,9152,5695],"class_list":{"0":"post-85857","1":"product","2":"type-product","3":"status-publish","4":"has-post-thumbnail","6":"pwb-brand-bullpadel","7":"product_cat-black-friday-padel-en","8":"product_cat-clothes","9":"product_cat-cyber-monday-padel-en","10":"product_cat-padel-clothes","11":"product_cat-bullpadel-padel-clothes","12":"product_cat-man-padel-clothes","13":"product_cat-paddle-sweatshirts","14":"product_cat-sweatshirts-en","15":"product_tag-23i","16":"product_tag-blue-en-2","17":"product_tag-bullpadel-en","18":"product_tag-lavado","19":"product_tag-sweatshirt-en","20":"product_tag-yambo","21":"pa_talla-l-en","22":"pa_talla-m-en","23":"pa_talla-s-en","24":"pa_talla-xl-en","26":"first","27":"instock","28":"sale","29":"taxable","30":"shipping-taxable","31":"purchasable","32":"product-type-variable"},"brands":[{"id":31,"name":"Bullpadel","slug":"bullpadel"}],"_links":{"self":[{"href":"https:\/\/tiendapadel5.com\/en\/wp-json\/wp\/v2\/product\/85857","targetHints":{"allow":["GET"]}}],"collection":[{"href":"https:\/\/tiendapadel5.com\/en\/wp-json\/wp\/v2\/product"}],"about":[{"href":"https:\/\/tiendapadel5.com\/en\/wp-json\/wp\/v2\/types\/product"}],"replies":[{"embeddable":true,"href":"https:\/\/tiendapadel5.com\/en\/wp-json\/wp\/v2\/comments?post=85857"}],"version-history":[{"count":1,"href":"https:\/\/tiendapadel5.com\/en\/wp-json\/wp\/v2\/product\/85857\/revisions"}],"predecessor-version":[{"id":254516,"href":"https:\/\/tiendapadel5.com\/en\/wp-json\/wp\/v2\/product\/85857\/revisions\/254516"}],"wp:featuredmedia":[{"embeddable":true,"href":"https:\/\/tiendapadel5.com\/en\/wp-json\/wp\/v2\/media\/254509"}],"wp:attachment":[{"href":"https:\/\/tiendapadel5.com\/en\/wp-json\/wp\/v2\/media?parent=85857"}],"wp:term":[{"taxonomy":"pwb-brand","embeddable":true,"href":"https:\/\/tiendapadel5.com\/en\/wp-json\/wp\/v2\/pwb-brand?post=85857"},{"taxonomy":"product_brand","embeddable":true,"href":"https:\/\/tiendapadel5.com\/en\/wp-json\/wp\/v2\/product_brand?post=85857"},{"taxonomy":"product_cat","embeddable":true,"href":"https:\/\/tiendapadel5.com\/en\/wp-json\/wp\/v2\/product_cat?post=85857"},{"taxonomy":"product_tag","embeddable":true,"href":"https:\/\/tiendapadel5.com\/en\/wp-json\/wp\/v2\/product_tag?post=85857"}],"curies":[{"name":"wp","href":"https:\/\/api.w.org\/{rel}","templated":true}]}}