{"id":75884,"date":"2023-07-05T13:00:36","date_gmt":"2023-07-05T12:00:36","guid":{"rendered":"https:\/\/tiendapadel5.com\/?post_type=product&#038;p=75884"},"modified":"2026-03-17T13:19:47","modified_gmt":"2026-03-17T12:19:47","slug":"pantalon-adidas-tiro23-l-gris","status":"publish","type":"product","link":"https:\/\/tiendapadel5.com\/en\/pantalon-adidas-tiro23-l-gris\/","title":{"rendered":"Pantal\u00f3n Adidas Tiro23 L Gris"},"content":{"rendered":"<table class=\"table table-striped table-product-dimensions table-light table-bordered- table-sm mt-3\">\n<tbody>\n<tr>\n<td class=\"font-weight-500\">1-<\/td>\n<td>Corte cl\u00e1sico<\/td>\n<\/tr>\n<tr>\n<td class=\"font-weight-500\">2-<\/td>\n<td>Cintura el\u00e1stica de talle medio con cord\u00f3n<\/td>\n<\/tr>\n<tr>\n<td class=\"font-weight-500\">3-<\/td>\n<td>Punto doble 100% poli\u00e9ster reciclado<\/td>\n<\/tr>\n<tr>\n<td class=\"font-weight-500\">4-<\/td>\n<td>Inserciones en forma de tri\u00e1ngulo: tejido gofrado 100% poli\u00e9ster reciclado<\/td>\n<\/tr>\n<tr>\n<td class=\"font-weight-500\">5-<\/td>\n<td>AEROREADY<\/td>\n<\/tr>\n<tr>\n<td class=\"font-weight-500\">6-<\/td>\n<td>Bolsillos con cremallera en la costura lateral<\/td>\n<\/tr>\n<tr>\n<td class=\"font-weight-500\">Composici\u00f3n<\/td>\n<td>100% REC.PES<\/td>\n<\/tr>\n<tr>\n<td class=\"font-weight-500\">Fit<\/td>\n<td>REGULAR<\/td>\n<\/tr>\n<tr>\n<td class=\"font-weight-500\">Colecci\u00f3n<\/td>\n<td>Equipaciones<\/td>\n<\/tr>\n<\/tbody>\n<\/table>\n","protected":false},"excerpt":{"rendered":"<p>El Pantal\u00f3n Adidas Tiro23 L Gris te permitir\u00e1 moverte con total libertad, confeccionado con tejido transpirable y cremalleras en los pu\u00f1os inferiores para mayor comodidad.<\/p>\n","protected":false},"featured_media":75894,"comment_status":"open","ping_status":"closed","template":"","meta":{"_joinchat":[]},"pwb-brand":[28],"product_brand":[],"product_cat":[6130,6132,6134,21,4948,46],"product_tag":[143,221,4398,401,4499],"class_list":{"0":"post-75884","1":"product","2":"type-product","3":"status-publish","4":"has-post-thumbnail","6":"pwb-brand-adidas-padel","7":"product_cat-black-friday-padel","8":"product_cat-ropa","9":"product_cat-cyber-monday-padel","10":"product_cat-ropa-padel","11":"product_cat-ropa-adidas","12":"product_cat-hombre","13":"product_tag-adidas","14":"product_tag-gris","15":"product_tag-l","16":"product_tag-pantalon","17":"product_tag-tiro23","18":"pa_talla-l","19":"pa_talla-m","21":"first","22":"instock","23":"sale","24":"taxable","25":"shipping-taxable","26":"purchasable","27":"product-type-variable"},"brands":[{"id":28,"name":"Adidas Padel","slug":"adidas-padel"}],"_links":{"self":[{"href":"https:\/\/tiendapadel5.com\/en\/wp-json\/wp\/v2\/product\/75884","targetHints":{"allow":["GET"]}}],"collection":[{"href":"https:\/\/tiendapadel5.com\/en\/wp-json\/wp\/v2\/product"}],"about":[{"href":"https:\/\/tiendapadel5.com\/en\/wp-json\/wp\/v2\/types\/product"}],"replies":[{"embeddable":true,"href":"https:\/\/tiendapadel5.com\/en\/wp-json\/wp\/v2\/comments?post=75884"}],"version-history":[{"count":1,"href":"https:\/\/tiendapadel5.com\/en\/wp-json\/wp\/v2\/product\/75884\/revisions"}],"predecessor-version":[{"id":255954,"href":"https:\/\/tiendapadel5.com\/en\/wp-json\/wp\/v2\/product\/75884\/revisions\/255954"}],"wp:featuredmedia":[{"embeddable":true,"href":"https:\/\/tiendapadel5.com\/en\/wp-json\/wp\/v2\/media\/75894"}],"wp:attachment":[{"href":"https:\/\/tiendapadel5.com\/en\/wp-json\/wp\/v2\/media?parent=75884"}],"wp:term":[{"taxonomy":"pwb-brand","embeddable":true,"href":"https:\/\/tiendapadel5.com\/en\/wp-json\/wp\/v2\/pwb-brand?post=75884"},{"taxonomy":"product_brand","embeddable":true,"href":"https:\/\/tiendapadel5.com\/en\/wp-json\/wp\/v2\/product_brand?post=75884"},{"taxonomy":"product_cat","embeddable":true,"href":"https:\/\/tiendapadel5.com\/en\/wp-json\/wp\/v2\/product_cat?post=75884"},{"taxonomy":"product_tag","embeddable":true,"href":"https:\/\/tiendapadel5.com\/en\/wp-json\/wp\/v2\/product_tag?post=75884"}],"curies":[{"name":"wp","href":"https:\/\/api.w.org\/{rel}","templated":true}]}}