{"id":262040,"date":"2026-05-06T16:57:22","date_gmt":"2026-05-06T14:57:22","guid":{"rendered":"https:\/\/tiendapadel5.com\/?post_type=product&#038;p=262040"},"modified":"2026-05-06T16:57:22","modified_gmt":"2026-05-06T14:57:22","slug":"camiseta-tirantes-nox-pro-verde-ivy-2026","status":"publish","type":"product","link":"https:\/\/tiendapadel5.com\/en\/camiseta-tirantes-nox-pro-verde-ivy-2026\/","title":{"rendered":"Camiseta Tirantes Nox Pro Verde Ivy 2026"},"content":{"rendered":"<ul>\n<li><strong>Composici\u00f3n<\/strong>: 85% poliamida, 15% elastano.<\/li>\n<\/ul>\n","protected":false},"excerpt":{"rendered":"<p>La camiseta de tirantes PRO ivy green dise\u00f1ada para ofrecer m\u00e1xima comodidad y libertad de movimiento. Su dise\u00f1o ligero se adapta al cuerpo y permite una gran movilidad.<\/p>\n","protected":false},"featured_media":262042,"comment_status":"open","ping_status":"closed","template":"","meta":{"_joinchat":[]},"pwb-brand":[34],"product_brand":[],"product_cat":[5903,21,451,47],"product_tag":[83,11041,130,176,597,381],"class_list":{"0":"post-262040","1":"product","2":"type-product","3":"status-publish","4":"has-post-thumbnail","6":"pwb-brand-nox","7":"product_cat-camisetass","8":"product_cat-ropa-padel","9":"product_cat-ropa-nox","10":"product_cat-mujer","11":"product_tag-camiseta","12":"product_tag-ivy","13":"product_tag-nox","14":"product_tag-pro","15":"product_tag-tirantes","16":"product_tag-verde","17":"pa_talla-l","18":"pa_talla-m","19":"pa_talla-s","20":"pa_talla-xs","22":"first","23":"instock","24":"sale","25":"taxable","26":"shipping-taxable","27":"purchasable","28":"product-type-variable"},"brands":[{"id":34,"name":"Nox","slug":"nox"}],"_links":{"self":[{"href":"https:\/\/tiendapadel5.com\/en\/wp-json\/wp\/v2\/product\/262040","targetHints":{"allow":["GET"]}}],"collection":[{"href":"https:\/\/tiendapadel5.com\/en\/wp-json\/wp\/v2\/product"}],"about":[{"href":"https:\/\/tiendapadel5.com\/en\/wp-json\/wp\/v2\/types\/product"}],"replies":[{"embeddable":true,"href":"https:\/\/tiendapadel5.com\/en\/wp-json\/wp\/v2\/comments?post=262040"}],"version-history":[{"count":1,"href":"https:\/\/tiendapadel5.com\/en\/wp-json\/wp\/v2\/product\/262040\/revisions"}],"predecessor-version":[{"id":262060,"href":"https:\/\/tiendapadel5.com\/en\/wp-json\/wp\/v2\/product\/262040\/revisions\/262060"}],"wp:featuredmedia":[{"embeddable":true,"href":"https:\/\/tiendapadel5.com\/en\/wp-json\/wp\/v2\/media\/262042"}],"wp:attachment":[{"href":"https:\/\/tiendapadel5.com\/en\/wp-json\/wp\/v2\/media?parent=262040"}],"wp:term":[{"taxonomy":"pwb-brand","embeddable":true,"href":"https:\/\/tiendapadel5.com\/en\/wp-json\/wp\/v2\/pwb-brand?post=262040"},{"taxonomy":"product_brand","embeddable":true,"href":"https:\/\/tiendapadel5.com\/en\/wp-json\/wp\/v2\/product_brand?post=262040"},{"taxonomy":"product_cat","embeddable":true,"href":"https:\/\/tiendapadel5.com\/en\/wp-json\/wp\/v2\/product_cat?post=262040"},{"taxonomy":"product_tag","embeddable":true,"href":"https:\/\/tiendapadel5.com\/en\/wp-json\/wp\/v2\/product_tag?post=262040"}],"curies":[{"name":"wp","href":"https:\/\/api.w.org\/{rel}","templated":true}]}}