{"id":262019,"date":"2026-05-06T16:48:56","date_gmt":"2026-05-06T14:48:56","guid":{"rendered":"https:\/\/tiendapadel5.com\/?post_type=product&#038;p=262019"},"modified":"2026-05-06T16:48:57","modified_gmt":"2026-05-06T14:48:57","slug":"short-nox-pro-blanco-verde-ivy-2026","status":"publish","type":"product","link":"https:\/\/tiendapadel5.com\/en\/short-nox-pro-blanco-verde-ivy-2026\/","title":{"rendered":"Short Nox Pro Blanco\/Verde Ivy 2026"},"content":{"rendered":"<ul>\n<li><strong>Composici\u00f3n<\/strong>: 90% poliamida, 10% elastano.<\/li>\n<\/ul>\n","protected":false},"excerpt":{"rendered":"<p>El short PRO WHITE\/IVY GREEN de NOX con cintura el\u00e1stica y cordones exteriores ajustables. Incluye un short interior con malla perforada para optimizar la transpirabilidad y un bolsillo lateral espec\u00edfico para pelotas de p\u00e1del. Estilo y funcionalidad t\u00e9cnica.<\/p>\n","protected":false},"featured_media":262021,"comment_status":"open","ping_status":"closed","template":"","meta":{"_joinchat":[]},"pwb-brand":[34],"product_brand":[],"product_cat":[451,102,21,46],"product_tag":[11132,405,402,11041,130,401,176,381],"class_list":{"0":"post-262019","1":"product","2":"type-product","3":"status-publish","4":"has-post-thumbnail","6":"pwb-brand-nox","7":"product_cat-ropa-nox","8":"product_cat-pantalones-cortos","9":"product_cat-ropa-padel","10":"product_cat-hombre","11":"product_tag-11132","12":"product_tag-blanco","13":"product_tag-corto","14":"product_tag-ivy","15":"product_tag-nox","16":"product_tag-pantalon","17":"product_tag-pro","18":"product_tag-verde","19":"pa_talla-l","20":"pa_talla-m","21":"pa_talla-s","22":"pa_talla-xl","24":"first","25":"instock","26":"sale","27":"taxable","28":"shipping-taxable","29":"purchasable","30":"product-type-variable"},"brands":[{"id":34,"name":"Nox","slug":"nox"}],"_links":{"self":[{"href":"https:\/\/tiendapadel5.com\/en\/wp-json\/wp\/v2\/product\/262019","targetHints":{"allow":["GET"]}}],"collection":[{"href":"https:\/\/tiendapadel5.com\/en\/wp-json\/wp\/v2\/product"}],"about":[{"href":"https:\/\/tiendapadel5.com\/en\/wp-json\/wp\/v2\/types\/product"}],"replies":[{"embeddable":true,"href":"https:\/\/tiendapadel5.com\/en\/wp-json\/wp\/v2\/comments?post=262019"}],"version-history":[{"count":2,"href":"https:\/\/tiendapadel5.com\/en\/wp-json\/wp\/v2\/product\/262019\/revisions"}],"predecessor-version":[{"id":262041,"href":"https:\/\/tiendapadel5.com\/en\/wp-json\/wp\/v2\/product\/262019\/revisions\/262041"}],"wp:featuredmedia":[{"embeddable":true,"href":"https:\/\/tiendapadel5.com\/en\/wp-json\/wp\/v2\/media\/262021"}],"wp:attachment":[{"href":"https:\/\/tiendapadel5.com\/en\/wp-json\/wp\/v2\/media?parent=262019"}],"wp:term":[{"taxonomy":"pwb-brand","embeddable":true,"href":"https:\/\/tiendapadel5.com\/en\/wp-json\/wp\/v2\/pwb-brand?post=262019"},{"taxonomy":"product_brand","embeddable":true,"href":"https:\/\/tiendapadel5.com\/en\/wp-json\/wp\/v2\/product_brand?post=262019"},{"taxonomy":"product_cat","embeddable":true,"href":"https:\/\/tiendapadel5.com\/en\/wp-json\/wp\/v2\/product_cat?post=262019"},{"taxonomy":"product_tag","embeddable":true,"href":"https:\/\/tiendapadel5.com\/en\/wp-json\/wp\/v2\/product_tag?post=262019"}],"curies":[{"name":"wp","href":"https:\/\/api.w.org\/{rel}","templated":true}]}}