{"id":261978,"date":"2026-05-06T16:08:23","date_gmt":"2026-05-06T14:08:23","guid":{"rendered":"https:\/\/tiendapadel5.com\/?post_type=product&#038;p=261978"},"modified":"2026-05-06T16:18:51","modified_gmt":"2026-05-06T14:18:51","slug":"polo-hombre-nox-pro-blanco-verde-ivy-2026","status":"publish","type":"product","link":"https:\/\/tiendapadel5.com\/en\/polo-hombre-nox-pro-blanco-verde-ivy-2026\/","title":{"rendered":"Polo Hombre Nox Pro Blanco\/Verde Ivy 2026"},"content":{"rendered":"<ul>\n<li><strong>Composici\u00f3n<\/strong>: 88% poliamida, 12% elastano.<\/li>\n<\/ul>\n","protected":false},"excerpt":{"rendered":"<p>El polo PRO WHITE\/IVY GREEN con cuello y cierre de cremallera, dise\u00f1ado con l\u00edneas verticales en los laterales que estilizan la silueta y aportan un toque t\u00e9cnico.<\/p>\n","protected":false},"featured_media":261979,"comment_status":"open","ping_status":"closed","template":"","meta":{"_joinchat":[]},"pwb-brand":[34],"product_brand":[],"product_cat":[451,5898,21,46],"product_tag":[11132,405,130,400,176,381],"class_list":{"0":"post-261978","1":"product","2":"type-product","3":"status-publish","4":"has-post-thumbnail","6":"pwb-brand-nox","7":"product_cat-ropa-nox","8":"product_cat-polos","9":"product_cat-ropa-padel","10":"product_cat-hombre","11":"product_tag-11132","12":"product_tag-blanco","13":"product_tag-nox","14":"product_tag-polo","15":"product_tag-pro","16":"product_tag-verde","17":"pa_talla-l","18":"pa_talla-m","19":"pa_talla-s","20":"pa_talla-xl","22":"first","23":"instock","24":"sale","25":"taxable","26":"shipping-taxable","27":"purchasable","28":"product-type-variable"},"brands":[{"id":34,"name":"Nox","slug":"nox"}],"_links":{"self":[{"href":"https:\/\/tiendapadel5.com\/en\/wp-json\/wp\/v2\/product\/261978","targetHints":{"allow":["GET"]}}],"collection":[{"href":"https:\/\/tiendapadel5.com\/en\/wp-json\/wp\/v2\/product"}],"about":[{"href":"https:\/\/tiendapadel5.com\/en\/wp-json\/wp\/v2\/types\/product"}],"replies":[{"embeddable":true,"href":"https:\/\/tiendapadel5.com\/en\/wp-json\/wp\/v2\/comments?post=261978"}],"version-history":[{"count":1,"href":"https:\/\/tiendapadel5.com\/en\/wp-json\/wp\/v2\/product\/261978\/revisions"}],"predecessor-version":[{"id":261997,"href":"https:\/\/tiendapadel5.com\/en\/wp-json\/wp\/v2\/product\/261978\/revisions\/261997"}],"wp:featuredmedia":[{"embeddable":true,"href":"https:\/\/tiendapadel5.com\/en\/wp-json\/wp\/v2\/media\/261979"}],"wp:attachment":[{"href":"https:\/\/tiendapadel5.com\/en\/wp-json\/wp\/v2\/media?parent=261978"}],"wp:term":[{"taxonomy":"pwb-brand","embeddable":true,"href":"https:\/\/tiendapadel5.com\/en\/wp-json\/wp\/v2\/pwb-brand?post=261978"},{"taxonomy":"product_brand","embeddable":true,"href":"https:\/\/tiendapadel5.com\/en\/wp-json\/wp\/v2\/product_brand?post=261978"},{"taxonomy":"product_cat","embeddable":true,"href":"https:\/\/tiendapadel5.com\/en\/wp-json\/wp\/v2\/product_cat?post=261978"},{"taxonomy":"product_tag","embeddable":true,"href":"https:\/\/tiendapadel5.com\/en\/wp-json\/wp\/v2\/product_tag?post=261978"}],"curies":[{"name":"wp","href":"https:\/\/api.w.org\/{rel}","templated":true}]}}