{"id":257723,"date":"2026-03-24T16:34:54","date_gmt":"2026-03-24T15:34:54","guid":{"rendered":"https:\/\/tiendapadel5.com\/?post_type=product&#038;p=257723"},"modified":"2026-03-24T16:34:55","modified_gmt":"2026-03-24T15:34:55","slug":"pantalon-corto-nox-team-azul-marino-2026","status":"publish","type":"product","link":"https:\/\/tiendapadel5.com\/en\/pantalon-corto-nox-team-azul-marino-2026\/","title":{"rendered":"Pantalon Corto Nox Team Azul Marino 2026"},"content":{"rendered":"<p dir=\"ltr\"><strong>Composici\u00f3n<\/strong>:<\/p>\n<p>88% Polyester, 12% Spandex.<br \/>\nMalla interior:\u00a0 85% nylon, 15% spandex.<\/p>\n","protected":false},"excerpt":{"rendered":"<div class=\"product-short-description\">\n<p>El Pantal\u00f3n Team Azul combina versatilidad y rendimiento en una prenda pensada para el d\u00eda a d\u00eda del jugador competitivo. Su dise\u00f1o funcional favorece desplazamientos naturales, permitiendo reaccionar con rapidez sin sensaci\u00f3n de rigidez ni limitaci\u00f3n.<\/p>\n<\/div>\n","protected":false},"featured_media":257724,"comment_status":"open","ping_status":"closed","template":"","meta":{"_joinchat":[]},"pwb-brand":[34],"product_brand":[],"product_cat":[4901,4351,4356,4922],"product_tag":[11132,11570,7320,8159,1591,6556,1533],"class_list":{"0":"post-257723","1":"product","2":"type-product","3":"status-publish","4":"has-post-thumbnail","6":"pwb-brand-nox","7":"product_cat-pantaloncini-padel","8":"product_cat-abbigliamento-padel","9":"product_cat-abbigliamento-padel-nox","10":"product_cat-abbigliamento-padel-per-uomo","11":"product_tag-11132","12":"product_tag-azil","13":"product_tag-breve","14":"product_tag-uomo","15":"product_tag-nox-it","16":"product_tag-pantaloni","17":"product_tag-squadra-it","18":"pa_talla-l-it","19":"pa_talla-m-it","20":"pa_talla-s-it","21":"pa_talla-xl-it","23":"first","24":"instock","25":"sale","26":"taxable","27":"shipping-taxable","28":"purchasable","29":"product-type-variable"},"brands":[{"id":34,"name":"Nox","slug":"nox"}],"_links":{"self":[{"href":"https:\/\/tiendapadel5.com\/en\/wp-json\/wp\/v2\/product\/257723","targetHints":{"allow":["GET"]}}],"collection":[{"href":"https:\/\/tiendapadel5.com\/en\/wp-json\/wp\/v2\/product"}],"about":[{"href":"https:\/\/tiendapadel5.com\/en\/wp-json\/wp\/v2\/types\/product"}],"replies":[{"embeddable":true,"href":"https:\/\/tiendapadel5.com\/en\/wp-json\/wp\/v2\/comments?post=257723"}],"version-history":[{"count":3,"href":"https:\/\/tiendapadel5.com\/en\/wp-json\/wp\/v2\/product\/257723\/revisions"}],"predecessor-version":[{"id":257755,"href":"https:\/\/tiendapadel5.com\/en\/wp-json\/wp\/v2\/product\/257723\/revisions\/257755"}],"wp:featuredmedia":[{"embeddable":true,"href":"https:\/\/tiendapadel5.com\/en\/wp-json\/wp\/v2\/media\/257724"}],"wp:attachment":[{"href":"https:\/\/tiendapadel5.com\/en\/wp-json\/wp\/v2\/media?parent=257723"}],"wp:term":[{"taxonomy":"pwb-brand","embeddable":true,"href":"https:\/\/tiendapadel5.com\/en\/wp-json\/wp\/v2\/pwb-brand?post=257723"},{"taxonomy":"product_brand","embeddable":true,"href":"https:\/\/tiendapadel5.com\/en\/wp-json\/wp\/v2\/product_brand?post=257723"},{"taxonomy":"product_cat","embeddable":true,"href":"https:\/\/tiendapadel5.com\/en\/wp-json\/wp\/v2\/product_cat?post=257723"},{"taxonomy":"product_tag","embeddable":true,"href":"https:\/\/tiendapadel5.com\/en\/wp-json\/wp\/v2\/product_tag?post=257723"}],"curies":[{"name":"wp","href":"https:\/\/api.w.org\/{rel}","templated":true}]}}