{"id":252370,"date":"2026-02-20T13:26:11","date_gmt":"2026-02-20T12:26:11","guid":{"rendered":"https:\/\/tiendapadel5.com\/?post_type=product&#038;p=252370"},"modified":"2026-03-17T10:19:44","modified_gmt":"2026-03-17T09:19:44","slug":"camiseta-tirantes-head-club-25-tech-azul-marino","status":"publish","type":"product","link":"https:\/\/tiendapadel5.com\/en\/camiseta-tirantes-head-club-25-tech-azul-marino\/","title":{"rendered":"Camiseta Tirantes Head Club 25 Tech Azul Marino"},"content":{"rendered":"<p><span dir=\"auto\">Con una inserci\u00f3n de contraste en la parte delantera, junto con un cuello redondo y una espalda de nadador, el CLUB 25 TECH TANK TOP para mujer ofrece un estilo deportivo y femenino. El racer back tambi\u00e9n te ayuda a mantenerte fresco, al igual que la tecnolog\u00eda Moisture Transfer Microfibra, que aporta un efecto de enfriamiento y ayuda a que el tejido se seque r\u00e1pidamente, mientras que la malla cerrada de los laterales mejora la transpirabilidad. La camiseta sin mangas est\u00e1 decorada con la marca HEAD y el ic\u00f3nico logo de espoleta.<\/span><\/p>\n<ul>\n<li><span dir=\"auto\"> Interlock 100 % poli\u00e9ster con mecha<\/span><\/li>\n<li><span dir=\"auto\"> Malla cerrada 100 % poli\u00e9ster<\/span><\/li>\n<li><span dir=\"auto\"> Cuello, modelo femenino<\/span><\/li>\n<li><span dir=\"auto\"> Espalda de nadador<\/span><\/li>\n<li><span dir=\"auto\"> Inserci\u00f3n de contraste en la parte delantera<\/span><\/li>\n<li><span dir=\"auto\"> Malla cerrada en los laterales para mejorar la transpirabilidad.<\/span><\/li>\n<li><span dir=\"auto\"> Tecnolog\u00eda Microfibra de Transferencia de Humedad<\/span><\/li>\n<\/ul>\n","protected":false},"excerpt":{"rendered":"<section class=\"ProductFullDetail-description-gjh\">\n<div class=\"richContent-root-CMO\"><span dir=\"auto\">Si\u00e9ntete fresca con el CLUB 25 TECH TANK TOP para mujer, que combina un estilo deportivo y femenino con tecnolog\u00eda de enfriamiento de alto rendimiento y malla transpirable.<\/span><\/div>\n<\/section>\n<section class=\"ProductFullDetail-techSpecs-8ET\">\n<div><\/div>\n<\/section>\n","protected":false},"featured_media":252372,"comment_status":"open","ping_status":"closed","template":"","meta":{"_joinchat":[]},"pwb-brand":[33],"product_brand":[],"product_cat":[5968,2203,2209,4926],"product_tag":[508,7317,8626,1913,239,597],"class_list":{"0":"post-252370","1":"product","2":"type-product","3":"status-publish","4":"has-post-thumbnail","6":"pwb-brand-head","7":"product_cat-shirts-en","8":"product_cat-padel-clothes","9":"product_cat-head-padel-clothes","10":"product_cat-womens-padel-clothing","11":"product_tag-azul-marino","12":"product_tag-t-shirt-en","13":"product_tag-club-en","14":"product_tag-head-en","15":"product_tag-mujer","16":"product_tag-tirantes","17":"pa_talla-l-en","18":"pa_talla-m-en","19":"pa_talla-s-en","20":"pa_talla-xl-en","21":"pa_talla-xs-en","23":"first","24":"instock","25":"sale","26":"taxable","27":"shipping-taxable","28":"purchasable","29":"product-type-variable"},"brands":[{"id":33,"name":"Head","slug":"head"}],"_links":{"self":[{"href":"https:\/\/tiendapadel5.com\/en\/wp-json\/wp\/v2\/product\/252370","targetHints":{"allow":["GET"]}}],"collection":[{"href":"https:\/\/tiendapadel5.com\/en\/wp-json\/wp\/v2\/product"}],"about":[{"href":"https:\/\/tiendapadel5.com\/en\/wp-json\/wp\/v2\/types\/product"}],"replies":[{"embeddable":true,"href":"https:\/\/tiendapadel5.com\/en\/wp-json\/wp\/v2\/comments?post=252370"}],"version-history":[{"count":2,"href":"https:\/\/tiendapadel5.com\/en\/wp-json\/wp\/v2\/product\/252370\/revisions"}],"predecessor-version":[{"id":252384,"href":"https:\/\/tiendapadel5.com\/en\/wp-json\/wp\/v2\/product\/252370\/revisions\/252384"}],"wp:featuredmedia":[{"embeddable":true,"href":"https:\/\/tiendapadel5.com\/en\/wp-json\/wp\/v2\/media\/252372"}],"wp:attachment":[{"href":"https:\/\/tiendapadel5.com\/en\/wp-json\/wp\/v2\/media?parent=252370"}],"wp:term":[{"taxonomy":"pwb-brand","embeddable":true,"href":"https:\/\/tiendapadel5.com\/en\/wp-json\/wp\/v2\/pwb-brand?post=252370"},{"taxonomy":"product_brand","embeddable":true,"href":"https:\/\/tiendapadel5.com\/en\/wp-json\/wp\/v2\/product_brand?post=252370"},{"taxonomy":"product_cat","embeddable":true,"href":"https:\/\/tiendapadel5.com\/en\/wp-json\/wp\/v2\/product_cat?post=252370"},{"taxonomy":"product_tag","embeddable":true,"href":"https:\/\/tiendapadel5.com\/en\/wp-json\/wp\/v2\/product_tag?post=252370"}],"curies":[{"name":"wp","href":"https:\/\/api.w.org\/{rel}","templated":true}]}}