{"id":248331,"date":"2026-02-10T12:36:26","date_gmt":"2026-02-10T11:36:26","guid":{"rendered":"https:\/\/tiendapadel5.com\/?post_type=product&#038;p=248331"},"modified":"2026-04-17T13:47:24","modified_gmt":"2026-04-17T11:47:24","slug":"wilson-optix-v2-lite-blanca-2026","status":"publish","type":"product","link":"https:\/\/tiendapadel5.com\/en\/wilson-optix-v2-lite-blanca-2026\/","title":{"rendered":"Wilson Optix V2 Lite Blanca 2026"},"content":{"rendered":"<p><span dir=\"auto\">La Optix V2 Lite de Wilson es una pala de p\u00e1del para principiantes, perfecta para entrenar, partidos amistosos y reuniones en el club. Es ligera y f\u00e1cil de manejar, lo que la convierte en una opci\u00f3n c\u00f3moda para jugadores que se inician en el p\u00e1del. Adem\u00e1s, es indulgente gracias a su amplio punto dulce y forma redonda. La cara de fibra de vidrio ofrece la combinaci\u00f3n perfecta de comodidad y respuesta, para que no pare el p\u00e1del y los buenos momentos.<\/span><\/p>\n<p><span dir=\"auto\">Una pala de p\u00e1del ideal para principiantes, ligera y f\u00e1cil de manejar.<\/span><\/p>\n","protected":false},"excerpt":{"rendered":"<p><span dir=\"auto\">Una pala de p\u00e1del ideal para principiantes, ligera y f\u00e1cil de manejar.<\/span><\/p>\n","protected":false},"featured_media":248336,"comment_status":"open","ping_status":"closed","template":"","meta":{"_joinchat":[]},"pwb-brand":[37],"product_brand":[],"product_cat":[415,11134,19],"product_tag":[11132,568,584,10742,222],"class_list":{"0":"post-248331","1":"product","2":"type-product","3":"status-publish","4":"has-post-thumbnail","6":"pwb-brand-wilson","7":"product_cat-wilson","8":"product_cat-11134","9":"product_cat-palas-padel","10":"product_tag-11132","11":"product_tag-blanca","12":"product_tag-lite","13":"product_tag-optix","14":"product_tag-wilson","16":"first","17":"instock","18":"sale","19":"taxable","20":"shipping-taxable","21":"purchasable","22":"product-type-simple"},"brands":[{"id":37,"name":"Wilson","slug":"wilson"}],"_links":{"self":[{"href":"https:\/\/tiendapadel5.com\/en\/wp-json\/wp\/v2\/product\/248331","targetHints":{"allow":["GET"]}}],"collection":[{"href":"https:\/\/tiendapadel5.com\/en\/wp-json\/wp\/v2\/product"}],"about":[{"href":"https:\/\/tiendapadel5.com\/en\/wp-json\/wp\/v2\/types\/product"}],"replies":[{"embeddable":true,"href":"https:\/\/tiendapadel5.com\/en\/wp-json\/wp\/v2\/comments?post=248331"}],"version-history":[{"count":1,"href":"https:\/\/tiendapadel5.com\/en\/wp-json\/wp\/v2\/product\/248331\/revisions"}],"predecessor-version":[{"id":248343,"href":"https:\/\/tiendapadel5.com\/en\/wp-json\/wp\/v2\/product\/248331\/revisions\/248343"}],"wp:featuredmedia":[{"embeddable":true,"href":"https:\/\/tiendapadel5.com\/en\/wp-json\/wp\/v2\/media\/248336"}],"wp:attachment":[{"href":"https:\/\/tiendapadel5.com\/en\/wp-json\/wp\/v2\/media?parent=248331"}],"wp:term":[{"taxonomy":"pwb-brand","embeddable":true,"href":"https:\/\/tiendapadel5.com\/en\/wp-json\/wp\/v2\/pwb-brand?post=248331"},{"taxonomy":"product_brand","embeddable":true,"href":"https:\/\/tiendapadel5.com\/en\/wp-json\/wp\/v2\/product_brand?post=248331"},{"taxonomy":"product_cat","embeddable":true,"href":"https:\/\/tiendapadel5.com\/en\/wp-json\/wp\/v2\/product_cat?post=248331"},{"taxonomy":"product_tag","embeddable":true,"href":"https:\/\/tiendapadel5.com\/en\/wp-json\/wp\/v2\/product_tag?post=248331"}],"curies":[{"name":"wp","href":"https:\/\/api.w.org\/{rel}","templated":true}]}}