{"id":248186,"date":"2026-02-09T11:39:11","date_gmt":"2026-02-09T10:39:11","guid":{"rendered":"https:\/\/tiendapadel5.com\/?post_type=product&#038;p=248186"},"modified":"2026-04-21T08:47:40","modified_gmt":"2026-04-21T06:47:40","slug":"wilson-endure-pro-v1-2026","status":"publish","type":"product","link":"https:\/\/tiendapadel5.com\/en\/wilson-endure-pro-v1-2026\/","title":{"rendered":"Wilson Endure Pro V1 2026"},"content":{"rendered":"<p>La colecci\u00f3n Endure llega para cubrir las necesidades de un perfil de jugador defensivo, s\u00f3lido desde el fondo de la pista y que prioriza la construcci\u00f3n del punto. Su dise\u00f1o, su estructura y sus nuevas tecnolog\u00edas la convierten en una de las apuestas m\u00e1s innovadoras de Wilson para 2026. La cara de\u00a0<strong>carbono en bruto<\/strong>, junto con la nueva tecnolog\u00eda\u00a0<strong>ExactTouch<\/strong>, aporta un nivel superior de precisi\u00f3n y textura. El\u00a0<strong>cuello en forma de Y<\/strong>, el\u00a0<strong>marco redondeado<\/strong>\u00a0y el\u00a0<strong>mango extendido<\/strong>\u00a0mejoran la manejabilidad y facilitan golpes a dos manos. Adem\u00e1s, el\u00a0<strong>n\u00facleo de espuma de doble densidad<\/strong>\u00a0incrementa la sensibilidad y la estabilidad en cada impacto.<\/p>\n<h2><span id=\"Tecnologias_de_la_Endure_Pro_V1\">Tecnolog\u00edas de la Endure Pro V1<\/span><\/h2>\n<ul>\n<li><strong>ExactTouch Technology:\u00a0<\/strong>Cara texturizada que proporciona\u00a0<strong>m\u00e1ximos niveles de control, precisi\u00f3n y efecto<\/strong>. La textura mejora el agarre de la pelota y permite dirigir el golpe con mayor exactitud.<\/li>\n<li><strong>Control Foam+<\/strong>: Espuma de\u00a0<strong>doble densidad<\/strong>\u00a0dise\u00f1ada para ofrecer una conexi\u00f3n m\u00e1s directa con la pelota, aumentando el control y mejorando las sensaciones en golpes de toque.<\/li>\n<li><strong>Y-Beam Throat:\u00a0<\/strong>Geometr\u00eda del cuello en forma de\u00a0<strong>Y<\/strong>, que favorece un flujo de aire m\u00e1s din\u00e1mico y mejora la\u00a0<strong>maniobrabilidad<\/strong>\u00a0de la pala en movimientos r\u00e1pidos.<\/li>\n<li><strong>Extended Handle:\u00a0<\/strong>Mango\u00a0<strong>extendido<\/strong>\u00a0que aporta mayor palanca y comodidad en golpes a dos manos, especialmente \u00fatil para jugadores que utilizan rev\u00e9s a dos manos.<\/li>\n<li><strong>Control Hole Pattern:\u00a0<\/strong>Patr\u00f3n de agujeros estrat\u00e9gicamente distribuidos y dimensionados para generar una\u00a0<strong>sensaci\u00f3n uniforme<\/strong>\u00a0en toda la superficie de golpeo.<\/li>\n<li><strong>Touch Points:\u00a0<\/strong>Zonas con\u00a0<strong>relieve elevado<\/strong>\u00a0que ofrecen retroalimentaci\u00f3n t\u00e1ctil y un agarre mejorado, aumentando la seguridad y el control en cada movimiento.<\/li>\n<\/ul>\n","protected":false},"excerpt":{"rendered":"<p>Creada espec\u00edficamente para jugadores que buscan <strong>m\u00e1ximo control, precisi\u00f3n y estabilidad<\/strong>\u00a0en cada golpe. Con esta l\u00ednea, la marca introduce su\u00a0<strong>primera pala de forma redonda<\/strong> orientada al control absoluto. Es la elegida por Momo Gonzalez.<\/p>\n","protected":false},"featured_media":254418,"comment_status":"open","ping_status":"closed","template":"","meta":{"_joinchat":[]},"pwb-brand":[37],"product_brand":[],"product_cat":[415,19,11134],"product_tag":[11132,11131,11491,176,222],"class_list":{"0":"post-248186","1":"product","2":"type-product","3":"status-publish","4":"has-post-thumbnail","6":"pwb-brand-wilson","7":"product_cat-wilson","8":"product_cat-palas-padel","9":"product_cat-11134","10":"product_tag-11132","11":"product_tag-endure","12":"product_tag-momo","13":"product_tag-pro","14":"product_tag-wilson","16":"first","17":"instock","18":"sale","19":"taxable","20":"shipping-taxable","21":"purchasable","22":"product-type-simple"},"brands":[{"id":37,"name":"Wilson","slug":"wilson"}],"_links":{"self":[{"href":"https:\/\/tiendapadel5.com\/en\/wp-json\/wp\/v2\/product\/248186","targetHints":{"allow":["GET"]}}],"collection":[{"href":"https:\/\/tiendapadel5.com\/en\/wp-json\/wp\/v2\/product"}],"about":[{"href":"https:\/\/tiendapadel5.com\/en\/wp-json\/wp\/v2\/types\/product"}],"replies":[{"embeddable":true,"href":"https:\/\/tiendapadel5.com\/en\/wp-json\/wp\/v2\/comments?post=248186"}],"version-history":[{"count":1,"href":"https:\/\/tiendapadel5.com\/en\/wp-json\/wp\/v2\/product\/248186\/revisions"}],"predecessor-version":[{"id":248194,"href":"https:\/\/tiendapadel5.com\/en\/wp-json\/wp\/v2\/product\/248186\/revisions\/248194"}],"wp:featuredmedia":[{"embeddable":true,"href":"https:\/\/tiendapadel5.com\/en\/wp-json\/wp\/v2\/media\/254418"}],"wp:attachment":[{"href":"https:\/\/tiendapadel5.com\/en\/wp-json\/wp\/v2\/media?parent=248186"}],"wp:term":[{"taxonomy":"pwb-brand","embeddable":true,"href":"https:\/\/tiendapadel5.com\/en\/wp-json\/wp\/v2\/pwb-brand?post=248186"},{"taxonomy":"product_brand","embeddable":true,"href":"https:\/\/tiendapadel5.com\/en\/wp-json\/wp\/v2\/product_brand?post=248186"},{"taxonomy":"product_cat","embeddable":true,"href":"https:\/\/tiendapadel5.com\/en\/wp-json\/wp\/v2\/product_cat?post=248186"},{"taxonomy":"product_tag","embeddable":true,"href":"https:\/\/tiendapadel5.com\/en\/wp-json\/wp\/v2\/product_tag?post=248186"}],"curies":[{"name":"wp","href":"https:\/\/api.w.org\/{rel}","templated":true}]}}