{"id":246442,"date":"2026-02-01T00:05:03","date_gmt":"2026-01-31T23:05:03","guid":{"rendered":"https:\/\/tiendapadel5.com\/?post_type=product&#038;p=246442"},"modified":"2026-02-01T00:05:08","modified_gmt":"2026-01-31T23:05:08","slug":"camiseta-adidas-tirantes-club-black-2026","status":"publish","type":"product","link":"https:\/\/tiendapadel5.com\/en\/camiseta-adidas-tirantes-club-black-2026\/","title":{"rendered":"Camiseta Adidas Tirantes Club Black 2026"},"content":{"rendered":"<h2>Camiseta Adidas Tirantes Club Black 2026<\/h2>\n<p><strong>Caracter\u00edsticas:<\/strong><\/p>\n<table class=\"table table-striped table-product-dimensions table-light table-bordered- table-sm mt-3\">\n<tbody>\n<tr>\n<td class=\"font-weight-500\">1-<\/td>\n<td>Slim fit<\/td>\n<\/tr>\n<tr>\n<td class=\"font-weight-500\">5-<\/td>\n<td>CLIMACOOL<\/td>\n<\/tr>\n<tr>\n<td class=\"font-weight-500\">8-<\/td>\n<td>Soft, stretchy feel<\/td>\n<\/tr>\n<tr>\n<td class=\"font-weight-500\">Composici\u00f3n<\/td>\n<td>65% rec.Polyester\/35% Cotton<\/td>\n<\/tr>\n<\/tbody>\n<\/table>\n","protected":false},"excerpt":{"rendered":"<p>La Camiseta Adidas Tirantes Club Black 2026, dise\u00f1ada con un\u00a0corte ajustado y la espalda deportiva te dan total libertad de movimiento para llegar a cada bola con agilidad. Gracias a la tecnolog\u00eda CLIMACOOL, el sudor se absorbe y se seca r\u00e1pido para que juegues c\u00f3modo, seco y sin distracciones.<\/p>\n","protected":false},"featured_media":246450,"comment_status":"open","ping_status":"closed","template":"","meta":{"_joinchat":[]},"pwb-brand":[28],"product_brand":[],"product_cat":[5968,2203,4952,4926],"product_tag":[11591,1968,1899,7317,8626,597],"class_list":{"0":"post-246442","1":"product","2":"type-product","3":"status-publish","4":"has-post-thumbnail","6":"pwb-brand-adidas-padel","7":"product_cat-shirts-en","8":"product_cat-padel-clothes","9":"product_cat-adidas-padel-clothes","10":"product_cat-womens-padel-clothing","11":"product_tag-11591","12":"product_tag-adidas-en","13":"product_tag-black-en","14":"product_tag-t-shirt-en","15":"product_tag-club-en","16":"product_tag-tirantes","17":"pa_talla-l-en","18":"pa_talla-m-en","19":"pa_talla-s-en","20":"pa_talla-xl-en","21":"pa_talla-xs-en","23":"first","24":"instock","25":"sale","26":"taxable","27":"shipping-taxable","28":"purchasable","29":"product-type-variable"},"brands":[{"id":28,"name":"Adidas Padel","slug":"adidas-padel"}],"_links":{"self":[{"href":"https:\/\/tiendapadel5.com\/en\/wp-json\/wp\/v2\/product\/246442","targetHints":{"allow":["GET"]}}],"collection":[{"href":"https:\/\/tiendapadel5.com\/en\/wp-json\/wp\/v2\/product"}],"about":[{"href":"https:\/\/tiendapadel5.com\/en\/wp-json\/wp\/v2\/types\/product"}],"replies":[{"embeddable":true,"href":"https:\/\/tiendapadel5.com\/en\/wp-json\/wp\/v2\/comments?post=246442"}],"version-history":[{"count":1,"href":"https:\/\/tiendapadel5.com\/en\/wp-json\/wp\/v2\/product\/246442\/revisions"}],"predecessor-version":[{"id":246464,"href":"https:\/\/tiendapadel5.com\/en\/wp-json\/wp\/v2\/product\/246442\/revisions\/246464"}],"wp:featuredmedia":[{"embeddable":true,"href":"https:\/\/tiendapadel5.com\/en\/wp-json\/wp\/v2\/media\/246450"}],"wp:attachment":[{"href":"https:\/\/tiendapadel5.com\/en\/wp-json\/wp\/v2\/media?parent=246442"}],"wp:term":[{"taxonomy":"pwb-brand","embeddable":true,"href":"https:\/\/tiendapadel5.com\/en\/wp-json\/wp\/v2\/pwb-brand?post=246442"},{"taxonomy":"product_brand","embeddable":true,"href":"https:\/\/tiendapadel5.com\/en\/wp-json\/wp\/v2\/product_brand?post=246442"},{"taxonomy":"product_cat","embeddable":true,"href":"https:\/\/tiendapadel5.com\/en\/wp-json\/wp\/v2\/product_cat?post=246442"},{"taxonomy":"product_tag","embeddable":true,"href":"https:\/\/tiendapadel5.com\/en\/wp-json\/wp\/v2\/product_tag?post=246442"}],"curies":[{"name":"wp","href":"https:\/\/api.w.org\/{rel}","templated":true}]}}