{"id":240411,"date":"2025-12-31T18:23:50","date_gmt":"2025-12-31T17:23:50","guid":{"rendered":"https:\/\/tiendapadel5.com\/?post_type=product&#038;p=240411"},"modified":"2026-04-30T16:50:18","modified_gmt":"2026-04-30T14:50:18","slug":"paletero-adidas-multigame-red-2026-by-ale-galan","status":"publish","type":"product","link":"https:\/\/tiendapadel5.com\/en\/paletero-adidas-multigame-red-2026-by-ale-galan\/","title":{"rendered":"Paletero Adidas Multigame Red 2026 By Ale Galan"},"content":{"rendered":"<h2>Paletero Adidas Multigame Red 2026 By Ale Galan<\/h2>\n<p><strong>Caracter\u00edsticas:<\/strong><\/p>\n<p><i class=\"fa fa-check\"><\/i><strong>\u00a0<label class=\"label\">Materiales:<\/label><\/strong>\u00a0100% REC. PES 900D with TPU coating + 100% REC. PES 210D + RAINCOVER<\/p>\n<p><i class=\"fa fa-check\"><\/i><strong>\u00a0<label class=\"label\">Capacidad :<\/label><\/strong>\u00a058L<\/p>\n<p><i class=\"fa fa-check\"><\/i><strong>\u00a0<label class=\"label\">Dimensiones:<\/label>\u00a0<\/strong>56 x 35 x 29 cm<\/p>\n<p><i class=\"fa fa-check\"><\/i><strong>\u00a0<label class=\"label\">Color:<\/label>\u00a0<\/strong>Negro\/Rojo<\/p>\n<p><i class=\"fa fa-check\"><\/i><strong>\u00a0<label class=\"label\">Accesorio extra:<\/label><\/strong>\u00a0Protector anti agua<\/p>\n","protected":false},"excerpt":{"rendered":"<p>El Paletero Adidas Multigame Red 2026 By Ale Galan, cuenta con compartimentos laterales t\u00e9rmicos para cuidar tus palas, un bolsillo ventilado ideal para la ropa h\u00fameda y un bolsillo superior con forro suave para llevar tus objetos de valor bien protegidos. Los bolsillos exteriores separados te ayudan a tenerlo todo ordenado, y su protector impermeable asegura resistencia en cualquier situaci\u00f3n. Con los detalles exclusivos de Ale Gal\u00e1n, este paletero une funcionalidad y car\u00e1cter, perfecto para quienes buscan prestaciones de nivel profesional en el d\u00eda a d\u00eda.<\/p>\n","protected":false},"featured_media":240433,"comment_status":"open","ping_status":"closed","template":"","meta":{"_joinchat":[]},"pwb-brand":[28],"product_brand":[],"product_cat":[20,427],"product_tag":[11132,143,8032,1146,8033,273,257,534],"class_list":{"0":"post-240411","1":"product","2":"type-product","3":"status-publish","4":"has-post-thumbnail","6":"pwb-brand-adidas-padel","7":"product_cat-paleteros-de-padel","8":"product_cat-mochilas-adidas","9":"product_tag-11132","10":"product_tag-adidas","11":"product_tag-ale","12":"product_tag-by","13":"product_tag-galan","14":"product_tag-multigame","15":"product_tag-paletero","16":"product_tag-red","18":"first","19":"instock","20":"sale","21":"taxable","22":"shipping-taxable","23":"purchasable","24":"product-type-simple"},"brands":[{"id":28,"name":"Adidas Padel","slug":"adidas-padel"}],"_links":{"self":[{"href":"https:\/\/tiendapadel5.com\/en\/wp-json\/wp\/v2\/product\/240411","targetHints":{"allow":["GET"]}}],"collection":[{"href":"https:\/\/tiendapadel5.com\/en\/wp-json\/wp\/v2\/product"}],"about":[{"href":"https:\/\/tiendapadel5.com\/en\/wp-json\/wp\/v2\/types\/product"}],"replies":[{"embeddable":true,"href":"https:\/\/tiendapadel5.com\/en\/wp-json\/wp\/v2\/comments?post=240411"}],"version-history":[{"count":1,"href":"https:\/\/tiendapadel5.com\/en\/wp-json\/wp\/v2\/product\/240411\/revisions"}],"predecessor-version":[{"id":240440,"href":"https:\/\/tiendapadel5.com\/en\/wp-json\/wp\/v2\/product\/240411\/revisions\/240440"}],"wp:featuredmedia":[{"embeddable":true,"href":"https:\/\/tiendapadel5.com\/en\/wp-json\/wp\/v2\/media\/240433"}],"wp:attachment":[{"href":"https:\/\/tiendapadel5.com\/en\/wp-json\/wp\/v2\/media?parent=240411"}],"wp:term":[{"taxonomy":"pwb-brand","embeddable":true,"href":"https:\/\/tiendapadel5.com\/en\/wp-json\/wp\/v2\/pwb-brand?post=240411"},{"taxonomy":"product_brand","embeddable":true,"href":"https:\/\/tiendapadel5.com\/en\/wp-json\/wp\/v2\/product_brand?post=240411"},{"taxonomy":"product_cat","embeddable":true,"href":"https:\/\/tiendapadel5.com\/en\/wp-json\/wp\/v2\/product_cat?post=240411"},{"taxonomy":"product_tag","embeddable":true,"href":"https:\/\/tiendapadel5.com\/en\/wp-json\/wp\/v2\/product_tag?post=240411"}],"curies":[{"name":"wp","href":"https:\/\/api.w.org\/{rel}","templated":true}]}}