{"id":234775,"date":"2025-12-15T00:10:40","date_gmt":"2025-12-14T23:10:40","guid":{"rendered":"https:\/\/tiendapadel5.com\/?post_type=product&#038;p=234775"},"modified":"2025-12-15T00:10:48","modified_gmt":"2025-12-14T23:10:48","slug":"camiseta-tirantes-adidas-club-white","status":"publish","type":"product","link":"https:\/\/tiendapadel5.com\/en\/camiseta-tirantes-adidas-club-white\/","title":{"rendered":"Camiseta Tirantes Adidas Club White"},"content":{"rendered":"<h2>Camiseta Tirantes Adidas Club White<\/h2>\n<p><strong>Caracter\u00edsticas:<\/strong><\/p>\n<p><strong>Color:<\/strong>\u00a0Blanco<\/p>\n","protected":false},"excerpt":{"rendered":"<p>La Camiseta Tirantes Adidas Club White, est\u00e1 pensada para quienes buscan rendir al m\u00e1ximo sin perder estilo en la pista. Confeccionada en un tejido jersey suave y el\u00e1stico, y con espalda tipo nadadora, te permite moverte con total libertad en cada punto. La tecnolog\u00eda adidas AEROREADY se encarga de absorber el sudor para que te mantengas seco y c\u00f3modo, incluso en los intercambios m\u00e1s intensos. Su corte ajustado y el panel trasero de malla transpirable ayudan a que est\u00e9s siempre fresco y en tu mejor versi\u00f3n durante el juego.<\/p>\n","protected":false},"featured_media":234783,"comment_status":"open","ping_status":"closed","template":"","meta":{"_joinchat":[]},"pwb-brand":[28],"product_brand":[],"product_cat":[5903,21,4948,47],"product_tag":[143,83,393,597,519],"class_list":{"0":"post-234775","1":"product","2":"type-product","3":"status-publish","4":"has-post-thumbnail","6":"pwb-brand-adidas-padel","7":"product_cat-camisetass","8":"product_cat-ropa-padel","9":"product_cat-ropa-adidas","10":"product_cat-mujer","11":"product_tag-adidas","12":"product_tag-camiseta","13":"product_tag-club","14":"product_tag-tirantes","15":"product_tag-white","16":"pa_talla-l","17":"pa_talla-m","18":"pa_talla-s","19":"pa_talla-xl","20":"pa_talla-xs","22":"first","23":"instock","24":"sale","25":"taxable","26":"shipping-taxable","27":"purchasable","28":"product-type-variable"},"brands":[{"id":28,"name":"Adidas Padel","slug":"adidas-padel"}],"_links":{"self":[{"href":"https:\/\/tiendapadel5.com\/en\/wp-json\/wp\/v2\/product\/234775","targetHints":{"allow":["GET"]}}],"collection":[{"href":"https:\/\/tiendapadel5.com\/en\/wp-json\/wp\/v2\/product"}],"about":[{"href":"https:\/\/tiendapadel5.com\/en\/wp-json\/wp\/v2\/types\/product"}],"replies":[{"embeddable":true,"href":"https:\/\/tiendapadel5.com\/en\/wp-json\/wp\/v2\/comments?post=234775"}],"version-history":[{"count":0,"href":"https:\/\/tiendapadel5.com\/en\/wp-json\/wp\/v2\/product\/234775\/revisions"}],"wp:featuredmedia":[{"embeddable":true,"href":"https:\/\/tiendapadel5.com\/en\/wp-json\/wp\/v2\/media\/234783"}],"wp:attachment":[{"href":"https:\/\/tiendapadel5.com\/en\/wp-json\/wp\/v2\/media?parent=234775"}],"wp:term":[{"taxonomy":"pwb-brand","embeddable":true,"href":"https:\/\/tiendapadel5.com\/en\/wp-json\/wp\/v2\/pwb-brand?post=234775"},{"taxonomy":"product_brand","embeddable":true,"href":"https:\/\/tiendapadel5.com\/en\/wp-json\/wp\/v2\/product_brand?post=234775"},{"taxonomy":"product_cat","embeddable":true,"href":"https:\/\/tiendapadel5.com\/en\/wp-json\/wp\/v2\/product_cat?post=234775"},{"taxonomy":"product_tag","embeddable":true,"href":"https:\/\/tiendapadel5.com\/en\/wp-json\/wp\/v2\/product_tag?post=234775"}],"curies":[{"name":"wp","href":"https:\/\/api.w.org\/{rel}","templated":true}]}}