{"id":231130,"date":"2025-12-02T22:11:39","date_gmt":"2025-12-02T21:11:39","guid":{"rendered":"https:\/\/tiendapadel5.com\/?post_type=product&#038;p=231130"},"modified":"2026-04-14T08:50:45","modified_gmt":"2026-04-14T06:50:45","slug":"paletero-adidas-control-black-2026","status":"publish","type":"product","link":"https:\/\/tiendapadel5.com\/en\/paletero-adidas-control-black-2026\/","title":{"rendered":"Paletero Adidas Control Black 2026"},"content":{"rendered":"<h2>Paletero Adidas Control Black 2026<\/h2>\n<p><strong>Caracter\u00edsticas:<\/strong><\/p>\n<p><i class=\"fa fa-check\"><\/i><strong>\u00a0<label class=\"label\">Materiales:<\/label>\u00a0<\/strong>100% REC. PES 600D with PU coating<\/p>\n<p><i class=\"fa fa-check\"><\/i><strong>\u00a0<label class=\"label\">Capacidad :<\/label><\/strong>\u00a035 L<\/p>\n<p><i class=\"fa fa-check\"><\/i><strong>\u00a0<label class=\"label\">Dimensiones:<\/label><\/strong>\u00a056 x 18 x 42 cm<\/p>\n<p><i class=\"fa fa-check\"><\/i><strong>\u00a0<label class=\"label\">Color:<\/label>\u00a0<\/strong>Negro azul<\/p>\n","protected":false},"excerpt":{"rendered":"<p>El Paletero Adidas Control Black 2026, dise\u00f1ado con\u00a0un compartimento central s\u00faper amplio y un bolsillo lateral para llevar tu pala. Adem\u00e1s, es sencillo, pr\u00e1ctico y muy c\u00f3modo de usar.<\/p>\n","protected":false},"featured_media":231147,"comment_status":"open","ping_status":"closed","template":"","meta":{"_joinchat":[]},"pwb-brand":[28],"product_brand":[],"product_cat":[20,427],"product_tag":[11132,143,203,146,257],"class_list":{"0":"post-231130","1":"product","2":"type-product","3":"status-publish","4":"has-post-thumbnail","6":"pwb-brand-adidas-padel","7":"product_cat-paleteros-de-padel","8":"product_cat-mochilas-adidas","9":"product_tag-11132","10":"product_tag-adidas","11":"product_tag-black","12":"product_tag-control","13":"product_tag-paletero","15":"first","16":"outofstock","17":"sale","18":"taxable","19":"shipping-taxable","20":"purchasable","21":"product-type-simple"},"brands":[{"id":28,"name":"Adidas Padel","slug":"adidas-padel"}],"_links":{"self":[{"href":"https:\/\/tiendapadel5.com\/en\/wp-json\/wp\/v2\/product\/231130","targetHints":{"allow":["GET"]}}],"collection":[{"href":"https:\/\/tiendapadel5.com\/en\/wp-json\/wp\/v2\/product"}],"about":[{"href":"https:\/\/tiendapadel5.com\/en\/wp-json\/wp\/v2\/types\/product"}],"replies":[{"embeddable":true,"href":"https:\/\/tiendapadel5.com\/en\/wp-json\/wp\/v2\/comments?post=231130"}],"version-history":[{"count":1,"href":"https:\/\/tiendapadel5.com\/en\/wp-json\/wp\/v2\/product\/231130\/revisions"}],"predecessor-version":[{"id":245221,"href":"https:\/\/tiendapadel5.com\/en\/wp-json\/wp\/v2\/product\/231130\/revisions\/245221"}],"wp:featuredmedia":[{"embeddable":true,"href":"https:\/\/tiendapadel5.com\/en\/wp-json\/wp\/v2\/media\/231147"}],"wp:attachment":[{"href":"https:\/\/tiendapadel5.com\/en\/wp-json\/wp\/v2\/media?parent=231130"}],"wp:term":[{"taxonomy":"pwb-brand","embeddable":true,"href":"https:\/\/tiendapadel5.com\/en\/wp-json\/wp\/v2\/pwb-brand?post=231130"},{"taxonomy":"product_brand","embeddable":true,"href":"https:\/\/tiendapadel5.com\/en\/wp-json\/wp\/v2\/product_brand?post=231130"},{"taxonomy":"product_cat","embeddable":true,"href":"https:\/\/tiendapadel5.com\/en\/wp-json\/wp\/v2\/product_cat?post=231130"},{"taxonomy":"product_tag","embeddable":true,"href":"https:\/\/tiendapadel5.com\/en\/wp-json\/wp\/v2\/product_tag?post=231130"}],"curies":[{"name":"wp","href":"https:\/\/api.w.org\/{rel}","templated":true}]}}