{"id":226493,"date":"2025-11-09T01:53:17","date_gmt":"2025-11-09T00:53:17","guid":{"rendered":"https:\/\/tiendapadel5.com\/?post_type=product&#038;p=226493"},"modified":"2026-04-07T12:15:46","modified_gmt":"2026-04-07T10:15:46","slug":"zapatillas-munich-focus-03","status":"publish","type":"product","link":"https:\/\/tiendapadel5.com\/en\/zapatillas-munich-focus-03\/","title":{"rendered":"Zapatillas Munich Focus 03"},"content":{"rendered":"<h2>Zapatillas Munich Focus 03<\/h2>\n<p><strong>Caracter\u00edsticas:<\/strong><\/p>\n<p><span class=\"info\"><strong>Nivel:<\/strong> Iniciaci\u00f3n<\/span><\/p>\n<p><span class=\"info\"><strong>Juego:<\/strong> Confort<\/span><\/p>\n<p><span class=\"info\"><strong>A\u00f1o:<\/strong> 2025<\/span><\/p>\n<p><span class=\"info\"><strong>Suela:<\/strong> Clay (Espiga)<\/span><span class=\"info\">ST Oto\u00f1o \/ Invierno<\/span><\/p>\n<p><span class=\"info\"><strong>Nivel:<\/strong> Iniciaci\u00f3n<\/span><\/p>\n<p><span class=\"info\"><strong>Juego:<\/strong> Confort<\/span><\/p>\n<p><span class=\"info\"><strong>Jugador:<\/strong> Hombre<\/span><\/p>\n<p><span class=\"info\"><strong>A\u00f1o:<\/strong> 2025<\/span><\/p>\n<p><span class=\"info\"><strong>Suela:<\/strong> Clay (Espiga)<\/span><span class=\"info\">ST Oto\u00f1o \/ Invierno<\/span><\/p>\n","protected":false},"excerpt":{"rendered":"<p>Las Zapatillas Munich Focus 03 son ideales para moverte por la pista con total confianza. Combina una gran sujeci\u00f3n y transpirabilidad gracias a su parte superior de PU y malla t\u00e9cnica. La puntera reforzada le da un plus de durabilidad, y su suela de phylon y goma ofrece una amortiguaci\u00f3n y agarre excelentes en cada movimiento. Perfecta para llevar tu juego al siguiente nivel.<\/p>\n","protected":false},"featured_media":226515,"comment_status":"open","ping_status":"closed","template":"","meta":{"_joinchat":[]},"pwb-brand":[477],"product_brand":[],"product_cat":[4298,4311,4939],"product_tag":[1931,10573,1873,6699],"class_list":{"0":"post-226493","1":"product","2":"type-product","3":"status-publish","4":"has-post-thumbnail","6":"pwb-brand-munich","7":"product_cat-padel-shoes","8":"product_cat-munich-padel-shoes","9":"product_cat-padel-shoes-men","10":"product_tag-03-en","11":"product_tag-focus","12":"product_tag-munich-en","13":"product_tag-sneakers","14":"pa_talla-41-en","15":"pa_talla-42-en","16":"pa_talla-43-en","17":"pa_talla-44-en","18":"pa_talla-45-en","20":"first","21":"instock","22":"sale","23":"taxable","24":"shipping-taxable","25":"purchasable","26":"product-type-variable"},"brands":[{"id":477,"name":"Munich","slug":"munich"}],"_links":{"self":[{"href":"https:\/\/tiendapadel5.com\/en\/wp-json\/wp\/v2\/product\/226493","targetHints":{"allow":["GET"]}}],"collection":[{"href":"https:\/\/tiendapadel5.com\/en\/wp-json\/wp\/v2\/product"}],"about":[{"href":"https:\/\/tiendapadel5.com\/en\/wp-json\/wp\/v2\/types\/product"}],"replies":[{"embeddable":true,"href":"https:\/\/tiendapadel5.com\/en\/wp-json\/wp\/v2\/comments?post=226493"}],"version-history":[{"count":3,"href":"https:\/\/tiendapadel5.com\/en\/wp-json\/wp\/v2\/product\/226493\/revisions"}],"predecessor-version":[{"id":245540,"href":"https:\/\/tiendapadel5.com\/en\/wp-json\/wp\/v2\/product\/226493\/revisions\/245540"}],"wp:featuredmedia":[{"embeddable":true,"href":"https:\/\/tiendapadel5.com\/en\/wp-json\/wp\/v2\/media\/226515"}],"wp:attachment":[{"href":"https:\/\/tiendapadel5.com\/en\/wp-json\/wp\/v2\/media?parent=226493"}],"wp:term":[{"taxonomy":"pwb-brand","embeddable":true,"href":"https:\/\/tiendapadel5.com\/en\/wp-json\/wp\/v2\/pwb-brand?post=226493"},{"taxonomy":"product_brand","embeddable":true,"href":"https:\/\/tiendapadel5.com\/en\/wp-json\/wp\/v2\/product_brand?post=226493"},{"taxonomy":"product_cat","embeddable":true,"href":"https:\/\/tiendapadel5.com\/en\/wp-json\/wp\/v2\/product_cat?post=226493"},{"taxonomy":"product_tag","embeddable":true,"href":"https:\/\/tiendapadel5.com\/en\/wp-json\/wp\/v2\/product_tag?post=226493"}],"curies":[{"name":"wp","href":"https:\/\/api.w.org\/{rel}","templated":true}]}}