{"id":221651,"date":"2025-10-03T13:18:13","date_gmt":"2025-10-03T11:18:13","guid":{"rendered":"https:\/\/tiendapadel5.com\/?post_type=product&#038;p=221651"},"modified":"2026-04-25T00:28:28","modified_gmt":"2026-04-24T22:28:28","slug":"starvie-triton-power-2026","status":"publish","type":"product","link":"https:\/\/tiendapadel5.com\/en\/starvie-triton-power-2026\/","title":{"rendered":"Starvie Triton Power + 2026"},"content":{"rendered":"<h2>Starvie Triton Power + 2026<\/h2>\n<p><strong>Caracter\u00edsticas:<\/strong><\/p>\n<table class=\"product-features-table\">\n<tbody>\n<tr>\n<td>Forma<\/td>\n<td>Diamante<\/td>\n<\/tr>\n<tr>\n<td>Plano<\/td>\n<td>18K CARBON<\/td>\n<\/tr>\n<tr>\n<td>Goma<\/td>\n<td>H-EVA POWER<\/td>\n<\/tr>\n<tr>\n<td>Perfil<\/td>\n<td>38mm<\/td>\n<\/tr>\n<tr>\n<td>Peso<\/td>\n<td>358 (+\/- 8 g)<\/td>\n<\/tr>\n<tr>\n<td>Balance<\/td>\n<td>Alto<\/td>\n<\/tr>\n<\/tbody>\n<\/table>\n","protected":false},"excerpt":{"rendered":"<p>La Starvie Triton Power + 2026, es una pala en forma de diamante con balance alto, pensada para un juego de ataque. Su superficie en carbono 18K Hybrid da m\u00e1s rigidez y precisi\u00f3n, y junto a la goma H-Eva Power de alta densidad ofrece un tacto firme para conseguir m\u00e1xima potencia y control en los golpes decisivos.<\/p>\n","protected":false},"featured_media":221666,"comment_status":"open","ping_status":"closed","template":"","meta":{"_joinchat":[]},"pwb-brand":[35],"product_brand":[],"product_cat":[1860,11144,1964],"product_tag":[484,11591,1934,1969,1983],"class_list":{"0":"post-221651","1":"product","2":"type-product","3":"status-publish","4":"has-post-thumbnail","6":"pwb-brand-starvie","7":"product_cat-padel-rackets","8":"product_cat-2026-en","9":"product_cat-starvie-en","10":"product_tag-484","11":"product_tag-11591","12":"product_tag-power-en","13":"product_tag-starvie-en","14":"product_tag-triton-en","15":"pa_forma-diamond","16":"pa_marco-carbon-fiber","17":"pa_nivel-de-juego-advanced-professional-en-2","18":"pa_tipo-de-juego-power","20":"first","21":"instock","22":"sale","23":"taxable","24":"shipping-taxable","25":"purchasable","26":"product-type-simple"},"brands":[{"id":35,"name":"Starvie","slug":"starvie"}],"_links":{"self":[{"href":"https:\/\/tiendapadel5.com\/en\/wp-json\/wp\/v2\/product\/221651","targetHints":{"allow":["GET"]}}],"collection":[{"href":"https:\/\/tiendapadel5.com\/en\/wp-json\/wp\/v2\/product"}],"about":[{"href":"https:\/\/tiendapadel5.com\/en\/wp-json\/wp\/v2\/types\/product"}],"replies":[{"embeddable":true,"href":"https:\/\/tiendapadel5.com\/en\/wp-json\/wp\/v2\/comments?post=221651"}],"version-history":[{"count":1,"href":"https:\/\/tiendapadel5.com\/en\/wp-json\/wp\/v2\/product\/221651\/revisions"}],"predecessor-version":[{"id":245176,"href":"https:\/\/tiendapadel5.com\/en\/wp-json\/wp\/v2\/product\/221651\/revisions\/245176"}],"wp:featuredmedia":[{"embeddable":true,"href":"https:\/\/tiendapadel5.com\/en\/wp-json\/wp\/v2\/media\/221666"}],"wp:attachment":[{"href":"https:\/\/tiendapadel5.com\/en\/wp-json\/wp\/v2\/media?parent=221651"}],"wp:term":[{"taxonomy":"pwb-brand","embeddable":true,"href":"https:\/\/tiendapadel5.com\/en\/wp-json\/wp\/v2\/pwb-brand?post=221651"},{"taxonomy":"product_brand","embeddable":true,"href":"https:\/\/tiendapadel5.com\/en\/wp-json\/wp\/v2\/product_brand?post=221651"},{"taxonomy":"product_cat","embeddable":true,"href":"https:\/\/tiendapadel5.com\/en\/wp-json\/wp\/v2\/product_cat?post=221651"},{"taxonomy":"product_tag","embeddable":true,"href":"https:\/\/tiendapadel5.com\/en\/wp-json\/wp\/v2\/product_tag?post=221651"}],"curies":[{"name":"wp","href":"https:\/\/api.w.org\/{rel}","templated":true}]}}