{"id":220450,"date":"2025-09-26T13:25:09","date_gmt":"2025-09-26T11:25:09","guid":{"rendered":"https:\/\/tiendapadel5.com\/?post_type=product&#038;p=220450"},"modified":"2026-04-28T13:42:03","modified_gmt":"2026-04-28T11:42:03","slug":"nox-at10-luxury-genius-12k-alum-xtrem-lite-2026-by-agustin-tapia","status":"publish","type":"product","link":"https:\/\/tiendapadel5.com\/en\/nox-at10-luxury-genius-12k-alum-xtrem-lite-2026-by-agustin-tapia\/","title":{"rendered":"Nox AT10 Luxury Genius 12K Alum Xtrem Lite 2026 By Agust\u00edn Tapia"},"content":{"rendered":"<h2>Nox AT10 Luxury Genius 12K Alum Xtrem Lite 2026 By Agust\u00edn Tapia<\/h2>\n<p><strong>Caracter\u00edsticas:<\/strong><\/p>\n<ul>\n<li><strong>PESO:\u00a0<\/strong>355 &#8211; 365g<\/li>\n<li><strong>ANCHO:\u00a0<\/strong>38 mm<\/li>\n<li><strong>MARCO:\u00a0<\/strong>Carbono<\/li>\n<li><strong>NUCLEO:\u00a0<\/strong>HR3 WHITE EVA<\/li>\n<li><strong>CARA:\u00a0<\/strong>Carbon Fiber 12K Alum Xtrem<\/li>\n<li><strong>SUPERFICIE:\u00a0<\/strong>Dual Spin<\/li>\n<li><strong>FORMA:\u00a0<\/strong>Gota \/ L\u00e1grima<\/li>\n<li><strong>POTENCIA:\u00a0<\/strong>90\/100<\/li>\n<li><strong>CONTROL:\u00a0<\/strong>100\/100<\/li>\n<\/ul>\n","protected":false},"excerpt":{"rendered":"<p>La Pala Nox AT10 Luxury Genius 12K Alum Xtrem Lite 2026 By Agust\u00edn Tapia, creada junto a Agust\u00edn Tapia, est\u00e1 pensada para jugadores que buscan el equilibrio perfecto entre potencia, control y ligereza. Con un peso de entre 355 y 365 gramos, esta pala ofrece una manejabilidad top sin perder el rendimiento que caracteriza a la gama AT10.<\/p>\n<p>&nbsp;<\/p>\n","protected":false},"featured_media":220472,"comment_status":"open","ping_status":"closed","template":"","meta":{"_joinchat":[]},"pwb-brand":[34],"product_brand":[],"product_cat":[19,11134,412],"product_tag":[212,11132,1088,9897,946,1146,134,584,178,130,1091,10571],"class_list":{"0":"post-220450","1":"product","2":"type-product","3":"status-publish","4":"has-post-thumbnail","6":"pwb-brand-nox","7":"product_cat-palas-padel","8":"product_cat-11134","9":"product_cat-nox","10":"product_tag-12k","11":"product_tag-11132","12":"product_tag-agustin","13":"product_tag-alum","14":"product_tag-at10","15":"product_tag-by","16":"product_tag-genius","17":"product_tag-lite","18":"product_tag-luxury","19":"product_tag-nox","20":"product_tag-tapia","21":"product_tag-xtrem","22":"pa_forma-lagrima","23":"pa_marco-fibra-de-carbono","24":"pa_nivel-de-juego-avanzado-profesional","25":"pa_tipo-de-juego-polivalente","27":"first","28":"instock","29":"sale","30":"taxable","31":"shipping-taxable","32":"purchasable","33":"product-type-simple"},"brands":[{"id":34,"name":"Nox","slug":"nox"}],"_links":{"self":[{"href":"https:\/\/tiendapadel5.com\/en\/wp-json\/wp\/v2\/product\/220450","targetHints":{"allow":["GET"]}}],"collection":[{"href":"https:\/\/tiendapadel5.com\/en\/wp-json\/wp\/v2\/product"}],"about":[{"href":"https:\/\/tiendapadel5.com\/en\/wp-json\/wp\/v2\/types\/product"}],"replies":[{"embeddable":true,"href":"https:\/\/tiendapadel5.com\/en\/wp-json\/wp\/v2\/comments?post=220450"}],"version-history":[{"count":0,"href":"https:\/\/tiendapadel5.com\/en\/wp-json\/wp\/v2\/product\/220450\/revisions"}],"wp:featuredmedia":[{"embeddable":true,"href":"https:\/\/tiendapadel5.com\/en\/wp-json\/wp\/v2\/media\/220472"}],"wp:attachment":[{"href":"https:\/\/tiendapadel5.com\/en\/wp-json\/wp\/v2\/media?parent=220450"}],"wp:term":[{"taxonomy":"pwb-brand","embeddable":true,"href":"https:\/\/tiendapadel5.com\/en\/wp-json\/wp\/v2\/pwb-brand?post=220450"},{"taxonomy":"product_brand","embeddable":true,"href":"https:\/\/tiendapadel5.com\/en\/wp-json\/wp\/v2\/product_brand?post=220450"},{"taxonomy":"product_cat","embeddable":true,"href":"https:\/\/tiendapadel5.com\/en\/wp-json\/wp\/v2\/product_cat?post=220450"},{"taxonomy":"product_tag","embeddable":true,"href":"https:\/\/tiendapadel5.com\/en\/wp-json\/wp\/v2\/product_tag?post=220450"}],"curies":[{"name":"wp","href":"https:\/\/api.w.org\/{rel}","templated":true}]}}