{"id":219108,"date":"2025-09-17T17:57:50","date_gmt":"2025-09-17T15:57:50","guid":{"rendered":"https:\/\/tiendapadel5.com\/?post_type=product&#038;p=219108"},"modified":"2026-04-13T12:01:49","modified_gmt":"2026-04-13T10:01:49","slug":"zapatillas-wilson-hurakn-pro-v2-2025-safety-yellow-white-safety-yellow","status":"publish","type":"product","link":"https:\/\/tiendapadel5.com\/en\/zapatillas-wilson-hurakn-pro-v2-2025-safety-yellow-white-safety-yellow\/","title":{"rendered":"Zapatillas Wilson Hurakn Pro V2 2025 Safety Yellow\/White\/Safety Yellow"},"content":{"rendered":"<h2>Zapatillas Wilson Hurakn Pro V2 2025 Safety Yellow\/White\/Safety Yellow<\/h2>\n<p><strong>Caracter\u00edsticas:<\/strong><\/p>\n<div class=\"feature-card\">\n<div class=\"feature-card-title\">&#8211; Pro Torque Chassis Light<\/div>\n<div class=\"feature-card-content\"><span style=\"font-size: 14.4px;\">&#8211; Endofit<\/span><\/div>\n<\/div>\n<div class=\"feature-card\">\n<div class=\"feature-card-content\"><span style=\"font-size: 14.4px;\">&#8211; Recycled TPU<\/span><\/div>\n<\/div>\n<div class=\"feature-card\">\n<div class=\"feature-card-title\">&#8211; Recycled Mesh<\/div>\n<\/div>\n<div class=\"feature-card\">\n<div class=\"feature-card-title\">&#8211; Duralast<\/div>\n<div class=\"feature-card-content\"><span style=\"font-size: 14.4px;\">&#8211; Fused 8 Foam<\/span><\/div>\n<\/div>\n<div class=\"feature-card\">\n<div class=\"feature-card-content\"><span style=\"font-size: 14.4px;\">&#8211; Optimum Grip<\/span><\/div>\n<\/div>\n<div class=\"feature-card\">\n<div class=\"feature-card-content\"><\/div>\n<\/div>\n","protected":false},"excerpt":{"rendered":"<p>Las Zapatillas Wilson Hurakn Pro V2 2025 Safety Yellow\/White\/Safety Yellow, dise\u00f1adas con un gran soporte en el arco, m\u00e1xima tracci\u00f3n y un ajuste que se siente natural en la cancha de p\u00e1del, todo con un menor impacto en el planeta.<\/p>\n","protected":false},"featured_media":219138,"comment_status":"open","ping_status":"closed","template":"","meta":{"_joinchat":[]},"pwb-brand":[37],"product_brand":[],"product_cat":[4298,4939,4312],"product_tag":[9954,8765,1905,11215,1951,8768,1947,1872,6699],"class_list":{"0":"post-219108","1":"product","2":"type-product","3":"status-publish","4":"has-post-thumbnail","6":"pwb-brand-wilson","7":"product_cat-padel-shoes","8":"product_cat-padel-shoes-men","9":"product_cat-wilson-padel-shoes","10":"product_tag-2025-en","11":"product_tag-hurakn-en","12":"product_tag-pro-en","13":"product_tag-safety","14":"product_tag-v2-en","15":"product_tag-white-en-4","16":"product_tag-wilson-en","17":"product_tag-yellow-en","18":"product_tag-sneakers","19":"pa_talla-40-2-3-en","20":"pa_talla-41-1-3-en","21":"pa_talla-42-en","22":"pa_talla-42-2-3-en","23":"pa_talla-43-1-3-en","24":"pa_talla-44-en","25":"pa_talla-44-2-3-en","26":"pa_talla-45-1-3-en","27":"pa_talla-46-en","28":"pa_talla-46-2-3","30":"first","31":"instock","32":"sale","33":"taxable","34":"shipping-taxable","35":"purchasable","36":"product-type-variable"},"brands":[{"id":37,"name":"Wilson","slug":"wilson"}],"_links":{"self":[{"href":"https:\/\/tiendapadel5.com\/en\/wp-json\/wp\/v2\/product\/219108","targetHints":{"allow":["GET"]}}],"collection":[{"href":"https:\/\/tiendapadel5.com\/en\/wp-json\/wp\/v2\/product"}],"about":[{"href":"https:\/\/tiendapadel5.com\/en\/wp-json\/wp\/v2\/types\/product"}],"replies":[{"embeddable":true,"href":"https:\/\/tiendapadel5.com\/en\/wp-json\/wp\/v2\/comments?post=219108"}],"version-history":[{"count":1,"href":"https:\/\/tiendapadel5.com\/en\/wp-json\/wp\/v2\/product\/219108\/revisions"}],"predecessor-version":[{"id":247684,"href":"https:\/\/tiendapadel5.com\/en\/wp-json\/wp\/v2\/product\/219108\/revisions\/247684"}],"wp:featuredmedia":[{"embeddable":true,"href":"https:\/\/tiendapadel5.com\/en\/wp-json\/wp\/v2\/media\/219138"}],"wp:attachment":[{"href":"https:\/\/tiendapadel5.com\/en\/wp-json\/wp\/v2\/media?parent=219108"}],"wp:term":[{"taxonomy":"pwb-brand","embeddable":true,"href":"https:\/\/tiendapadel5.com\/en\/wp-json\/wp\/v2\/pwb-brand?post=219108"},{"taxonomy":"product_brand","embeddable":true,"href":"https:\/\/tiendapadel5.com\/en\/wp-json\/wp\/v2\/product_brand?post=219108"},{"taxonomy":"product_cat","embeddable":true,"href":"https:\/\/tiendapadel5.com\/en\/wp-json\/wp\/v2\/product_cat?post=219108"},{"taxonomy":"product_tag","embeddable":true,"href":"https:\/\/tiendapadel5.com\/en\/wp-json\/wp\/v2\/product_tag?post=219108"}],"curies":[{"name":"wp","href":"https:\/\/api.w.org\/{rel}","templated":true}]}}