{"id":216505,"date":"2025-08-21T23:55:57","date_gmt":"2025-08-21T22:55:57","guid":{"rendered":"https:\/\/tiendapadel5.com\/?post_type=product&#038;p=216505"},"modified":"2025-08-21T23:56:03","modified_gmt":"2025-08-21T22:56:03","slug":"falda-izas-minesota-fair-aqua","status":"publish","type":"product","link":"https:\/\/tiendapadel5.com\/en\/falda-izas-minesota-fair-aqua\/","title":{"rendered":"Falda Izas Minesota Fair Aqua"},"content":{"rendered":"<h2>Falda Izas Minesota Fair Aqua<\/h2>\n<p><strong>Caracter\u00edsticas:<\/strong><\/p>\n<ul>\n<li>Falda corta p\u00e1del mujer.<\/li>\n<li>Parte trasera plisado.<\/li>\n<li>Pantal\u00f3n interior con bolsillo y bolsillo inverso.<\/li>\n<li>Tejido suave y transpirable.<\/li>\n<\/ul>\n","protected":false},"excerpt":{"rendered":"<p>La Falda Izas Minesota Fair Aqua, creada para que juegues c\u00f3moda y con total libertad de movimiento. La parte trasera plisada le da un toque con mucho estilo, y el short interior trae bolsillos s\u00faper pr\u00e1cticos para guardar las bolas, incluso uno al rev\u00e9s para m\u00e1s comodidad. Est\u00e1 hecha con un tejido suave y transpirable que se adapta a tu ritmo de juego.<\/p>\n","protected":false},"featured_media":216520,"comment_status":"open","ping_status":"closed","template":"","meta":{"_joinchat":[]},"pwb-brand":[11181],"product_brand":[],"product_cat":[21,96,11182,47],"product_tag":[6549,11192,506,11179,11194],"class_list":{"0":"post-216505","1":"product","2":"type-product","3":"status-publish","4":"has-post-thumbnail","6":"pwb-brand-izas","7":"product_cat-ropa-padel","8":"product_cat-faldas","9":"product_cat-ropa-izas","10":"product_cat-mujer","11":"product_tag-aqua","12":"product_tag-fair","13":"product_tag-falda","14":"product_tag-izas","15":"product_tag-minesota","16":"pa_talla-2xl","17":"pa_talla-l","18":"pa_talla-m","19":"pa_talla-s","20":"pa_talla-xl","22":"first","23":"instock","24":"sale","25":"taxable","26":"shipping-taxable","27":"purchasable","28":"product-type-variable"},"brands":[{"id":11181,"name":"Izas","slug":"izas"}],"_links":{"self":[{"href":"https:\/\/tiendapadel5.com\/en\/wp-json\/wp\/v2\/product\/216505","targetHints":{"allow":["GET"]}}],"collection":[{"href":"https:\/\/tiendapadel5.com\/en\/wp-json\/wp\/v2\/product"}],"about":[{"href":"https:\/\/tiendapadel5.com\/en\/wp-json\/wp\/v2\/types\/product"}],"replies":[{"embeddable":true,"href":"https:\/\/tiendapadel5.com\/en\/wp-json\/wp\/v2\/comments?post=216505"}],"version-history":[{"count":0,"href":"https:\/\/tiendapadel5.com\/en\/wp-json\/wp\/v2\/product\/216505\/revisions"}],"wp:featuredmedia":[{"embeddable":true,"href":"https:\/\/tiendapadel5.com\/en\/wp-json\/wp\/v2\/media\/216520"}],"wp:attachment":[{"href":"https:\/\/tiendapadel5.com\/en\/wp-json\/wp\/v2\/media?parent=216505"}],"wp:term":[{"taxonomy":"pwb-brand","embeddable":true,"href":"https:\/\/tiendapadel5.com\/en\/wp-json\/wp\/v2\/pwb-brand?post=216505"},{"taxonomy":"product_brand","embeddable":true,"href":"https:\/\/tiendapadel5.com\/en\/wp-json\/wp\/v2\/product_brand?post=216505"},{"taxonomy":"product_cat","embeddable":true,"href":"https:\/\/tiendapadel5.com\/en\/wp-json\/wp\/v2\/product_cat?post=216505"},{"taxonomy":"product_tag","embeddable":true,"href":"https:\/\/tiendapadel5.com\/en\/wp-json\/wp\/v2\/product_tag?post=216505"}],"curies":[{"name":"wp","href":"https:\/\/api.w.org\/{rel}","templated":true}]}}