{"id":209111,"date":"2025-06-21T21:22:59","date_gmt":"2025-06-21T20:22:59","guid":{"rendered":"https:\/\/tiendapadel5.com\/?post_type=product&#038;p=209111"},"modified":"2026-04-22T08:51:30","modified_gmt":"2026-04-22T06:51:30","slug":"munequeras-wilson-wide-terry-blanco-azul-marino","status":"publish","type":"product","link":"https:\/\/tiendapadel5.com\/en\/munequeras-wilson-wide-terry-blanco-azul-marino\/","title":{"rendered":"Mu\u00f1equeras Wilson Wide Terry Blanco\/Azul Marino"},"content":{"rendered":"<h2>Mu\u00f1equeras Wilson Wide Terry Blanco\/Azul Marino<\/h2>\n<p><strong>Caracter\u00edsticas:<\/strong><\/p>\n<p><strong>Absorci\u00f3n superior:<\/strong>\u00a0Tejido de alta calidad que retiene la humedad y evita el deslizamiento del sudor.<\/p>\n<p><strong>Ajuste c\u00f3modo y el\u00e1stico:<\/strong>\u00a0Se adapta perfectamente a tu mu\u00f1eca sin apretar ni incomodar.<\/p>\n<p><strong>Dise\u00f1o cl\u00e1sico y vers\u00e1til:<\/strong>\u00a0Ideal para tenis, p\u00e1del y otros deportes.<\/p>\n","protected":false},"excerpt":{"rendered":"<p>Las Mu\u00f1equeras Wilson Wide Terry Blanco\/Azul Marino, dise\u00f1adas para obtener una absorci\u00f3n id\u00f3nea y para secar el sudor, ideal para llevarla en sus entrenamientos y partidos.<\/p>\n","protected":false},"featured_media":209112,"comment_status":"open","ping_status":"closed","template":"","meta":{"_joinchat":[]},"pwb-brand":[37],"product_brand":[],"product_cat":[23,426,4412],"product_tag":[295,405,782,674,11047,7017,222],"class_list":{"0":"post-209111","1":"product","2":"type-product","3":"status-publish","4":"has-post-thumbnail","6":"pwb-brand-wilson","7":"product_cat-accesorios-de-padel","8":"product_cat-complementos-wilson","9":"product_cat-munequeras","10":"product_tag-azul","11":"product_tag-blanco","12":"product_tag-marino","13":"product_tag-munequeras","14":"product_tag-terry","15":"product_tag-wide","16":"product_tag-wilson","18":"first","19":"outofstock","20":"sale","21":"taxable","22":"shipping-taxable","23":"purchasable","24":"product-type-simple"},"brands":[{"id":37,"name":"Wilson","slug":"wilson"}],"_links":{"self":[{"href":"https:\/\/tiendapadel5.com\/en\/wp-json\/wp\/v2\/product\/209111","targetHints":{"allow":["GET"]}}],"collection":[{"href":"https:\/\/tiendapadel5.com\/en\/wp-json\/wp\/v2\/product"}],"about":[{"href":"https:\/\/tiendapadel5.com\/en\/wp-json\/wp\/v2\/types\/product"}],"replies":[{"embeddable":true,"href":"https:\/\/tiendapadel5.com\/en\/wp-json\/wp\/v2\/comments?post=209111"}],"version-history":[{"count":1,"href":"https:\/\/tiendapadel5.com\/en\/wp-json\/wp\/v2\/product\/209111\/revisions"}],"predecessor-version":[{"id":260266,"href":"https:\/\/tiendapadel5.com\/en\/wp-json\/wp\/v2\/product\/209111\/revisions\/260266"}],"wp:featuredmedia":[{"embeddable":true,"href":"https:\/\/tiendapadel5.com\/en\/wp-json\/wp\/v2\/media\/209112"}],"wp:attachment":[{"href":"https:\/\/tiendapadel5.com\/en\/wp-json\/wp\/v2\/media?parent=209111"}],"wp:term":[{"taxonomy":"pwb-brand","embeddable":true,"href":"https:\/\/tiendapadel5.com\/en\/wp-json\/wp\/v2\/pwb-brand?post=209111"},{"taxonomy":"product_brand","embeddable":true,"href":"https:\/\/tiendapadel5.com\/en\/wp-json\/wp\/v2\/product_brand?post=209111"},{"taxonomy":"product_cat","embeddable":true,"href":"https:\/\/tiendapadel5.com\/en\/wp-json\/wp\/v2\/product_cat?post=209111"},{"taxonomy":"product_tag","embeddable":true,"href":"https:\/\/tiendapadel5.com\/en\/wp-json\/wp\/v2\/product_tag?post=209111"}],"curies":[{"name":"wp","href":"https:\/\/api.w.org\/{rel}","templated":true}]}}