{"id":201933,"date":"2025-04-10T15:48:11","date_gmt":"2025-04-10T14:48:11","guid":{"rendered":"https:\/\/tiendapadel5.com\/?post_type=product&#038;p=201933"},"modified":"2026-04-10T09:57:18","modified_gmt":"2026-04-10T07:57:18","slug":"gorra-bullpadel-bpg255-negro","status":"publish","type":"product","link":"https:\/\/tiendapadel5.com\/en\/gorra-bullpadel-bpg255-negro\/","title":{"rendered":"Gorra Bullpadel BPG255 Negro"},"content":{"rendered":"<h2>Gorra Bullpadel BPG255 Negro<\/h2>\n<p><strong>Caracter\u00edsticas:<\/strong><\/p>\n<p><strong>Color:<\/strong> Negro<\/p>\n","protected":false},"excerpt":{"rendered":"<p>La Gorra Bullpadel BPG255 Negro, es un dise\u00f1o perfecto para todos aquellos jugadores de p\u00e1del que buscan una combinaci\u00f3n ideal entre protecci\u00f3n, comodidad y estilo.<\/p>\n","protected":false},"featured_media":201950,"comment_status":"open","ping_status":"closed","template":"","meta":{"_joinchat":[]},"pwb-brand":[31],"product_brand":[],"product_cat":[23,420],"product_tag":[10997,319,396,669],"class_list":{"0":"post-201933","1":"product","2":"type-product","3":"status-publish","4":"has-post-thumbnail","6":"pwb-brand-bullpadel","7":"product_cat-accesorios-de-padel","8":"product_cat-complementos-bullpadel","9":"product_tag-bpg255","10":"product_tag-bullpadel","11":"product_tag-gorra","12":"product_tag-negro","14":"first","15":"instock","16":"sale","17":"taxable","18":"shipping-taxable","19":"purchasable","20":"product-type-simple"},"brands":[{"id":31,"name":"Bullpadel","slug":"bullpadel"}],"_links":{"self":[{"href":"https:\/\/tiendapadel5.com\/en\/wp-json\/wp\/v2\/product\/201933","targetHints":{"allow":["GET"]}}],"collection":[{"href":"https:\/\/tiendapadel5.com\/en\/wp-json\/wp\/v2\/product"}],"about":[{"href":"https:\/\/tiendapadel5.com\/en\/wp-json\/wp\/v2\/types\/product"}],"replies":[{"embeddable":true,"href":"https:\/\/tiendapadel5.com\/en\/wp-json\/wp\/v2\/comments?post=201933"}],"version-history":[{"count":0,"href":"https:\/\/tiendapadel5.com\/en\/wp-json\/wp\/v2\/product\/201933\/revisions"}],"wp:featuredmedia":[{"embeddable":true,"href":"https:\/\/tiendapadel5.com\/en\/wp-json\/wp\/v2\/media\/201950"}],"wp:attachment":[{"href":"https:\/\/tiendapadel5.com\/en\/wp-json\/wp\/v2\/media?parent=201933"}],"wp:term":[{"taxonomy":"pwb-brand","embeddable":true,"href":"https:\/\/tiendapadel5.com\/en\/wp-json\/wp\/v2\/pwb-brand?post=201933"},{"taxonomy":"product_brand","embeddable":true,"href":"https:\/\/tiendapadel5.com\/en\/wp-json\/wp\/v2\/product_brand?post=201933"},{"taxonomy":"product_cat","embeddable":true,"href":"https:\/\/tiendapadel5.com\/en\/wp-json\/wp\/v2\/product_cat?post=201933"},{"taxonomy":"product_tag","embeddable":true,"href":"https:\/\/tiendapadel5.com\/en\/wp-json\/wp\/v2\/product_tag?post=201933"}],"curies":[{"name":"wp","href":"https:\/\/api.w.org\/{rel}","templated":true}]}}