{"id":197563,"date":"2025-03-18T15:42:03","date_gmt":"2025-03-18T14:42:03","guid":{"rendered":"https:\/\/tiendapadel5.com\/?post_type=product&#038;p=197563"},"modified":"2025-08-14T12:10:14","modified_gmt":"2025-08-14T11:10:14","slug":"camiseta-munich-masters-blanco-lima","status":"publish","type":"product","link":"https:\/\/tiendapadel5.com\/en\/camiseta-munich-masters-blanco-lima\/","title":{"rendered":"Camiseta Munich Masters Blanco\/Lima"},"content":{"rendered":"<h2>Camiseta Munich Masters Blanco\/Lima<\/h2>\n<p><strong>Caracter\u00edsticas:<\/strong><\/p>\n<p><strong>Materiales:<\/strong> Poliester y Elastano<\/p>\n<p><strong>Color:\u00a0<\/strong>Blanco y Lima<\/p>\n","protected":false},"excerpt":{"rendered":"<p>La Camiseta Munich Masters Blanco\/Lima, es una t\u00e9cnica fabricada en poliester y elastano que a\u00f1ade un gran ajuste, transpiraci\u00f3n y secado rapido.<\/p>\n","protected":false},"featured_media":197573,"comment_status":"open","ping_status":"closed","template":"","meta":{"_joinchat":[]},"pwb-brand":[477],"product_brand":[],"product_cat":[21,87,1228,46],"product_tag":[405,83,675,10747,856],"class_list":{"0":"post-197563","1":"product","2":"type-product","3":"status-publish","4":"has-post-thumbnail","6":"pwb-brand-munich","7":"product_cat-ropa-padel","8":"product_cat-camisetas","9":"product_cat-ropa-munich","10":"product_cat-hombre","11":"product_tag-blanco","12":"product_tag-camiseta","13":"product_tag-lima","14":"product_tag-masters","15":"product_tag-munich","16":"pa_talla-l","17":"pa_talla-m","18":"pa_talla-s","19":"pa_talla-xl","21":"first","22":"instock","23":"sale","24":"taxable","25":"shipping-taxable","26":"purchasable","27":"product-type-variable"},"brands":[{"id":477,"name":"Munich","slug":"munich"}],"_links":{"self":[{"href":"https:\/\/tiendapadel5.com\/en\/wp-json\/wp\/v2\/product\/197563","targetHints":{"allow":["GET"]}}],"collection":[{"href":"https:\/\/tiendapadel5.com\/en\/wp-json\/wp\/v2\/product"}],"about":[{"href":"https:\/\/tiendapadel5.com\/en\/wp-json\/wp\/v2\/types\/product"}],"replies":[{"embeddable":true,"href":"https:\/\/tiendapadel5.com\/en\/wp-json\/wp\/v2\/comments?post=197563"}],"version-history":[{"count":0,"href":"https:\/\/tiendapadel5.com\/en\/wp-json\/wp\/v2\/product\/197563\/revisions"}],"wp:featuredmedia":[{"embeddable":true,"href":"https:\/\/tiendapadel5.com\/en\/wp-json\/wp\/v2\/media\/197573"}],"wp:attachment":[{"href":"https:\/\/tiendapadel5.com\/en\/wp-json\/wp\/v2\/media?parent=197563"}],"wp:term":[{"taxonomy":"pwb-brand","embeddable":true,"href":"https:\/\/tiendapadel5.com\/en\/wp-json\/wp\/v2\/pwb-brand?post=197563"},{"taxonomy":"product_brand","embeddable":true,"href":"https:\/\/tiendapadel5.com\/en\/wp-json\/wp\/v2\/product_brand?post=197563"},{"taxonomy":"product_cat","embeddable":true,"href":"https:\/\/tiendapadel5.com\/en\/wp-json\/wp\/v2\/product_cat?post=197563"},{"taxonomy":"product_tag","embeddable":true,"href":"https:\/\/tiendapadel5.com\/en\/wp-json\/wp\/v2\/product_tag?post=197563"}],"curies":[{"name":"wp","href":"https:\/\/api.w.org\/{rel}","templated":true}]}}