{"id":189961,"date":"2025-01-26T13:21:37","date_gmt":"2025-01-26T12:21:37","guid":{"rendered":"https:\/\/tiendapadel5.com\/?post_type=product&#038;p=189961"},"modified":"2026-01-10T21:51:34","modified_gmt":"2026-01-10T20:51:34","slug":"camiseta-head-club-original-negra-2025","status":"publish","type":"product","link":"https:\/\/tiendapadel5.com\/en\/camiseta-head-club-original-negra-2025\/","title":{"rendered":"Camiseta Head Club Original Negra 2025"},"content":{"rendered":"<h2>Camiseta Head Club Original Negra 2025<\/h2>\n<p><strong>Caracter\u00edsticas:<\/strong><\/p>\n<p class=\" detalle-atributos__tabla\"><strong>Longitud Cremallera:<\/strong> Sin Cremallera<\/p>\n<p class=\" detalle-atributos__tabla\"><strong>Tipo de Manga:<\/strong> Manga Corta<\/p>\n<p class=\" detalle-atributos__tabla\"><strong>Color:<\/strong> Negra<\/p>\n","protected":false},"excerpt":{"rendered":"<p>La Camiseta Head Club Original Negra 2025, fabricada con una mezcla t\u00e9cnica de algod\u00f3n, poli\u00e9ster y elastano, para obtener una mayor absorci\u00f3n, una mayor comodidad y un toque de elasticidad.<\/p>\n","protected":false},"featured_media":189970,"comment_status":"open","ping_status":"closed","template":"","meta":{"_joinchat":[]},"pwb-brand":[33],"product_brand":[],"product_cat":[21,87,449,46],"product_tag":[9781,83,393,160,680,4278],"class_list":{"0":"post-189961","1":"product","2":"type-product","3":"status-publish","4":"has-post-thumbnail","6":"pwb-brand-head","7":"product_cat-ropa-padel","8":"product_cat-camisetas","9":"product_cat-ropa-head","10":"product_cat-hombre","11":"product_tag-9781","12":"product_tag-camiseta","13":"product_tag-club","14":"product_tag-head","15":"product_tag-negra","16":"product_tag-original","17":"pa_talla-l","18":"pa_talla-m","19":"pa_talla-s","20":"pa_talla-xl","22":"first","23":"instock","24":"sale","25":"taxable","26":"shipping-taxable","27":"purchasable","28":"product-type-variable"},"brands":[{"id":33,"name":"Head","slug":"head"}],"_links":{"self":[{"href":"https:\/\/tiendapadel5.com\/en\/wp-json\/wp\/v2\/product\/189961","targetHints":{"allow":["GET"]}}],"collection":[{"href":"https:\/\/tiendapadel5.com\/en\/wp-json\/wp\/v2\/product"}],"about":[{"href":"https:\/\/tiendapadel5.com\/en\/wp-json\/wp\/v2\/types\/product"}],"replies":[{"embeddable":true,"href":"https:\/\/tiendapadel5.com\/en\/wp-json\/wp\/v2\/comments?post=189961"}],"version-history":[{"count":0,"href":"https:\/\/tiendapadel5.com\/en\/wp-json\/wp\/v2\/product\/189961\/revisions"}],"wp:featuredmedia":[{"embeddable":true,"href":"https:\/\/tiendapadel5.com\/en\/wp-json\/wp\/v2\/media\/189970"}],"wp:attachment":[{"href":"https:\/\/tiendapadel5.com\/en\/wp-json\/wp\/v2\/media?parent=189961"}],"wp:term":[{"taxonomy":"pwb-brand","embeddable":true,"href":"https:\/\/tiendapadel5.com\/en\/wp-json\/wp\/v2\/pwb-brand?post=189961"},{"taxonomy":"product_brand","embeddable":true,"href":"https:\/\/tiendapadel5.com\/en\/wp-json\/wp\/v2\/product_brand?post=189961"},{"taxonomy":"product_cat","embeddable":true,"href":"https:\/\/tiendapadel5.com\/en\/wp-json\/wp\/v2\/product_cat?post=189961"},{"taxonomy":"product_tag","embeddable":true,"href":"https:\/\/tiendapadel5.com\/en\/wp-json\/wp\/v2\/product_tag?post=189961"}],"curies":[{"name":"wp","href":"https:\/\/api.w.org\/{rel}","templated":true}]}}